{"id":88503,"date":"2017-05-19T14:25:07","date_gmt":"2017-05-19T12:25:07","guid":{"rendered":"https:\/\/dev.komlohotelgyula.hu\/sensolite-fenyterapia\/"},"modified":"2023-08-14T15:58:50","modified_gmt":"2023-08-14T13:58:50","slug":"sensolite-fenyterapia","status":"publish","type":"page","link":"https:\/\/komlohotelgyula.hu\/ro\/sensolite-fenyterapia\/","title":{"rendered":"SENSOLITE \u2013 TERAPIA CU LUMIN\u0102"},"content":{"rendered":"<p>[et_pb_section fb_built=&#8221;1&#8243; fullwidth=&#8221;on&#8221; admin_label=&#8221;Szakasz&#8221; _builder_version=&#8221;4.20.2&#8243; _module_preset=&#8221;default&#8221; custom_margin=&#8221;||||false|false&#8221; custom_padding=&#8221;||||false|false&#8221; top_divider_height=&#8221;49px&#8221; bottom_divider_style=&#8221;wave2&#8243; bottom_divider_color=&#8221;#383838&#8243; bottom_divider_height=&#8221;4.5em&#8221; saved_tabs=&#8221;all&#8221; locked=&#8221;off&#8221; global_colors_info=&#8221;{}&#8221;][et_pb_fullwidth_post_title meta=&#8221;off&#8221; featured_placement=&#8221;background&#8221; admin_label=&#8221;Teljes sz\u00e9less\u00e9g\u0171 bejegyz\u00e9s c\u00edm&#8221; _builder_version=&#8221;4.20.2&#8243; _module_preset=&#8221;default&#8221; title_font=&#8221;|||on|||||&#8221; title_text_align=&#8221;center&#8221; title_text_color=&#8221;#FFFFFF&#8221; title_font_size=&#8221;4em&#8221; title_letter_spacing=&#8221;0.1px&#8221; title_line_height=&#8221;1.2em&#8221; background_color=&#8221;rgba(84,84,84,0.54)&#8221; use_background_color_gradient=&#8221;on&#8221; background_color_gradient_stops=&#8221;#b5a166 0%|rgba(0,0,0,0.42) 40%&#8221; background_color_gradient_overlays_image=&#8221;on&#8221; background_color_gradient_start=&#8221;#5a9612&#8243; background_color_gradient_end=&#8221;rgba(0,0,0,0.42)&#8221; background_color_gradient_end_position=&#8221;40%&#8221; background_image=&#8221;https:\/\/komlohotelgyula.hu\/wp-content\/uploads\/komlo_gyula-szobak-2-scaled.jpg&#8221; min_height=&#8221;61vh&#8221; min_height_tablet=&#8221;&#8221; min_height_phone=&#8221;&#8221; min_height_last_edited=&#8221;on|desktop&#8221; custom_margin=&#8221;0px||||false|false&#8221; custom_padding=&#8221;33vh||8vh||false|false&#8221; filter_saturate=&#8221;133%&#8221; filter_brightness=&#8221;108%&#8221; filter_invert=&#8221;8%&#8221; filter_sepia=&#8221;7%&#8221; title_font_size_tablet=&#8221;2.5em&#8221; title_font_size_phone=&#8221;1.3em&#8221; title_font_size_last_edited=&#8221;on|desktop&#8221; title_letter_spacing_tablet=&#8221;&#8221; title_letter_spacing_phone=&#8221;2px&#8221; title_letter_spacing_last_edited=&#8221;on|phone&#8221; title_text_shadow_style=&#8221;preset5&#8243; title_text_shadow_blur_strength=&#8221;0.25em&#8221; title_text_shadow_color=&#8221;#000000&#8243; global_colors_info=&#8221;{}&#8221;][\/et_pb_fullwidth_post_title][\/et_pb_section][et_pb_section fb_built=&#8221;1&#8243; _builder_version=&#8221;4.20.2&#8243; _module_preset=&#8221;default&#8221; global_colors_info=&#8221;{}&#8221;][et_pb_row _builder_version=&#8221;4.20.2&#8243; _module_preset=&#8221;default&#8221; max_width=&#8221;100%&#8221; custom_margin=&#8221;||||false|false&#8221; custom_padding=&#8221;5px|||||&#8221; global_colors_info=&#8221;{}&#8221;][et_pb_column type=&#8221;4_4&#8243; _builder_version=&#8221;4.20.2&#8243; _module_preset=&#8221;default&#8221; global_colors_info=&#8221;{}&#8221;][et_pb_text content_tablet=&#8221;<\/p>\n<h2 style=%22text-align: center;%22><strong>Mi is a f\u00e9nyter\u00e1pia pontosan?<\/strong><\/h2>\n<p>&#8221; content_phone=&#8221;<\/p>\n<h2 style=%22text-align: center;%22><strong>Mi is a f\u00e9nyter\u00e1pia pontosan?<\/strong><\/h2>\n<p>&#8221; content_last_edited=&#8221;on|desktop&#8221; module_class=&#8221;belso_artdeco_keret&#8221; _builder_version=&#8221;4.21.2&#8243; _module_preset=&#8221;default&#8221; text_font=&#8221;|||on|||||&#8221; header_text_align=&#8221;left&#8221; header_2_font_size=&#8221;18px&#8221; width=&#8221;66%&#8221; width_tablet=&#8221;100%&#8221; width_phone=&#8221;100%&#8221; width_last_edited=&#8221;on|phone&#8221; max_width=&#8221;100%&#8221; module_alignment=&#8221;center&#8221; custom_margin=&#8221;||||false|false&#8221; hover_enabled=&#8221;0&#8243; global_colors_info=&#8221;{}&#8221; sticky_enabled=&#8221;0&#8243;]<\/p>\n<h2 style=\"text-align: center;\">Ce este mai exact terapia cu lumin\u0103?<\/h2>\n<p>[\/et_pb_text][et_pb_text module_class=&#8221;bg_blure&#8221; _builder_version=&#8221;4.21.2&#8243; _module_preset=&#8221;default&#8221; header_text_color=&#8221;#000000&#8243; header_3_font_size=&#8221;18px&#8221; background_color=&#8221;#383838&#8243; text_orientation=&#8221;justified&#8221; custom_padding=&#8221;2em|20px|2em|20px|false|false&#8221; hover_enabled=&#8221;0&#8243; border_radii=&#8221;on|24px|24px|24px|24px&#8221; border_width_all=&#8221;4px&#8221; border_color_all=&#8221;#4f4f4f&#8221; border_width_top=&#8221;1px&#8221; border_width_right=&#8221;14px&#8221; border_width_bottom=&#8221;14px&#8221; border_width_left=&#8221;1px&#8221; border_color_left=&#8221;#323334&#8243; box_shadow_style=&#8221;preset4&#8243; box_shadow_horizontal=&#8221;3px&#8221; box_shadow_vertical=&#8221;4px&#8221; box_shadow_color=&#8221;#B5A166&#8243; global_colors_info=&#8221;{}&#8221; sticky_enabled=&#8221;0&#8243;]<\/p>\n<p style=\"text-align: left;\"><strong>Terapia prin lumin\u0103 este un serviciu medical unic \u00een regiunea noastr\u0103 \u0219i care are la baz\u0103 un aparat medical, care poate fi folosit \u00een mai multe domenii medicale.<\/strong><\/p>\n<p style=\"text-align: left;\">Baza tehnologic\u0103 pentru emiterea luminii polarizate este o structur\u0103 de l\u0103mpi, care datorit\u0103 ad\u00e2ncimii de penetrare de 1 cm poate ajunge la s\u00e2ngele care circul\u0103 \u00een vasele capilare. Cu ajutorul patului terapeutic cu lumin\u0103 polarizat\u0103, care este adecvat pentru tratarea \u00eentregii suprafe\u021be corporale, se pot mobiliza for\u021bele naturale ale organismului responsabile de imunitate \u0219i mecanismele de ap\u0103rare. Ca urmare a terapiei, observ\u0103m c\u0103 \u00eencep s\u0103 func\u021bioneze procesele de auto-vindecare \u00een organism, permi\u021b\u00e2ndu-ne s\u0103 intervenim eficient \u00een fa\u021ba anumitor probleme de s\u0103n\u0103tate.<\/p>\n<p style=\"text-align: left;\">La \u00eenceputul anilor &#8217;80, fiziciana \u0219i cercet\u0103toarea M\u00e1rta Feny\u0151 \u0219i echipa sa au descoperit c\u0103 lumina polarizat\u0103 exercit\u0103 un efect de stimulare asupra fiec\u0103rui sistem biologic, stimul\u00e2nd capacit\u0103\u021bile de ap\u0103rare \u0219i auto-vindecare ale organismului. \u00cen cele din urm\u0103, tehnologia a pornit din Elve\u021bia pentru a cuceri lumea.<\/p>\n<p style=\"text-align: left;\">Variantele anterioare ale sistemului aveau efect asupra unor p\u0103r\u021bi specifice ale corpului (tratarea r\u0103nilor, leziunilor, problemelor pielii), iar pe baza studiilor, s-a constatat c\u0103 sistemul are un efect benefic asupra oxigen\u0103rii organismului \u0219i cre\u0219terii circula\u021biei s\u00e2ngelui.<\/p>\n<p style=\"text-align: left;\">Pe baza acestor rezultate \u0219i experien\u021be, a fost dezvoltat patul de lumin\u0103 polarizat\u0103 Sensolite, care ac\u021bioneaz\u0103 uniform asupra \u00eentregului corp. Efectul biologic de stimulare ajunge rapid la toate celulele \u0219i organele corpului (cum ar fi inima, ficatul, stomacul, splinele, rinichii, glandele endocrine, etc.) \u0219i le influen\u021beaz\u0103 pozitiv func\u021bionarea.<\/p>\n<p style=\"text-align: left;\">Aparatul de terapie cu lumin\u0103 polarizat\u0103 Sensolite are un aviz profesional \u0219i etic pozitiv din partea Ministerului S\u0103n\u0103t\u0103\u021bii (Comitetul \u0218tiin\u021bific \u0219i Etic al Consiliului \u0218tiin\u021bific \u0219i de Cercetare \u00een domeniul S\u0103n\u0103t\u0103\u021bii).<\/p>\n<p style=\"text-align: left;\">Sensolite este un dispozitiv medical \u00eenregistrat oficial \u00een Uniunea European\u0103. Eficien\u021ba procedurilor \u00een tratarea diferitelor boli nu se bazeaz\u0103 doar pe rezultatele experien\u021bei, ci \u0219i pe dovezi \u0219tiin\u021bifice dovedite \u0219i recunoscute cu certificat \u00een medicina tradi\u021bional\u0103.<\/p>\n<h4 style=\"text-align: left;\">Pentru mai multe informa\u021bii despre tratamente, v\u0103 rug\u0103m s\u0103 v\u0103 adresa\u021bi la recep\u021bie!<\/h4>\n<h3 style=\"text-align: left;\">\u00cen cadrul ofertei introductive, acum pute\u021bi beneficia de aceast\u0103 serviciu la pre\u021bul de 2.500 Ft \/ sesiune.<\/h3>\n<p>[\/et_pb_text][\/et_pb_column][\/et_pb_row][\/et_pb_section]<\/p>\n","protected":false},"excerpt":{"rendered":"<p>Ce este mai exact terapia cu lumin\u0103?Terapia prin lumin\u0103 este un serviciu medical unic \u00een regiunea noastr\u0103 \u0219i care are la baz\u0103 un aparat medical, care poate fi folosit \u00een mai multe domenii medicale. Baza tehnologic\u0103 pentru emiterea luminii polarizate este o structur\u0103 de l\u0103mpi, care datorit\u0103 ad\u00e2ncimii de penetrare de 1 cm poate ajunge [&hellip;]<\/p>\n","protected":false},"author":2,"featured_media":0,"parent":0,"menu_order":0,"comment_status":"closed","ping_status":"closed","template":"","meta":{"_et_pb_use_builder":"on","_et_pb_old_content":"","_et_gb_content_width":"","footnotes":""},"class_list":["post-88503","page","type-page","status-publish","hentry"],"yoast_head":"<!-- This site is optimized with the Yoast SEO Premium plugin v27.2 (Yoast SEO v27.2) - https:\/\/yoast.com\/product\/yoast-seo-premium-wordpress\/ -->\n<title>SENSOLITE \u2013 TERAPIA CU LUMIN\u0102 - Koml\u00f3 Hotel Gyula<\/title>\n<meta name=\"robots\" content=\"index, follow, max-snippet:-1, max-image-preview:large, max-video-preview:-1\" \/>\n<link rel=\"canonical\" href=\"https:\/\/komlohotelgyula.hu\/ro\/sensolite-fenyterapia\/\" \/>\n<meta property=\"og:locale\" content=\"ro_RO\" \/>\n<meta property=\"og:type\" content=\"article\" \/>\n<meta property=\"og:title\" content=\"Sensolite Gy\u00f3gy\u00edt\u00f3 f\u00e9nyek a Koml\u00f3ban\u2026\" \/>\n<meta property=\"og:description\" content=\"A r\u00e9gi\u00f3ban egyed\u00fcl\u00e1ll\u00f3 orvostechnikai eszk\u00f6z \u00e9rkezett a Koml\u00f3 Hotel szolg\u00e1ltat\u00e1sai k\u00f6z\u00e9 - nem csak sz\u00e1ll\u00f3vend\u00e9geinknek! Allergia, f\u00e1rad\u00e9konys\u00e1g, stressz, b\u0151rprobl\u00e9m\u00e1k - \u00e9s m\u00e9g sz\u00e1mtalan dolog bizony\u00edtott kezel\u00e9s\u00e9re. Kattintson!\" \/>\n<meta property=\"og:url\" content=\"https:\/\/komlohotelgyula.hu\/ro\/sensolite-fenyterapia\/\" \/>\n<meta property=\"og:site_name\" content=\"Koml\u00f3 Hotel Gyula\" \/>\n<meta property=\"article:publisher\" content=\"https:\/\/www.facebook.com\/KomloHotelGyula\/\" \/>\n<meta property=\"article:modified_time\" content=\"2023-08-14T13:58:50+00:00\" \/>\n<meta name=\"twitter:card\" content=\"summary_large_image\" \/>\n<meta name=\"twitter:title\" content=\"SENSOLITE \u2013 TERAPIA CU LUMIN\u0102\" \/>\n<meta name=\"twitter:label1\" content=\"Timp estimat pentru citire\" \/>\n\t<meta name=\"twitter:data1\" content=\"3 minute\" \/>\n<script type=\"application\/ld+json\" class=\"yoast-schema-graph\">{\"@context\":\"https:\/\/schema.org\",\"@graph\":[{\"@type\":\"WebPage\",\"@id\":\"https:\/\/komlohotelgyula.hu\/ro\/sensolite-fenyterapia\/\",\"url\":\"https:\/\/komlohotelgyula.hu\/ro\/sensolite-fenyterapia\/\",\"name\":\"SENSOLITE \u2013 TERAPIA CU LUMIN\u0102 - Koml\u00f3 Hotel Gyula\",\"isPartOf\":{\"@id\":\"https:\/\/komlohotelgyula.hu\/#website\"},\"datePublished\":\"2017-05-19T12:25:07+00:00\",\"dateModified\":\"2023-08-14T13:58:50+00:00\",\"breadcrumb\":{\"@id\":\"https:\/\/komlohotelgyula.hu\/ro\/sensolite-fenyterapia\/#breadcrumb\"},\"inLanguage\":\"ro-RO\",\"potentialAction\":[{\"@type\":\"ReadAction\",\"target\":[\"https:\/\/komlohotelgyula.hu\/ro\/sensolite-fenyterapia\/\"]}]},{\"@type\":\"BreadcrumbList\",\"@id\":\"https:\/\/komlohotelgyula.hu\/ro\/sensolite-fenyterapia\/#breadcrumb\",\"itemListElement\":[{\"@type\":\"ListItem\",\"position\":1,\"name\":\"Home\",\"item\":\"https:\/\/komlohotelgyula.hu\/ro\/\"},{\"@type\":\"ListItem\",\"position\":2,\"name\":\"SENSOLITE \u2013 TERAPIA CU LUMIN\u0102\"}]},{\"@type\":\"WebSite\",\"@id\":\"https:\/\/komlohotelgyula.hu\/#website\",\"url\":\"https:\/\/komlohotelgyula.hu\/\",\"name\":\"Koml\u00f3 Hotel Gyula\",\"description\":\"\",\"potentialAction\":[{\"@type\":\"SearchAction\",\"target\":{\"@type\":\"EntryPoint\",\"urlTemplate\":\"https:\/\/komlohotelgyula.hu\/?s={search_term_string}\"},\"query-input\":{\"@type\":\"PropertyValueSpecification\",\"valueRequired\":true,\"valueName\":\"search_term_string\"}}],\"inLanguage\":\"ro-RO\"}]}<\/script>\n<!-- \/ Yoast SEO Premium plugin. -->","yoast_head_json":{"title":"SENSOLITE \u2013 TERAPIA CU LUMIN\u0102 - Koml\u00f3 Hotel Gyula","robots":{"index":"index","follow":"follow","max-snippet":"max-snippet:-1","max-image-preview":"max-image-preview:large","max-video-preview":"max-video-preview:-1"},"canonical":"https:\/\/komlohotelgyula.hu\/ro\/sensolite-fenyterapia\/","og_locale":"ro_RO","og_type":"article","og_title":"Sensolite Gy\u00f3gy\u00edt\u00f3 f\u00e9nyek a Koml\u00f3ban\u2026","og_description":"A r\u00e9gi\u00f3ban egyed\u00fcl\u00e1ll\u00f3 orvostechnikai eszk\u00f6z \u00e9rkezett a Koml\u00f3 Hotel szolg\u00e1ltat\u00e1sai k\u00f6z\u00e9 - nem csak sz\u00e1ll\u00f3vend\u00e9geinknek! Allergia, f\u00e1rad\u00e9konys\u00e1g, stressz, b\u0151rprobl\u00e9m\u00e1k - \u00e9s m\u00e9g sz\u00e1mtalan dolog bizony\u00edtott kezel\u00e9s\u00e9re. Kattintson!","og_url":"https:\/\/komlohotelgyula.hu\/ro\/sensolite-fenyterapia\/","og_site_name":"Koml\u00f3 Hotel Gyula","article_publisher":"https:\/\/www.facebook.com\/KomloHotelGyula\/","article_modified_time":"2023-08-14T13:58:50+00:00","twitter_card":"summary_large_image","twitter_title":"SENSOLITE \u2013 TERAPIA CU LUMIN\u0102","twitter_misc":{"Timp estimat pentru citire":"3 minute"},"schema":{"@context":"https:\/\/schema.org","@graph":[{"@type":"WebPage","@id":"https:\/\/komlohotelgyula.hu\/ro\/sensolite-fenyterapia\/","url":"https:\/\/komlohotelgyula.hu\/ro\/sensolite-fenyterapia\/","name":"SENSOLITE \u2013 TERAPIA CU LUMIN\u0102 - Koml\u00f3 Hotel Gyula","isPartOf":{"@id":"https:\/\/komlohotelgyula.hu\/#website"},"datePublished":"2017-05-19T12:25:07+00:00","dateModified":"2023-08-14T13:58:50+00:00","breadcrumb":{"@id":"https:\/\/komlohotelgyula.hu\/ro\/sensolite-fenyterapia\/#breadcrumb"},"inLanguage":"ro-RO","potentialAction":[{"@type":"ReadAction","target":["https:\/\/komlohotelgyula.hu\/ro\/sensolite-fenyterapia\/"]}]},{"@type":"BreadcrumbList","@id":"https:\/\/komlohotelgyula.hu\/ro\/sensolite-fenyterapia\/#breadcrumb","itemListElement":[{"@type":"ListItem","position":1,"name":"Home","item":"https:\/\/komlohotelgyula.hu\/ro\/"},{"@type":"ListItem","position":2,"name":"SENSOLITE \u2013 TERAPIA CU LUMIN\u0102"}]},{"@type":"WebSite","@id":"https:\/\/komlohotelgyula.hu\/#website","url":"https:\/\/komlohotelgyula.hu\/","name":"Koml\u00f3 Hotel Gyula","description":"","potentialAction":[{"@type":"SearchAction","target":{"@type":"EntryPoint","urlTemplate":"https:\/\/komlohotelgyula.hu\/?s={search_term_string}"},"query-input":{"@type":"PropertyValueSpecification","valueRequired":true,"valueName":"search_term_string"}}],"inLanguage":"ro-RO"}]}},"_links":{"self":[{"href":"https:\/\/komlohotelgyula.hu\/ro\/wp-json\/wp\/v2\/pages\/88503","targetHints":{"allow":["GET"]}}],"collection":[{"href":"https:\/\/komlohotelgyula.hu\/ro\/wp-json\/wp\/v2\/pages"}],"about":[{"href":"https:\/\/komlohotelgyula.hu\/ro\/wp-json\/wp\/v2\/types\/page"}],"author":[{"embeddable":true,"href":"https:\/\/komlohotelgyula.hu\/ro\/wp-json\/wp\/v2\/users\/2"}],"replies":[{"embeddable":true,"href":"https:\/\/komlohotelgyula.hu\/ro\/wp-json\/wp\/v2\/comments?post=88503"}],"version-history":[{"count":0,"href":"https:\/\/komlohotelgyula.hu\/ro\/wp-json\/wp\/v2\/pages\/88503\/revisions"}],"wp:attachment":[{"href":"https:\/\/komlohotelgyula.hu\/ro\/wp-json\/wp\/v2\/media?parent=88503"}],"curies":[{"name":"wp","href":"https:\/\/api.w.org\/{rel}","templated":true}]}}