{"id":88415,"date":"2017-04-12T15:00:25","date_gmt":"2017-04-12T13:00:25","guid":{"rendered":"https:\/\/dev.komlohotelgyula.hu\/szolgaltatasok\/"},"modified":"2023-08-10T09:00:47","modified_gmt":"2023-08-10T07:00:47","slug":"szolgaltatasok","status":"publish","type":"page","link":"https:\/\/komlohotelgyula.hu\/ro\/szolgaltatasok\/","title":{"rendered":"SERVICII"},"content":{"rendered":"<p>[et_pb_section fb_built=&#8221;1&#8243; _builder_version=&#8221;4.20.2&#8243; _module_preset=&#8221;default&#8221; background_enable_color=&#8221;off&#8221; background_image=&#8221;https:\/\/komlohotelgyula.hu\/wp-content\/uploads\/komlo-hotel-szolgaltatasok.jpg&#8221; parallax=&#8221;on&#8221; background_enable_pattern_style=&#8221;on&#8221; background_pattern_style=&#8221;triangles&#8221; background_pattern_horizontal_offset=&#8221;-1%&#8221; background_pattern_blend_mode=&#8221;soft-light&#8221; background_enable_mask_style=&#8221;on&#8221; background_mask_style=&#8221;caret&#8221; background_mask_color=&#8221;#383838&#8243; background_mask_transform=&#8221;flip_vertical|invert&#8221; global_colors_info=&#8221;{}&#8221;][et_pb_row _builder_version=&#8221;4.20.2&#8243; _module_preset=&#8221;default&#8221; global_colors_info=&#8221;{}&#8221;][et_pb_column type=&#8221;4_4&#8243; _builder_version=&#8221;4.20.2&#8243; _module_preset=&#8221;default&#8221; global_colors_info=&#8221;{}&#8221;][et_pb_divider show_divider=&#8221;off&#8221; _builder_version=&#8221;4.20.2&#8243; _module_preset=&#8221;default&#8221; custom_padding=&#8221;||60px|||&#8221; global_colors_info=&#8221;{}&#8221;][\/et_pb_divider][\/et_pb_column][\/et_pb_row][et_pb_row _builder_version=&#8221;4.20.2&#8243; _module_preset=&#8221;default&#8221; width=&#8221;16%&#8221; width_tablet=&#8221;50%&#8221; width_phone=&#8221;80%&#8221; width_last_edited=&#8221;on|phone&#8221; custom_margin=&#8221;||||false|false&#8221; custom_padding=&#8221;||||false|false&#8221; global_colors_info=&#8221;{}&#8221;][et_pb_column type=&#8221;4_4&#8243; _builder_version=&#8221;4.20.2&#8243; _module_preset=&#8221;default&#8221; global_colors_info=&#8221;{}&#8221;][et_pb_text module_class=&#8221;belso_artdeco_keret&#8221; _builder_version=&#8221;4.21.2&#8243; _module_preset=&#8221;default&#8221; text_font=&#8221;|||on|||||&#8221; header_2_font_size=&#8221;1.3vw&#8221; hover_enabled=&#8221;0&#8243; header_2_font_size_tablet=&#8221;3vw&#8221; header_2_font_size_phone=&#8221;5vw&#8221; header_2_font_size_last_edited=&#8221;on|phone&#8221; global_colors_info=&#8221;{}&#8221; sticky_enabled=&#8221;0&#8243;]<\/p>\n<h2 style=\"text-align: center;\">SERVICII<\/h2>\n<p>[\/et_pb_text][\/et_pb_column][\/et_pb_row][et_pb_row _builder_version=&#8221;4.20.2&#8243; _module_preset=&#8221;default&#8221; global_colors_info=&#8221;{}&#8221;][et_pb_column type=&#8221;4_4&#8243; _builder_version=&#8221;4.20.2&#8243; _module_preset=&#8221;default&#8221; global_colors_info=&#8221;{}&#8221;][et_pb_blog fullwidth=&#8221;off&#8221; include_categories=&#8221;77&#8243; excerpt_length=&#8221;100&#8243; show_author=&#8221;off&#8221; show_date=&#8221;off&#8221; show_categories=&#8221;off&#8221; module_class=&#8221;blog_megjelenites_zoom&#8221; _builder_version=&#8221;4.21.0&#8243; _module_preset=&#8221;default&#8221; header_font=&#8221;||||||||&#8221; header_text_align=&#8221;center&#8221; header_font_size=&#8221;0.8em&#8221; body_text_align=&#8221;left&#8221; text_orientation=&#8221;justified&#8221; header_font_size_tablet=&#8221;1em&#8221; header_font_size_phone=&#8221;0.8em&#8221; header_font_size_last_edited=&#8221;on|phone&#8221; border_radii=&#8221;off|40px||40px|&#8221; border_width_all=&#8221;3px&#8221; border_color_all=&#8221;#B5A268&#8243; border_width_right=&#8221;0px&#8221; border_width_bottom=&#8221;0px&#8221; box_shadow_style=&#8221;preset2&#8243; box_shadow_horizontal=&#8221;14px&#8221; box_shadow_vertical=&#8221;14px&#8221; box_shadow_style_image=&#8221;preset6&#8243; global_colors_info=&#8221;{}&#8221;][\/et_pb_blog][\/et_pb_column][\/et_pb_row][\/et_pb_section]<\/p>\n","protected":false},"excerpt":{"rendered":"<p>SERVICII<\/p>\n","protected":false},"author":2,"featured_media":0,"parent":0,"menu_order":0,"comment_status":"closed","ping_status":"closed","template":"","meta":{"_et_pb_use_builder":"on","_et_pb_old_content":"","_et_gb_content_width":"","footnotes":""},"class_list":["post-88415","page","type-page","status-publish","hentry"],"yoast_head":"<!-- This site is optimized with the Yoast SEO Premium plugin v27.2 (Yoast SEO v27.2) - https:\/\/yoast.com\/product\/yoast-seo-premium-wordpress\/ -->\n<title>Szolg\u00e1ltat\u00e1sok, Wellness | Hotel Koml\u00f3 Gyula ****<\/title>\n<meta name=\"description\" content=\"Tekintse meg a Hotel Koml\u00f3 Gyula **** sz\u00e1lloda szolg\u00e1ltat\u00e1sait. Darts, Airwheel, ker\u00e9kp\u00e1roz\u00e1s, s\u00e9takocsik\u00e1z\u00e1s, \u00e9s m\u00e9g sok m\u00e1s izgalmas szolg\u00e1ltat\u00e1s v\u00e1rja.\" \/>\n<meta name=\"robots\" content=\"index, follow, max-snippet:-1, max-image-preview:large, max-video-preview:-1\" \/>\n<link rel=\"canonical\" href=\"https:\/\/komlohotelgyula.hu\/ro\/szolgaltatasok\/\" \/>\n<meta property=\"og:locale\" content=\"ro_RO\" \/>\n<meta property=\"og:type\" content=\"article\" \/>\n<meta property=\"og:title\" content=\"Koml\u00f3 Hotel Gyula**** - A var\u00e1zslat!\" \/>\n<meta property=\"og:description\" content=\"Sz\u00e1llod\u00e1nk ig\u00e9nyes szolg\u00e1ltat\u00e1sai k\u00f6z\u00f6tt mindent megtal\u00e1l - olyat is, amir\u0151l nem is \u00e1lmodott volna!\" \/>\n<meta property=\"og:url\" content=\"https:\/\/komlohotelgyula.hu\/ro\/szolgaltatasok\/\" \/>\n<meta property=\"og:site_name\" content=\"Koml\u00f3 Hotel Gyula\" \/>\n<meta property=\"article:publisher\" content=\"https:\/\/www.facebook.com\/KomloHotelGyula\/\" \/>\n<meta property=\"article:modified_time\" content=\"2023-08-10T07:00:47+00:00\" \/>\n<meta name=\"twitter:card\" content=\"summary_large_image\" \/>\n<meta name=\"twitter:title\" content=\"SERVICII\" \/>\n<meta name=\"twitter:label1\" content=\"Timp estimat pentru citire\" \/>\n\t<meta name=\"twitter:data1\" content=\"1 minut\" \/>\n<script type=\"application\/ld+json\" class=\"yoast-schema-graph\">{\"@context\":\"https:\/\/schema.org\",\"@graph\":[{\"@type\":\"WebPage\",\"@id\":\"https:\/\/komlohotelgyula.hu\/ro\/szolgaltatasok\/\",\"url\":\"https:\/\/komlohotelgyula.hu\/ro\/szolgaltatasok\/\",\"name\":\"Szolg\u00e1ltat\u00e1sok, Wellness | Hotel Koml\u00f3 Gyula ****\",\"isPartOf\":{\"@id\":\"https:\/\/komlohotelgyula.hu\/#website\"},\"datePublished\":\"2017-04-12T13:00:25+00:00\",\"dateModified\":\"2023-08-10T07:00:47+00:00\",\"description\":\"Tekintse meg a Hotel Koml\u00f3 Gyula **** sz\u00e1lloda szolg\u00e1ltat\u00e1sait. Darts, Airwheel, ker\u00e9kp\u00e1roz\u00e1s, s\u00e9takocsik\u00e1z\u00e1s, \u00e9s m\u00e9g sok m\u00e1s izgalmas szolg\u00e1ltat\u00e1s v\u00e1rja.\",\"breadcrumb\":{\"@id\":\"https:\/\/komlohotelgyula.hu\/ro\/szolgaltatasok\/#breadcrumb\"},\"inLanguage\":\"ro-RO\",\"potentialAction\":[{\"@type\":\"ReadAction\",\"target\":[\"https:\/\/komlohotelgyula.hu\/ro\/szolgaltatasok\/\"]}]},{\"@type\":\"BreadcrumbList\",\"@id\":\"https:\/\/komlohotelgyula.hu\/ro\/szolgaltatasok\/#breadcrumb\",\"itemListElement\":[{\"@type\":\"ListItem\",\"position\":1,\"name\":\"Home\",\"item\":\"https:\/\/komlohotelgyula.hu\/ro\/\"},{\"@type\":\"ListItem\",\"position\":2,\"name\":\"SERVICII\"}]},{\"@type\":\"WebSite\",\"@id\":\"https:\/\/komlohotelgyula.hu\/#website\",\"url\":\"https:\/\/komlohotelgyula.hu\/\",\"name\":\"Koml\u00f3 Hotel Gyula\",\"description\":\"\",\"potentialAction\":[{\"@type\":\"SearchAction\",\"target\":{\"@type\":\"EntryPoint\",\"urlTemplate\":\"https:\/\/komlohotelgyula.hu\/?s={search_term_string}\"},\"query-input\":{\"@type\":\"PropertyValueSpecification\",\"valueRequired\":true,\"valueName\":\"search_term_string\"}}],\"inLanguage\":\"ro-RO\"}]}<\/script>\n<!-- \/ Yoast SEO Premium plugin. -->","yoast_head_json":{"title":"Szolg\u00e1ltat\u00e1sok, Wellness | Hotel Koml\u00f3 Gyula ****","description":"Tekintse meg a Hotel Koml\u00f3 Gyula **** sz\u00e1lloda szolg\u00e1ltat\u00e1sait. Darts, Airwheel, ker\u00e9kp\u00e1roz\u00e1s, s\u00e9takocsik\u00e1z\u00e1s, \u00e9s m\u00e9g sok m\u00e1s izgalmas szolg\u00e1ltat\u00e1s v\u00e1rja.","robots":{"index":"index","follow":"follow","max-snippet":"max-snippet:-1","max-image-preview":"max-image-preview:large","max-video-preview":"max-video-preview:-1"},"canonical":"https:\/\/komlohotelgyula.hu\/ro\/szolgaltatasok\/","og_locale":"ro_RO","og_type":"article","og_title":"Koml\u00f3 Hotel Gyula**** - A var\u00e1zslat!","og_description":"Sz\u00e1llod\u00e1nk ig\u00e9nyes szolg\u00e1ltat\u00e1sai k\u00f6z\u00f6tt mindent megtal\u00e1l - olyat is, amir\u0151l nem is \u00e1lmodott volna!","og_url":"https:\/\/komlohotelgyula.hu\/ro\/szolgaltatasok\/","og_site_name":"Koml\u00f3 Hotel Gyula","article_publisher":"https:\/\/www.facebook.com\/KomloHotelGyula\/","article_modified_time":"2023-08-10T07:00:47+00:00","twitter_card":"summary_large_image","twitter_title":"SERVICII","twitter_misc":{"Timp estimat pentru citire":"1 minut"},"schema":{"@context":"https:\/\/schema.org","@graph":[{"@type":"WebPage","@id":"https:\/\/komlohotelgyula.hu\/ro\/szolgaltatasok\/","url":"https:\/\/komlohotelgyula.hu\/ro\/szolgaltatasok\/","name":"Szolg\u00e1ltat\u00e1sok, Wellness | Hotel Koml\u00f3 Gyula ****","isPartOf":{"@id":"https:\/\/komlohotelgyula.hu\/#website"},"datePublished":"2017-04-12T13:00:25+00:00","dateModified":"2023-08-10T07:00:47+00:00","description":"Tekintse meg a Hotel Koml\u00f3 Gyula **** sz\u00e1lloda szolg\u00e1ltat\u00e1sait. Darts, Airwheel, ker\u00e9kp\u00e1roz\u00e1s, s\u00e9takocsik\u00e1z\u00e1s, \u00e9s m\u00e9g sok m\u00e1s izgalmas szolg\u00e1ltat\u00e1s v\u00e1rja.","breadcrumb":{"@id":"https:\/\/komlohotelgyula.hu\/ro\/szolgaltatasok\/#breadcrumb"},"inLanguage":"ro-RO","potentialAction":[{"@type":"ReadAction","target":["https:\/\/komlohotelgyula.hu\/ro\/szolgaltatasok\/"]}]},{"@type":"BreadcrumbList","@id":"https:\/\/komlohotelgyula.hu\/ro\/szolgaltatasok\/#breadcrumb","itemListElement":[{"@type":"ListItem","position":1,"name":"Home","item":"https:\/\/komlohotelgyula.hu\/ro\/"},{"@type":"ListItem","position":2,"name":"SERVICII"}]},{"@type":"WebSite","@id":"https:\/\/komlohotelgyula.hu\/#website","url":"https:\/\/komlohotelgyula.hu\/","name":"Koml\u00f3 Hotel Gyula","description":"","potentialAction":[{"@type":"SearchAction","target":{"@type":"EntryPoint","urlTemplate":"https:\/\/komlohotelgyula.hu\/?s={search_term_string}"},"query-input":{"@type":"PropertyValueSpecification","valueRequired":true,"valueName":"search_term_string"}}],"inLanguage":"ro-RO"}]}},"_links":{"self":[{"href":"https:\/\/komlohotelgyula.hu\/ro\/wp-json\/wp\/v2\/pages\/88415","targetHints":{"allow":["GET"]}}],"collection":[{"href":"https:\/\/komlohotelgyula.hu\/ro\/wp-json\/wp\/v2\/pages"}],"about":[{"href":"https:\/\/komlohotelgyula.hu\/ro\/wp-json\/wp\/v2\/types\/page"}],"author":[{"embeddable":true,"href":"https:\/\/komlohotelgyula.hu\/ro\/wp-json\/wp\/v2\/users\/2"}],"replies":[{"embeddable":true,"href":"https:\/\/komlohotelgyula.hu\/ro\/wp-json\/wp\/v2\/comments?post=88415"}],"version-history":[{"count":0,"href":"https:\/\/komlohotelgyula.hu\/ro\/wp-json\/wp\/v2\/pages\/88415\/revisions"}],"wp:attachment":[{"href":"https:\/\/komlohotelgyula.hu\/ro\/wp-json\/wp\/v2\/media?parent=88415"}],"curies":[{"name":"wp","href":"https:\/\/api.w.org\/{rel}","templated":true}]}}