{"id":6557,"date":"2017-05-16T12:21:06","date_gmt":"2017-05-16T10:21:06","guid":{"rendered":"https:\/\/www.komlohotelgyula.hu\/?page_id=6557\/"},"modified":"2025-04-29T10:08:36","modified_gmt":"2025-04-29T08:08:36","slug":"cerere-ofert","status":"publish","type":"page","link":"https:\/\/komlohotelgyula.hu\/ro\/cerere-ofert\/","title":{"rendered":"Cerere ofert"},"content":{"rendered":"<p>[et_pb_section fb_built=&#8221;1&#8243; admin_label=&#8221;section&#8221; _builder_version=&#8221;4.16&#8243; global_colors_info=&#8221;{}&#8221;][et_pb_row admin_label=&#8221;row&#8221; _builder_version=&#8221;4.16&#8243; module_alignment=&#8221;center&#8221; custom_margin=&#8221;200px|0px|0px|0px|false|false&#8221; custom_padding=&#8221;0px|0px|0px|0px|false|false&#8221; global_colors_info=&#8221;{}&#8221;][et_pb_column type=&#8221;4_4&#8243; _builder_version=&#8221;4.16&#8243; custom_padding=&#8221;|||&#8221; global_colors_info=&#8221;{}&#8221; custom_padding__hover=&#8221;|||&#8221;][et_pb_code _builder_version=&#8221;4.27.0&#8243; _module_preset=&#8221;default&#8221; global_colors_info=&#8221;{}&#8221;]<script src=\"https:\/\/nethotelbooking.net\/embed.RESnWEB.js?id=8JUH6\"><\/script>[\/et_pb_code][\/et_pb_column][\/et_pb_row][\/et_pb_section]<\/p>\n","protected":false},"excerpt":{"rendered":"","protected":false},"author":2,"featured_media":0,"parent":0,"menu_order":0,"comment_status":"closed","ping_status":"closed","template":"","meta":{"_et_pb_use_builder":"on","_et_pb_old_content":"<div style=\"width:100%;\">\r\n<script src=\"https:\/\/nethotelbooking.net\/embed.RESnWEB.js?id=8JUH6\"><\/script><\/div>","_et_gb_content_width":"","footnotes":""},"class_list":["post-6557","page","type-page","status-publish","hentry"],"yoast_head":"<!-- This site is optimized with the Yoast SEO Premium plugin v27.2 (Yoast SEO v27.2) - https:\/\/yoast.com\/product\/yoast-seo-premium-wordpress\/ -->\n<title>K\u00e9rjen aj\u00e1nlatot a Koml\u00f3 Hotel Gyula **** sz\u00e1llod\u00e1b\u00f3l<\/title>\n<meta name=\"description\" content=\"K\u00e9rjen aj\u00e1nlatot \u0171rlapunk seg\u00edts\u00e9g\u00e9vel, vagy tekintse meg akci\u00f3s csomagaj\u00e1nlatainkat a Koml\u00f3 Hotel Gyula **** sz\u00e1llod\u00e1ban. Aj\u00e1nlatk\u00e9r\u00e9s egyszer\u0171en.\" \/>\n<meta name=\"robots\" content=\"index, follow, max-snippet:-1, max-image-preview:large, max-video-preview:-1\" \/>\n<link rel=\"canonical\" href=\"https:\/\/komlohotelgyula.hu\/ro\/cerere-ofert\/\" \/>\n<meta property=\"og:locale\" content=\"ro_RO\" \/>\n<meta property=\"og:type\" content=\"article\" \/>\n<meta property=\"og:title\" content=\"Cerere ofert\" \/>\n<meta property=\"og:description\" content=\"K\u00e9rjen aj\u00e1nlatot \u0171rlapunk seg\u00edts\u00e9g\u00e9vel, vagy tekintse meg akci\u00f3s csomagaj\u00e1nlatainkat a Koml\u00f3 Hotel Gyula **** sz\u00e1llod\u00e1ban. Aj\u00e1nlatk\u00e9r\u00e9s egyszer\u0171en.\" \/>\n<meta property=\"og:url\" content=\"https:\/\/komlohotelgyula.hu\/ro\/cerere-ofert\/\" \/>\n<meta property=\"og:site_name\" content=\"Koml\u00f3 Hotel Gyula\" \/>\n<meta property=\"article:publisher\" content=\"https:\/\/www.facebook.com\/KomloHotelGyula\/\" \/>\n<meta property=\"article:modified_time\" content=\"2025-04-29T08:08:36+00:00\" \/>\n<meta name=\"twitter:card\" content=\"summary_large_image\" \/>\n<script type=\"application\/ld+json\" class=\"yoast-schema-graph\">{\"@context\":\"https:\/\/schema.org\",\"@graph\":[{\"@type\":\"WebPage\",\"@id\":\"https:\/\/komlohotelgyula.hu\/ro\/cerere-ofert\/\",\"url\":\"https:\/\/komlohotelgyula.hu\/ro\/cerere-ofert\/\",\"name\":\"K\u00e9rjen aj\u00e1nlatot a Koml\u00f3 Hotel Gyula **** sz\u00e1llod\u00e1b\u00f3l\",\"isPartOf\":{\"@id\":\"https:\/\/komlohotelgyula.hu\/#website\"},\"datePublished\":\"2017-05-16T10:21:06+00:00\",\"dateModified\":\"2025-04-29T08:08:36+00:00\",\"description\":\"K\u00e9rjen aj\u00e1nlatot \u0171rlapunk seg\u00edts\u00e9g\u00e9vel, vagy tekintse meg akci\u00f3s csomagaj\u00e1nlatainkat a Koml\u00f3 Hotel Gyula **** sz\u00e1llod\u00e1ban. Aj\u00e1nlatk\u00e9r\u00e9s egyszer\u0171en.\",\"breadcrumb\":{\"@id\":\"https:\/\/komlohotelgyula.hu\/ro\/cerere-ofert\/#breadcrumb\"},\"inLanguage\":\"ro-RO\",\"potentialAction\":[{\"@type\":\"ReadAction\",\"target\":[\"https:\/\/komlohotelgyula.hu\/ro\/cerere-ofert\/\"]}]},{\"@type\":\"BreadcrumbList\",\"@id\":\"https:\/\/komlohotelgyula.hu\/ro\/cerere-ofert\/#breadcrumb\",\"itemListElement\":[{\"@type\":\"ListItem\",\"position\":1,\"name\":\"Home\",\"item\":\"https:\/\/komlohotelgyula.hu\/ro\/\"},{\"@type\":\"ListItem\",\"position\":2,\"name\":\"Cerere ofert\"}]},{\"@type\":\"WebSite\",\"@id\":\"https:\/\/komlohotelgyula.hu\/#website\",\"url\":\"https:\/\/komlohotelgyula.hu\/\",\"name\":\"Koml\u00f3 Hotel Gyula\",\"description\":\"\",\"potentialAction\":[{\"@type\":\"SearchAction\",\"target\":{\"@type\":\"EntryPoint\",\"urlTemplate\":\"https:\/\/komlohotelgyula.hu\/?s={search_term_string}\"},\"query-input\":{\"@type\":\"PropertyValueSpecification\",\"valueRequired\":true,\"valueName\":\"search_term_string\"}}],\"inLanguage\":\"ro-RO\"}]}<\/script>\n<!-- \/ Yoast SEO Premium plugin. -->","yoast_head_json":{"title":"K\u00e9rjen aj\u00e1nlatot a Koml\u00f3 Hotel Gyula **** sz\u00e1llod\u00e1b\u00f3l","description":"K\u00e9rjen aj\u00e1nlatot \u0171rlapunk seg\u00edts\u00e9g\u00e9vel, vagy tekintse meg akci\u00f3s csomagaj\u00e1nlatainkat a Koml\u00f3 Hotel Gyula **** sz\u00e1llod\u00e1ban. Aj\u00e1nlatk\u00e9r\u00e9s egyszer\u0171en.","robots":{"index":"index","follow":"follow","max-snippet":"max-snippet:-1","max-image-preview":"max-image-preview:large","max-video-preview":"max-video-preview:-1"},"canonical":"https:\/\/komlohotelgyula.hu\/ro\/cerere-ofert\/","og_locale":"ro_RO","og_type":"article","og_title":"Cerere ofert","og_description":"K\u00e9rjen aj\u00e1nlatot \u0171rlapunk seg\u00edts\u00e9g\u00e9vel, vagy tekintse meg akci\u00f3s csomagaj\u00e1nlatainkat a Koml\u00f3 Hotel Gyula **** sz\u00e1llod\u00e1ban. Aj\u00e1nlatk\u00e9r\u00e9s egyszer\u0171en.","og_url":"https:\/\/komlohotelgyula.hu\/ro\/cerere-ofert\/","og_site_name":"Koml\u00f3 Hotel Gyula","article_publisher":"https:\/\/www.facebook.com\/KomloHotelGyula\/","article_modified_time":"2025-04-29T08:08:36+00:00","twitter_card":"summary_large_image","schema":{"@context":"https:\/\/schema.org","@graph":[{"@type":"WebPage","@id":"https:\/\/komlohotelgyula.hu\/ro\/cerere-ofert\/","url":"https:\/\/komlohotelgyula.hu\/ro\/cerere-ofert\/","name":"K\u00e9rjen aj\u00e1nlatot a Koml\u00f3 Hotel Gyula **** sz\u00e1llod\u00e1b\u00f3l","isPartOf":{"@id":"https:\/\/komlohotelgyula.hu\/#website"},"datePublished":"2017-05-16T10:21:06+00:00","dateModified":"2025-04-29T08:08:36+00:00","description":"K\u00e9rjen aj\u00e1nlatot \u0171rlapunk seg\u00edts\u00e9g\u00e9vel, vagy tekintse meg akci\u00f3s csomagaj\u00e1nlatainkat a Koml\u00f3 Hotel Gyula **** sz\u00e1llod\u00e1ban. Aj\u00e1nlatk\u00e9r\u00e9s egyszer\u0171en.","breadcrumb":{"@id":"https:\/\/komlohotelgyula.hu\/ro\/cerere-ofert\/#breadcrumb"},"inLanguage":"ro-RO","potentialAction":[{"@type":"ReadAction","target":["https:\/\/komlohotelgyula.hu\/ro\/cerere-ofert\/"]}]},{"@type":"BreadcrumbList","@id":"https:\/\/komlohotelgyula.hu\/ro\/cerere-ofert\/#breadcrumb","itemListElement":[{"@type":"ListItem","position":1,"name":"Home","item":"https:\/\/komlohotelgyula.hu\/ro\/"},{"@type":"ListItem","position":2,"name":"Cerere ofert"}]},{"@type":"WebSite","@id":"https:\/\/komlohotelgyula.hu\/#website","url":"https:\/\/komlohotelgyula.hu\/","name":"Koml\u00f3 Hotel Gyula","description":"","potentialAction":[{"@type":"SearchAction","target":{"@type":"EntryPoint","urlTemplate":"https:\/\/komlohotelgyula.hu\/?s={search_term_string}"},"query-input":{"@type":"PropertyValueSpecification","valueRequired":true,"valueName":"search_term_string"}}],"inLanguage":"ro-RO"}]}},"_links":{"self":[{"href":"https:\/\/komlohotelgyula.hu\/ro\/wp-json\/wp\/v2\/pages\/6557","targetHints":{"allow":["GET"]}}],"collection":[{"href":"https:\/\/komlohotelgyula.hu\/ro\/wp-json\/wp\/v2\/pages"}],"about":[{"href":"https:\/\/komlohotelgyula.hu\/ro\/wp-json\/wp\/v2\/types\/page"}],"author":[{"embeddable":true,"href":"https:\/\/komlohotelgyula.hu\/ro\/wp-json\/wp\/v2\/users\/2"}],"replies":[{"embeddable":true,"href":"https:\/\/komlohotelgyula.hu\/ro\/wp-json\/wp\/v2\/comments?post=6557"}],"version-history":[{"count":2,"href":"https:\/\/komlohotelgyula.hu\/ro\/wp-json\/wp\/v2\/pages\/6557\/revisions"}],"predecessor-version":[{"id":89448,"href":"https:\/\/komlohotelgyula.hu\/ro\/wp-json\/wp\/v2\/pages\/6557\/revisions\/89448"}],"wp:attachment":[{"href":"https:\/\/komlohotelgyula.hu\/ro\/wp-json\/wp\/v2\/media?parent=6557"}],"curies":[{"name":"wp","href":"https:\/\/api.w.org\/{rel}","templated":true}]}}