{"id":6533,"date":"2017-05-16T11:58:03","date_gmt":"2017-05-16T09:58:03","guid":{"rendered":"https:\/\/www.komlohotelgyula.hu\/?page_id=6533\/"},"modified":"2019-01-02T15:43:26","modified_gmt":"2019-01-02T14:43:26","slug":"programe-obiective-turistice","status":"publish","type":"page","link":"https:\/\/komlohotelgyula.hu\/ro\/programe-obiective-turistice\/","title":{"rendered":"PROGRAME \u0218I ATRAC\u021aII"},"content":{"rendered":"<p><span style=\"font-weight: 400;\">Arunca\u021bi o privire asupra atrac\u021biilor turistice din Gyula pe site-ul nostru pentru a crea cu u\u0219urin\u021b\u0103 un tur al obiectivelor Gyula.<\/span><\/p>\n<p>&nbsp;<\/p>\n","protected":false},"excerpt":{"rendered":"<p>Arunca\u021bi o privire asupra atrac\u021biilor turistice din Gyula pe site-ul nostru pentru a crea cu u\u0219urin\u021b\u0103 un tur al obiectivelor Gyula. &nbsp;<\/p>\n","protected":false},"author":2,"featured_media":0,"parent":0,"menu_order":0,"comment_status":"closed","ping_status":"closed","template":"","meta":{"_et_pb_use_builder":"","_et_pb_old_content":"","_et_gb_content_width":"","footnotes":""},"class_list":["post-6533","page","type-page","status-publish","hentry"],"yoast_head":"<!-- This site is optimized with the Yoast SEO Premium plugin v27.2 (Yoast SEO v27.2) - https:\/\/yoast.com\/product\/yoast-seo-premium-wordpress\/ -->\n<title>Programok \u00e9s l\u00e1tnival\u00f3k Gyula | Hotel Koml\u00f3 Gyula ****<\/title>\n<meta name=\"description\" content=\"Programok \u00e9s l\u00e1tnival\u00f3k Gyula:Tekintse meg Gyula l\u00e1tnival\u00f3it oldalunkon k\u00f6nnyen \u00f6ssze\u00e1ll\u00edthatja t\u00far\u00e1j\u00e1t gyulai l\u00e1tnival\u00f3i k\u00fcz\u00fcl.\" \/>\n<meta name=\"robots\" content=\"index, follow, max-snippet:-1, max-image-preview:large, max-video-preview:-1\" \/>\n<link rel=\"canonical\" href=\"https:\/\/komlohotelgyula.hu\/ro\/programe-obiective-turistice\/\" \/>\n<meta property=\"og:locale\" content=\"ro_RO\" \/>\n<meta property=\"og:type\" content=\"article\" \/>\n<meta property=\"og:title\" content=\"PROGRAME \u0218I ATRAC\u021aII\" \/>\n<meta property=\"og:description\" content=\"Programok \u00e9s l\u00e1tnival\u00f3k Gyula:Tekintse meg Gyula l\u00e1tnival\u00f3it oldalunkon k\u00f6nnyen \u00f6ssze\u00e1ll\u00edthatja t\u00far\u00e1j\u00e1t gyulai l\u00e1tnival\u00f3i k\u00fcz\u00fcl.\" \/>\n<meta property=\"og:url\" content=\"https:\/\/komlohotelgyula.hu\/ro\/programe-obiective-turistice\/\" \/>\n<meta property=\"og:site_name\" content=\"Koml\u00f3 Hotel Gyula\" \/>\n<meta property=\"article:publisher\" content=\"https:\/\/www.facebook.com\/KomloHotelGyula\/\" \/>\n<meta property=\"article:modified_time\" content=\"2019-01-02T14:43:26+00:00\" \/>\n<meta name=\"twitter:card\" content=\"summary_large_image\" \/>\n<script type=\"application\/ld+json\" class=\"yoast-schema-graph\">{\"@context\":\"https:\/\/schema.org\",\"@graph\":[{\"@type\":\"WebPage\",\"@id\":\"https:\/\/komlohotelgyula.hu\/ro\/programe-obiective-turistice\/\",\"url\":\"https:\/\/komlohotelgyula.hu\/ro\/programe-obiective-turistice\/\",\"name\":\"Programok \u00e9s l\u00e1tnival\u00f3k Gyula | Hotel Koml\u00f3 Gyula ****\",\"isPartOf\":{\"@id\":\"https:\/\/komlohotelgyula.hu\/#website\"},\"datePublished\":\"2017-05-16T09:58:03+00:00\",\"dateModified\":\"2019-01-02T14:43:26+00:00\",\"description\":\"Programok \u00e9s l\u00e1tnival\u00f3k Gyula:Tekintse meg Gyula l\u00e1tnival\u00f3it oldalunkon k\u00f6nnyen \u00f6ssze\u00e1ll\u00edthatja t\u00far\u00e1j\u00e1t gyulai l\u00e1tnival\u00f3i k\u00fcz\u00fcl.\",\"breadcrumb\":{\"@id\":\"https:\/\/komlohotelgyula.hu\/ro\/programe-obiective-turistice\/#breadcrumb\"},\"inLanguage\":\"ro-RO\",\"potentialAction\":[{\"@type\":\"ReadAction\",\"target\":[\"https:\/\/komlohotelgyula.hu\/ro\/programe-obiective-turistice\/\"]}]},{\"@type\":\"BreadcrumbList\",\"@id\":\"https:\/\/komlohotelgyula.hu\/ro\/programe-obiective-turistice\/#breadcrumb\",\"itemListElement\":[{\"@type\":\"ListItem\",\"position\":1,\"name\":\"Home\",\"item\":\"https:\/\/komlohotelgyula.hu\/ro\/\"},{\"@type\":\"ListItem\",\"position\":2,\"name\":\"PROGRAME \u0218I ATRAC\u021aII\"}]},{\"@type\":\"WebSite\",\"@id\":\"https:\/\/komlohotelgyula.hu\/#website\",\"url\":\"https:\/\/komlohotelgyula.hu\/\",\"name\":\"Koml\u00f3 Hotel Gyula\",\"description\":\"\",\"potentialAction\":[{\"@type\":\"SearchAction\",\"target\":{\"@type\":\"EntryPoint\",\"urlTemplate\":\"https:\/\/komlohotelgyula.hu\/?s={search_term_string}\"},\"query-input\":{\"@type\":\"PropertyValueSpecification\",\"valueRequired\":true,\"valueName\":\"search_term_string\"}}],\"inLanguage\":\"ro-RO\"}]}<\/script>\n<!-- \/ Yoast SEO Premium plugin. -->","yoast_head_json":{"title":"Programok \u00e9s l\u00e1tnival\u00f3k Gyula | Hotel Koml\u00f3 Gyula ****","description":"Programok \u00e9s l\u00e1tnival\u00f3k Gyula:Tekintse meg Gyula l\u00e1tnival\u00f3it oldalunkon k\u00f6nnyen \u00f6ssze\u00e1ll\u00edthatja t\u00far\u00e1j\u00e1t gyulai l\u00e1tnival\u00f3i k\u00fcz\u00fcl.","robots":{"index":"index","follow":"follow","max-snippet":"max-snippet:-1","max-image-preview":"max-image-preview:large","max-video-preview":"max-video-preview:-1"},"canonical":"https:\/\/komlohotelgyula.hu\/ro\/programe-obiective-turistice\/","og_locale":"ro_RO","og_type":"article","og_title":"PROGRAME \u0218I ATRAC\u021aII","og_description":"Programok \u00e9s l\u00e1tnival\u00f3k Gyula:Tekintse meg Gyula l\u00e1tnival\u00f3it oldalunkon k\u00f6nnyen \u00f6ssze\u00e1ll\u00edthatja t\u00far\u00e1j\u00e1t gyulai l\u00e1tnival\u00f3i k\u00fcz\u00fcl.","og_url":"https:\/\/komlohotelgyula.hu\/ro\/programe-obiective-turistice\/","og_site_name":"Koml\u00f3 Hotel Gyula","article_publisher":"https:\/\/www.facebook.com\/KomloHotelGyula\/","article_modified_time":"2019-01-02T14:43:26+00:00","twitter_card":"summary_large_image","schema":{"@context":"https:\/\/schema.org","@graph":[{"@type":"WebPage","@id":"https:\/\/komlohotelgyula.hu\/ro\/programe-obiective-turistice\/","url":"https:\/\/komlohotelgyula.hu\/ro\/programe-obiective-turistice\/","name":"Programok \u00e9s l\u00e1tnival\u00f3k Gyula | Hotel Koml\u00f3 Gyula ****","isPartOf":{"@id":"https:\/\/komlohotelgyula.hu\/#website"},"datePublished":"2017-05-16T09:58:03+00:00","dateModified":"2019-01-02T14:43:26+00:00","description":"Programok \u00e9s l\u00e1tnival\u00f3k Gyula:Tekintse meg Gyula l\u00e1tnival\u00f3it oldalunkon k\u00f6nnyen \u00f6ssze\u00e1ll\u00edthatja t\u00far\u00e1j\u00e1t gyulai l\u00e1tnival\u00f3i k\u00fcz\u00fcl.","breadcrumb":{"@id":"https:\/\/komlohotelgyula.hu\/ro\/programe-obiective-turistice\/#breadcrumb"},"inLanguage":"ro-RO","potentialAction":[{"@type":"ReadAction","target":["https:\/\/komlohotelgyula.hu\/ro\/programe-obiective-turistice\/"]}]},{"@type":"BreadcrumbList","@id":"https:\/\/komlohotelgyula.hu\/ro\/programe-obiective-turistice\/#breadcrumb","itemListElement":[{"@type":"ListItem","position":1,"name":"Home","item":"https:\/\/komlohotelgyula.hu\/ro\/"},{"@type":"ListItem","position":2,"name":"PROGRAME \u0218I ATRAC\u021aII"}]},{"@type":"WebSite","@id":"https:\/\/komlohotelgyula.hu\/#website","url":"https:\/\/komlohotelgyula.hu\/","name":"Koml\u00f3 Hotel Gyula","description":"","potentialAction":[{"@type":"SearchAction","target":{"@type":"EntryPoint","urlTemplate":"https:\/\/komlohotelgyula.hu\/?s={search_term_string}"},"query-input":{"@type":"PropertyValueSpecification","valueRequired":true,"valueName":"search_term_string"}}],"inLanguage":"ro-RO"}]}},"_links":{"self":[{"href":"https:\/\/komlohotelgyula.hu\/ro\/wp-json\/wp\/v2\/pages\/6533","targetHints":{"allow":["GET"]}}],"collection":[{"href":"https:\/\/komlohotelgyula.hu\/ro\/wp-json\/wp\/v2\/pages"}],"about":[{"href":"https:\/\/komlohotelgyula.hu\/ro\/wp-json\/wp\/v2\/types\/page"}],"author":[{"embeddable":true,"href":"https:\/\/komlohotelgyula.hu\/ro\/wp-json\/wp\/v2\/users\/2"}],"replies":[{"embeddable":true,"href":"https:\/\/komlohotelgyula.hu\/ro\/wp-json\/wp\/v2\/comments?post=6533"}],"version-history":[{"count":0,"href":"https:\/\/komlohotelgyula.hu\/ro\/wp-json\/wp\/v2\/pages\/6533\/revisions"}],"wp:attachment":[{"href":"https:\/\/komlohotelgyula.hu\/ro\/wp-json\/wp\/v2\/media?parent=6533"}],"curies":[{"name":"wp","href":"https:\/\/api.w.org\/{rel}","templated":true}]}}