{"id":6515,"date":"2017-05-16T11:42:25","date_gmt":"2017-05-16T09:42:25","guid":{"rendered":"https:\/\/www.komlohotelgyula.hu\/?page_id=6515\/"},"modified":"2017-05-18T11:43:58","modified_gmt":"2017-05-18T09:43:58","slug":"lista-de-vinuri","status":"publish","type":"page","link":"https:\/\/komlohotelgyula.hu\/ro\/lista-de-vinuri\/","title":{"rendered":"Lista de vinuri"},"content":{"rendered":"<p>&#8222;Gusta\u021bi&#8221; atmosfera de neegalat al ora\u0219ului Gyula prin specialit\u0103\u021bile de b\u0103utur\u0103 \u0219i m\u00e2nc\u0103ruri oferite de noi!<\/p>\n<p>&nbsp;<\/p>\n<table cellspacing=\"0\" cellpadding=\"0\">\n<tbody>\n<tr>\n<td style=\"text-align: left;\">\n<h4>Vinuri albe<\/h4>\n<\/td>\n<td width=\"87\"><\/td>\n<\/tr>\n<tr>\n<td style=\"text-align: left;\" width=\"839\">Gere Olaszrizling 2015\/2016<br \/>\nIllat\u00e1ban z\u00f6ldalma \u00e9s \u0151szibarack, vir\u00e1gos, m\u00e9zes jegyekkel. K\u00f3stol\u00f3skor visszak\u00f6sz\u00f6nnek a gy\u00fcm\u00f6lcs\u00f6k, kieg\u00e9sz\u00fclve a fajtajelleges, mandul\u00e1s lecseng\u00e9ssel<\/td>\n<td align=\"right\">390 Ft<\/td>\n<\/tr>\n<tr>\n<td style=\"text-align: left;\" width=\"839\">Gere Olaszrizling 2015\/2016<br \/>\nIllat\u00e1ban z\u00f6ldalma \u00e9s \u0151szibarack, vir\u00e1gos, m\u00e9zes jegyekkel. K\u00f3stol\u00f3skor visszak\u00f6sz\u00f6nnek a gy\u00fcm\u00f6lcs\u00f6k, kieg\u00e9sz\u00fclve a fajtajelleges, mandul\u00e1s lecseng\u00e9ssel.<\/td>\n<td align=\"right\">2\u00a0900 Ft<\/td>\n<\/tr>\n<tr>\n<td style=\"text-align: left;\" width=\"839\">Nyakas Irsai Oliv\u00e9r 2015\/2016<br \/>\nMuskot\u00e1lyos, vir\u00e1gos intenz\u00edv illat jellemzi. Zamataiban a frissen szedett sz\u0151l\u0151 jegyei mutatkoznak, friss, vibr\u00e1l\u00f3 savakkal kieg\u00e9sz\u00fclve.<\/td>\n<td align=\"right\">390 Ft<\/td>\n<\/tr>\n<tr>\n<td style=\"text-align: left;\" width=\"839\">Nyakas Irsai Oliv\u00e9r 2015\/2016<br \/>\nMuskot\u00e1lyos, vir\u00e1gos intenz\u00edv illat jellemzi. Zamataiban a frissen szedett sz\u0151l\u0151 jegyei mutatkoznak, friss, vibr\u00e1l\u00f3 savakkal kieg\u00e9sz\u00fclve.<\/td>\n<td align=\"right\">2\u00a0900 Ft<\/td>\n<\/tr>\n<tr>\n<td style=\"text-align: left;\" width=\"839\">Frittmann Cserszegi F\u0171szeres 2015\/2016<br \/>\nRendk\u00edv\u00fcl f\u0171szeres illat\u00fa, fiatalos, k\u00f6nny\u0171 bor. Zamat gazdag, kirobban\u00f3 gy\u00fcm\u00f6lcs\u00f6ss\u00e9ge k\u00f6nnyen szerethet\u0151v\u00e9 teszi. Muskot\u00e1lyos jellege illat\u00e1ban \u00e9s \u00edz\u00e9ben is megnyilv\u00e1nul.<\/td>\n<td align=\"right\">2\u00a0900 Ft<\/td>\n<\/tr>\n<tr>\n<td style=\"text-align: left;\" width=\"839\">Bolyki Sauvignon Blanc 2015<br \/>\nIllatos, bodz\u00e1ra, egresre, csal\u00e1nra, v\u00e1gott f\u0171re eml\u00e9keztet\u0151 jegyek.<br \/>\nFeszes bor, spont\u00e1n erjesztve, tart\u00e1lyban \u00e9rlelve. Friss \u00e9s fajtajelleges, z\u00f6ldpaprika \u00e9s hat\u00e1rozott savak jellemzik.<\/td>\n<td align=\"right\">2\u00a0900 Ft<\/td>\n<\/tr>\n<tr>\n<td style=\"text-align: left;\" width=\"839\">Thummerer Egri Muskot\u00e1ly 2015<br \/>\n\u00c9l\u00e9nk, intenz\u00edv, sz\u0151l\u0151vir\u00e1gos &#8211; muskot\u00e1lyos illat, finom savszerkezet. Az alacsony alkohol- \u00e9s a sz\u0151l\u0151b\u0151l sz\u00e1rmaz\u00f3 majdnem 50 grammos term\u00e9szetes marad\u00e9k cukortartalom teszi kedvess\u00e9 ezt a k\u00f6nny\u0171 bort.<\/td>\n<td align=\"right\">490 Ft<\/td>\n<\/tr>\n<tr>\n<td style=\"text-align: left;\" width=\"839\">Figula Chardonnay 2015<br \/>\nEgy er\u0151teljes Chardonnay. Illat\u00e1ban citromos, tr\u00f3pusi gy\u00fcm\u00f6lcs\u00f6k, fa \u00e9rzet\u00e9vel. Iz\u00e9ben van\u00edli\u00e1s kr\u00e9mess\u00e9g, d\u00e9li gy\u00fcm\u00f6lcs\u00f6k, finom \u00e9l\u00e9nk sav\u00e9rzet \u00e9s hossz\u00fa lecseng\u00e9s jellemzi.<\/td>\n<td align=\"right\">3\u00a0390 Ft<\/td>\n<\/tr>\n<tr>\n<td style=\"text-align: left;\" width=\"839\">Szent Tam\u00e1s M\u00c1D Furmint 2015<br \/>\n\u00cdz\u00e9ben \u00e9s illat\u00e1ban hat\u00e1rozottan jelen van a m\u00e1di d\u0171l\u0151k jellege \u00e9s az \u00e1sv\u00e1nyoss\u00e1g. Friss, \u00fcde savak vezetik a citrusos \u00edzvil\u00e1got, ut\u00f3\u00edz\u00e9ben a vulkanikus \u00e1sv\u00e1nyok jelenl\u00e9te k\u00f6sz\u00f6n vissza.<br \/>\nNagyon j\u00f3\u00edv\u00e1s\u00fa Furmint.<\/td>\n<td align=\"right\">4\u00a0900 Ft<\/td>\n<\/tr>\n<tr>\n<td style=\"text-align: left;\" width=\"839\">G\u00e1l Tibor F\u00fazi\u00f3 2013<br \/>\nZ\u00f6ldes, aranys\u00e1rga t\u00f3nus\u00fa bor. Illata kell\u0151 komolys\u00e1got sugall. \u00cdzben buja, vir\u00e1gos, de felfedezhet\u0151 a gy\u00fcm\u00f6lcs\u00f6k k\u00f6z\u00fcl a mang\u00f3, ban\u00e1n \u00e9s t\u00f6lgyfahord\u00f3s \u00e9rlel\u00e9s minden \u00edzjegye. Finom, lend\u00fcletes savkarakter, eleg\u00e1ns alkohol \u00e9s t\u00fczess\u00e9g jellemzi. Testes, eleg\u00e1ns bor<\/td>\n<td align=\"right\">5\u00a0590 Ft<\/td>\n<\/tr>\n<tr>\n<td style=\"text-align: left;\" width=\"839\">Laposa Juhfark 2013\/2015<br \/>\nHalv\u00e1nys\u00e1rga sz\u00edn. Illat\u00e1ban az \u00f6sszet\u00e9veszthetetlen soml\u00f3i jegyek domin\u00e1lnak. Karakteres bor \u00e1sv\u00e1nyos \u00e9s ropog\u00f3s. Soml\u00f3 \u00e9s a Juhfark harm\u00f3ni\u00e1ja. K\u00e9t-h\u00e1rom \u00e9ves kor\u00e1ban mutat mag\u00e1b\u00f3l a legt\u00f6bbet.<\/td>\n<td align=\"right\">5\u00a0590 Ft<\/td>\n<\/tr>\n<tr>\n<td style=\"text-align: left;\" width=\"839\">\n<h4>Vinuri roze<\/h4>\n<\/td>\n<td><\/td>\n<\/tr>\n<tr>\n<td style=\"text-align: left;\" width=\"839\">D\u00fazsi Ros\u00e9 2015\/2016<br \/>\nKorai sz\u00fcretb\u0151l sz\u00e1rmaz\u00f3 Blauburger, Zweigelt, Portugieser \u00e9s egy kis Pinot Noir h\u00e1zas\u00edt\u00e1sa. Nagyon friss, finoman gy\u00fcm\u00f6lcs\u00f6s, \u00fcd\u00edt\u0151en szomjolt\u00f3.<\/td>\n<td align=\"right\">490 Ft<\/td>\n<\/tr>\n<tr>\n<td style=\"text-align: left;\" width=\"839\">D\u00fazsi Ros\u00e9 2015\/2016<br \/>\nKorai sz\u00fcretb\u0151l sz\u00e1rmaz\u00f3 Blauburger, Zweigelt, Portugieser \u00e9s egy kis Pinot Noir h\u00e1zas\u00edt\u00e1sa. Nagyon friss, finoman gy\u00fcm\u00f6lcs\u00f6s, \u00fcd\u00edt\u0151en szomjolt\u00f3.<\/td>\n<td align=\"right\">2\u00a0800 Ft<\/td>\n<\/tr>\n<tr>\n<td style=\"text-align: left;\" width=\"839\">Bock Ros\u00e9 2015\/2016<br \/>\nVill\u00e1ny mediterr\u00e1n d\u0171l\u0151ib\u0151l sz\u00e1rmaz\u00f3 Portugieser sz\u0171z mustj\u00e1b\u00f3l ir\u00e1ny\u00edtott erjeszt\u00e9ssel k\u00e9sz\u00fcl\u0151 ros\u00e9 bor. Sz\u00edn\u00e9re k\u00f6zepes sz\u00ednintenzit\u00e1s, lazacos, r\u00f3zsasz\u00edn \u00e1rnyalat jellemz\u0151, illat\u00e1ban, \u00edz\u00e9ben a szam\u00f3ca jelenik meg, melyet kellemes savass\u00e1g k\u00eds\u00e9r. Palackoz\u00e1s el\u0151tt sz\u00e9n-dioxiddal d\u00fas\u00edtjuk.<\/td>\n<td align=\"right\">520 Ft<\/td>\n<\/tr>\n<tr>\n<td style=\"text-align: left;\" width=\"839\">Bock Ros\u00e9 2015\/2016<br \/>\nVill\u00e1ny mediterr\u00e1n d\u0171l\u0151ib\u0151l sz\u00e1rmaz\u00f3 Portugieser sz\u0171z mustj\u00e1b\u00f3l ir\u00e1ny\u00edtott erjeszt\u00e9ssel k\u00e9sz\u00fcl\u0151 ros\u00e9 bor. Sz\u00edn\u00e9re k\u00f6zepes sz\u00ednintenzit\u00e1s, lazacos, r\u00f3zsasz\u00edn \u00e1rnyalat jellemz\u0151, illat\u00e1ban, \u00edz\u00e9ben a szam\u00f3ca jelenik meg, melyet kellemes savass\u00e1g k\u00eds\u00e9r. Palackoz\u00e1s el\u0151tt sz\u00e9n-dioxiddal d\u00fas\u00edtjuk.<\/td>\n<td align=\"right\">3\u00a0300 Ft<\/td>\n<\/tr>\n<tr>\n<td style=\"text-align: left;\" width=\"839\">Sauska Ros\u00e9 2015\/2016<br \/>\nIllat\u00e1ban cseresznye \u00e9s \u00e9rett m\u00e1lna, korty\u00e1ban feszes savak \u00e9s \u00fcde citrusok. K\u00f6nny\u0171, friss, f\u0171szeres \u00e9s szomjolt\u00f3.<\/td>\n<td align=\"right\">550 Ft<\/td>\n<\/tr>\n<tr>\n<td style=\"text-align: left;\" width=\"839\">Sauska Ros\u00e9 2015\/2016<br \/>\nIllat\u00e1ban cseresznye \u00e9s \u00e9rett m\u00e1lna, korty\u00e1ban feszes savak \u00e9s \u00fcde citrusok. K\u00f6nny\u0171, friss, f\u0171szeres \u00e9s szomjolt\u00f3.<\/td>\n<td align=\"right\">3\u00a0500 Ft<\/td>\n<\/tr>\n<tr>\n<td style=\"text-align: left;\" width=\"839\">\n<h4>Vinuri ro\u0219ii<\/h4>\n<\/td>\n<td><\/td>\n<\/tr>\n<tr>\n<td style=\"text-align: left;\" width=\"839\">Frittmann Portugieser (f\u00e9l\u00e9des)<br \/>\nSz\u0151l\u0151b\u0151l meg\u0151rz\u00f6tt, kellemes gy\u00fcm\u00f6lcs\u00f6s illattal rendelkez\u0151, m\u00e9lyv\u00f6r\u00f6s sz\u00edn\u0171, harmonikus bor.<\/td>\n<td align=\"right\">390 Ft<\/td>\n<\/tr>\n<tr>\n<td style=\"text-align: left;\" width=\"839\">Frittmann Portugieser (f\u00e9l\u00e9des)<br \/>\nSz\u0151l\u0151b\u0151l meg\u0151rz\u00f6tt, kellemes gy\u00fcm\u00f6lcs\u00f6s illattal rendelkez\u0151, m\u00e9lyv\u00f6r\u00f6s sz\u00edn\u0171, harmonikus bor.<\/td>\n<td align=\"right\">2\u00a0490 Ft<\/td>\n<\/tr>\n<tr>\n<td style=\"text-align: left;\" width=\"839\">Bolyki Indi\u00e1n Ny\u00e1r 2014\/2015<br \/>\nA K\u00e9kfrankos f\u0171szeress\u00e9ge, a Merlot b\u00e1rsonyos szerkezete \u00e9s a Portugieser sok gy\u00fcm\u00f6lccsel domin\u00e1l a borban. Izgalmas illatok, alacsonyabb sav\u00e9rzet, g\u00f6mb\u00f6ly\u0171 zamatok, meggyel \u00e9s szederrel. A k\u00f6nny\u0171 gy\u00fcm\u00f6lcs\u00f6s borok kateg\u00f3ri\u00e1j\u00e1nak egy nagyon \u00e9lvezhet\u0151 t\u00e9tele.<\/td>\n<td align=\"right\">3\u00a0190 Ft<\/td>\n<\/tr>\n<tr>\n<td style=\"text-align: left;\" width=\"839\">K\u00facs Vill\u00e1nyi V\u00f6r\u00f6s 2013\/2015<br \/>\nS\u00f6t\u00e9tv\u00f6r\u00f6s sz\u00edn, illat\u00e1ban pirosbogy\u00f3s gy\u00fcm\u00f6lcs\u00f6k, k\u00f6zepes test, \u00e9l\u00e9nk sav\u00e9rzet. A Cabernet Sauvignon intenz\u00edv paprik\u00e1ss\u00e1ga \u00e9s borsos jegyei p\u00e1rosulnak, a Merlot gy\u00fcm\u00f6lcs\u00f6ss\u00e9g\u00e9vel.<\/td>\n<td align=\"right\">490 Ft<\/td>\n<\/tr>\n<tr>\n<td style=\"text-align: left;\" width=\"839\">K\u00facs Vill\u00e1nyi V\u00f6r\u00f6s 2013\/2015<br \/>\nS\u00f6t\u00e9tv\u00f6r\u00f6s sz\u00edn, illat\u00e1ban pirosbogy\u00f3s gy\u00fcm\u00f6lcs\u00f6k, k\u00f6zepes test, \u00e9l\u00e9nk sav\u00e9rzet. A Cabernet Sauvignon intenz\u00edv paprik\u00e1ss\u00e1ga \u00e9s borsos jegyei p\u00e1rosulnak, a Merlot gy\u00fcm\u00f6lcs\u00f6ss\u00e9g\u00e9vel.<\/td>\n<td align=\"right\">3\u00a0490 Ft<\/td>\n<\/tr>\n<tr>\n<td style=\"text-align: left;\" width=\"839\">Pfneiszl BIO K\u00e9kfrankos \u201e\u00dajra Egy\u00fctt\u201d 2012\/2013<br \/>\nVill\u00e1ny mediterr\u00e1n d\u0171l\u0151ib\u0151l sz\u00e1rmaz\u00f3 Portugieser sz\u0171z mustj\u00e1b\u00f3l ir\u00e1ny\u00edtott erjeszt\u00e9ssel k\u00e9sz\u00fcl\u0151 ros\u00e9 bor. Sz\u00edn\u00e9re k\u00f6zepes sz\u00ednintenzit\u00e1s, lazacos, r\u00f3zsasz\u00edn \u00e1rnyalat jellemz\u0151, illat\u00e1ban, \u00edz\u00e9ben a szam\u00f3ca jelenik meg, melyet kellemes savass\u00e1g k\u00eds\u00e9r. Palackoz\u00e1s el\u0151tt sz\u00e9n-dioxiddal d\u00fas\u00edtjuk.<\/td>\n<td align=\"right\">3\u00a0900 Ft<\/td>\n<\/tr>\n<tr>\n<td style=\"text-align: left;\" width=\"839\">G\u00e1l Tibor Pinot Noir 2013<br \/>\nIllat\u00e1ban izgalmas, az \u00e9rett gy\u00fcm\u00f6lcs\u00f6k mellett megjelenik egy csipetnyi f\u0171szer. \u00cdz\u00e9ben t\u00f6m\u00f6r, koncentr\u00e1lt, izgalmasan gy\u00fcm\u00f6lcs\u00f6s \u00e9s f\u0171szeres. Kerek \u00edz\u00e9rzet, mely hossz\u00fa lecseng\u00e9ssel p\u00e1rosul.<\/td>\n<td align=\"right\">3\u00a0900 Ft<\/td>\n<\/tr>\n<tr>\n<td style=\"text-align: left;\" width=\"839\">Vesztergombi Kadarka 2013<br \/>\nIgen sokr\u00e9t\u0171, testes, ugyanakkor finom sz\u00f6v\u00e9s\u0171 bor, erdei gy\u00fcm\u00f6lcs\u00f6k, legf\u0151k\u00e9ppen az \u00e1fonya zamatvil\u00e1g\u00e1val. 16 h\u00f3napig \u00e9rlel\u0151d\u00f6tt m\u00e1sod \u00e9s harmadt\u00f6lt\u00e9s\u0171 hord\u00f3kban. Fa \u00edz \u00e9s illat jelenik meg nagyon sz\u00e9p egyens\u00falyban.<\/td>\n<td align=\"right\">4\u00a0490 Ft<\/td>\n<\/tr>\n<tr>\n<td style=\"text-align: left;\" width=\"839\">Takler Merlot 2004\/2015<br \/>\nGazdag, telt v\u00f6r\u00f6sbor, piros bogy\u00f3s gy\u00fcm\u00f6lcs\u00f6k jegyeivel. Sz\u00e9p test, kerek tanninok, hossz\u00fa ut\u00f3\u00edz jellemzi. 16 h\u00f3napig \u00e9rlel\u0151d\u00f6tt m\u00e1sod \u00e9s harmadt\u00f6lt\u00e9s\u0171 hord\u00f3kban.<\/td>\n<td align=\"right\">4\u00a0490 Ft<\/td>\n<\/tr>\n<tr>\n<td style=\"text-align: left;\" width=\"839\">G\u00e1l Tibor TiTi Egri Bikav\u00e9r 2013<br \/>\nIllat\u00e1ban meggy, f\u0171szerpaprika \u00e9s a bors domin\u00e1l. \u00cdz\u00e9ben fokozottan jelenik meg az erdei gy\u00fcm\u00f6lcs\u00f6k mellett a keleti f\u0171szeress\u00e9g. K\u00e9kfrankos, Kadarka, Cabernet Franc, Syrah \u00e9s Portugieser h\u00e1zas\u00edt\u00e1sa.<\/td>\n<td align=\"right\">620 Ft<\/td>\n<\/tr>\n<tr>\n<td style=\"text-align: left;\" width=\"839\">G\u00e1l Tibor TiTi Egri Bikav\u00e9r 2013<br \/>\nIllat\u00e1ban meggy, f\u0171szerpaprika \u00e9s a bors domin\u00e1l. \u00cdz\u00e9ben fokozottan jelenik meg az erdei gy\u00fcm\u00f6lcs\u00f6k mellett a keleti f\u0171szeress\u00e9g. K\u00e9kfrankos, Kadarka, Cabernet Franc, Syrah \u00e9s Portugieser h\u00e1zas\u00edt\u00e1sa.<\/td>\n<td align=\"right\">4\u00a0590 Ft<\/td>\n<\/tr>\n<tr>\n<td style=\"text-align: left;\" width=\"839\">Gere Cabernet Sauvignon 2013<br \/>\nTestes, de ugyanakkor eleg\u00e1ns, kellemes v\u00f6r\u00f6sbor, ami 16 h\u00f3napot t\u00f6lt\u00f6tt nagy t\u00f6lgyfahord\u00f3ban. Telt, hossz\u00fa \u00edz, melyet kerek, sz\u00e9p savak t\u00e1mogatnak. Komoly bor, mely a teljes eg\u00e9sz\u00e9ben hozza a Cabernet-re jellemz\u0151 \u00e9rt\u00e9keket.<\/td>\n<td align=\"right\">750 Ft<\/td>\n<\/tr>\n<tr>\n<td style=\"text-align: left;\" width=\"839\">Gere Cabernet Sauvignon 2013<br \/>\nTestes, de ugyanakkor eleg\u00e1ns, kellemes v\u00f6r\u00f6sbor, ami 16 h\u00f3napot t\u00f6lt\u00f6tt nagy t\u00f6lgyfahord\u00f3ban. Telt, hossz\u00fa \u00edz, melyet kerek, sz\u00e9p savak t\u00e1mogatnak. Komoly bor, mely a teljes eg\u00e9sz\u00e9ben hozza a Cabernet-re jellemz\u0151 \u00e9rt\u00e9keket.<\/td>\n<td align=\"right\">5\u00a0490 Ft<\/td>\n<\/tr>\n<tr>\n<td style=\"text-align: left;\" width=\"839\">Bock Royal Cuv\u00e9e 2009\/2011<br \/>\nK\u00e9t meghat\u00e1roz\u00f3 francia borvid\u00e9k, a bordeaux-i (Cabernet Sauvignon, Cabernet Franc, Merlot) \u00e9s a burgundi (Pinot Noir) f\u0151 fajt\u00e1i ker\u00fcltek h\u00e1zas\u00edt\u00e1sra ebben a borban. 24 h\u00f3napig \u00faj \u00e9s haszn\u00e1lt barrique hord\u00f3kban \u00e9rlel\u0151dik. S\u00f6t\u00e9t intenzit\u00e1s\u00fa, gr\u00e1n\u00e1tba hajl\u00f3 b\u00edborv\u00f6r\u00f6s sz\u00edn jellemzi, illat\u00e1ban, \u00edz\u00e9ben \u00e9des f\u0171szerek, t\u00fal\u00e9rett gy\u00fcm\u00f6lcs\u00f6k, csokol\u00e1d\u00e9s, van\u00edli\u00e1s arom\u00e1k \u00e9rezhet\u0151ek.<\/td>\n<td align=\"right\">8\u00a0900 Ft<\/td>\n<\/tr>\n<tr>\n<td style=\"text-align: left;\" width=\"839\">Tiff\u00e1n\u2019s Mondivin Cabernet Franc 2008\/2009<br \/>\nEleg\u00e1ns, f\u00f6ldes illat. \u00cdz\u00e9ben gazdag f\u0171szeress\u00e9g, kevesebb gy\u00fcm\u00f6lccsel. Koncentr\u00e1lt, komplex, vastag \u00e9s nagytest\u0171. Kit\u0171n\u0151 egyens\u00faly, v\u00e9gtelen\u00fcl hossz\u00fa \u00e9s finom ut\u00f3\u00edz. Nagy form\u00e1tum\u00fa bor.<\/td>\n<td align=\"right\">8\u00a0900 Ft<\/td>\n<\/tr>\n<tr>\n<td style=\"text-align: left;\" width=\"839\">Gere Kop\u00e1r 2012<br \/>\nA pinc\u00e9szet emblematikus cs\u00facsbora, Vill\u00e1ny legjobb d\u0171l\u0151ib\u0151l. Cabernet<br \/>\nFranc, Merlot valamint Cabernet Sauvignon h\u00e1zas\u00edt\u00e1sa. Illat\u00e1ban p\u00f6rk\u00f6l\u00e9si arom\u00e1k, fah\u00e9j, fekete szeder, cseresznye, \u00e9rett meggy. \u00cdz\u00e9ben is kell\u0151k\u00e9pp \u00f6sszetett. Eleg\u00e1ns, kerek, gy\u00fcm\u00f6lcs\u00f6s, ugyanakkor fajs\u00falyos, testes t\u00e9tel, hossz\u00fa ut\u00f3\u00edzzel \u00e9s \u00e9r\u00e9si potenci\u00e1llal.<\/td>\n<td align=\"right\">12\u00a0900 Ft<\/td>\n<\/tr>\n<tr>\n<td style=\"text-align: left;\" width=\"839\">\n<h4>Vinuri de desert<\/h4>\n<\/td>\n<td><\/td>\n<\/tr>\n<tr>\n<td style=\"text-align: left;\">Bud\u00e1nyi Pinc\u00e9szet Sz\u00e1raz Szamorodni 2012<\/td>\n<td align=\"right\">600 Ft<\/td>\n<\/tr>\n<tr>\n<td style=\"text-align: left;\">Bud\u00e1nyi Pinc\u00e9szet Sz\u00e1raz Szamorodni 2012<\/td>\n<td align=\"right\">3\u00a0000 Ft<\/td>\n<\/tr>\n<tr>\n<td style=\"text-align: left;\">Bud\u00e1nyi Pinc\u00e9szet \u00c9des Szamorodni 2012<\/td>\n<td align=\"right\">700 Ft<\/td>\n<\/tr>\n<tr>\n<td style=\"text-align: left;\">Bud\u00e1nyi Pinc\u00e9szet \u00c9des Szamorodni 2012<\/td>\n<td align=\"right\">3\u00a0300 Ft<\/td>\n<\/tr>\n<tr>\n<td style=\"text-align: left;\">Bud\u00e1nyi Pinc\u00e9szet K\u00e9sei Sz\u00fcretel\u00e9s\u0171 Furmint 2013<\/td>\n<td align=\"right\">1\u00a0000 Ft<\/td>\n<\/tr>\n<tr>\n<td style=\"text-align: left;\">Bud\u00e1nyi Pinc\u00e9szet K\u00e9sei Sz\u00fcretel\u00e9s\u0171 Furmint 2013<\/td>\n<td align=\"right\">4\u00a0900 Ft<\/td>\n<\/tr>\n<tr>\n<td style=\"text-align: left;\">Bud\u00e1nyi Pinc\u00e9szet K\u00e9sei K\u00f6v\u00e9r Sz\u0151l\u0151 2015<\/td>\n<td align=\"right\">1\u00a0000 Ft<\/td>\n<\/tr>\n<tr>\n<td style=\"text-align: left;\">Bud\u00e1nyi Pinc\u00e9szet K\u00e9sei K\u00f6v\u00e9r Sz\u0151l\u0151 2015<\/td>\n<td align=\"right\">4\u00a0900 Ft<\/td>\n<\/tr>\n<tr>\n<td style=\"text-align: left;\">Bud\u00e1nyi Pinc\u00e9szet 3 Puttonyos Asz\u00fa 2006<\/td>\n<td align=\"right\">4\u00a0900 Ft<\/td>\n<\/tr>\n<tr>\n<td style=\"text-align: left;\">Bud\u00e1nyi Pinc\u00e9szet 4 Puttonyos Asz\u00fa 2008<\/td>\n<td align=\"right\">6\u00a0900 Ft<\/td>\n<\/tr>\n<tr>\n<td style=\"text-align: left;\">Bud\u00e1nyi Pinc\u00e9szet 5 Puttonyos Asz\u00fa 2012<\/td>\n<td align=\"right\">9\u00a0000 Ft<\/td>\n<\/tr>\n<tr>\n<td style=\"text-align: left;\">Bud\u00e1nyi Pinc\u00e9szet 6 Puttonyos Asz\u00fa 2000<\/td>\n<td align=\"right\">13\u00a0000 Ft<\/td>\n<\/tr>\n<tr>\n<td style=\"text-align: left;\">Bud\u00e1nyi Pinc\u00e9szet Asz\u00faeszencia 2000<\/td>\n<td align=\"right\">49\u00a0000 Ft<\/td>\n<\/tr>\n<\/tbody>\n<\/table>\n<p>&nbsp;<\/p>\n","protected":false},"excerpt":{"rendered":"<p>&#8222;Gusta\u021bi&#8221; atmosfera de neegalat al ora\u0219ului Gyula prin specialit\u0103\u021bile de b\u0103utur\u0103 \u0219i m\u00e2nc\u0103ruri oferite de noi! &nbsp; Vinuri albe Gere Olaszrizling 2015\/2016 Illat\u00e1ban z\u00f6ldalma \u00e9s \u0151szibarack, vir\u00e1gos, m\u00e9zes jegyekkel. K\u00f3stol\u00f3skor visszak\u00f6sz\u00f6nnek a gy\u00fcm\u00f6lcs\u00f6k, kieg\u00e9sz\u00fclve a fajtajelleges, mandul\u00e1s lecseng\u00e9ssel 390 Ft Gere Olaszrizling 2015\/2016 Illat\u00e1ban z\u00f6ldalma \u00e9s \u0151szibarack, vir\u00e1gos, m\u00e9zes jegyekkel. K\u00f3stol\u00f3skor visszak\u00f6sz\u00f6nnek a gy\u00fcm\u00f6lcs\u00f6k, kieg\u00e9sz\u00fclve [&hellip;]<\/p>\n","protected":false},"author":2,"featured_media":0,"parent":0,"menu_order":0,"comment_status":"closed","ping_status":"closed","template":"","meta":{"_et_pb_use_builder":"","_et_pb_old_content":"","_et_gb_content_width":"","footnotes":""},"class_list":["post-6515","page","type-page","status-publish","hentry"],"yoast_head":"<!-- This site is optimized with the Yoast SEO Premium plugin v27.2 (Yoast SEO v27.2) - https:\/\/yoast.com\/product\/yoast-seo-premium-wordpress\/ -->\n<title>Borlap - Koml\u00f3 Hotel Gyula, Feh\u00e9rbor, V\u00f6r\u00f6sbor, Ros\u00e9 bor<\/title>\n<meta name=\"description\" content=\"\u00cdzlelje meg n\u00e1lunk Gyula p\u00e1ratlan hangulat\u00e1t italk\u00fcl\u00f6nlegess\u00e9geink \u00e9s fens\u00e9ges fog\u00e1saink \u00e1ltal. Feh\u00e9rbor, V\u00f6r\u00f6sbor, Ros\u00e9 bor \u00e9s Desszertbor nagy v\u00e1laszt\u00e9ka.\" \/>\n<meta name=\"robots\" content=\"index, follow, max-snippet:-1, max-image-preview:large, max-video-preview:-1\" \/>\n<link rel=\"canonical\" href=\"https:\/\/komlohotelgyula.hu\/ro\/lista-de-vinuri\/\" \/>\n<meta property=\"og:locale\" content=\"ro_RO\" \/>\n<meta property=\"og:type\" content=\"article\" \/>\n<meta property=\"og:title\" content=\"Lista de vinuri\" \/>\n<meta property=\"og:description\" content=\"\u00cdzlelje meg n\u00e1lunk Gyula p\u00e1ratlan hangulat\u00e1t italk\u00fcl\u00f6nlegess\u00e9geink \u00e9s fens\u00e9ges fog\u00e1saink \u00e1ltal. Feh\u00e9rbor, V\u00f6r\u00f6sbor, Ros\u00e9 bor \u00e9s Desszertbor nagy v\u00e1laszt\u00e9ka.\" \/>\n<meta property=\"og:url\" content=\"https:\/\/komlohotelgyula.hu\/ro\/lista-de-vinuri\/\" \/>\n<meta property=\"og:site_name\" content=\"Koml\u00f3 Hotel Gyula\" \/>\n<meta property=\"article:publisher\" content=\"https:\/\/www.facebook.com\/KomloHotelGyula\/\" \/>\n<meta property=\"article:modified_time\" content=\"2017-05-18T09:43:58+00:00\" \/>\n<meta name=\"twitter:card\" content=\"summary_large_image\" \/>\n<meta name=\"twitter:label1\" content=\"Timp estimat pentru citire\" \/>\n\t<meta name=\"twitter:data1\" content=\"8 minute\" \/>\n<script type=\"application\/ld+json\" class=\"yoast-schema-graph\">{\"@context\":\"https:\/\/schema.org\",\"@graph\":[{\"@type\":\"WebPage\",\"@id\":\"https:\/\/komlohotelgyula.hu\/ro\/lista-de-vinuri\/\",\"url\":\"https:\/\/komlohotelgyula.hu\/ro\/lista-de-vinuri\/\",\"name\":\"Borlap - Koml\u00f3 Hotel Gyula, Feh\u00e9rbor, V\u00f6r\u00f6sbor, Ros\u00e9 bor\",\"isPartOf\":{\"@id\":\"https:\/\/komlohotelgyula.hu\/#website\"},\"datePublished\":\"2017-05-16T09:42:25+00:00\",\"dateModified\":\"2017-05-18T09:43:58+00:00\",\"description\":\"\u00cdzlelje meg n\u00e1lunk Gyula p\u00e1ratlan hangulat\u00e1t italk\u00fcl\u00f6nlegess\u00e9geink \u00e9s fens\u00e9ges fog\u00e1saink \u00e1ltal. Feh\u00e9rbor, V\u00f6r\u00f6sbor, Ros\u00e9 bor \u00e9s Desszertbor nagy v\u00e1laszt\u00e9ka.\",\"breadcrumb\":{\"@id\":\"https:\/\/komlohotelgyula.hu\/ro\/lista-de-vinuri\/#breadcrumb\"},\"inLanguage\":\"ro-RO\",\"potentialAction\":[{\"@type\":\"ReadAction\",\"target\":[\"https:\/\/komlohotelgyula.hu\/ro\/lista-de-vinuri\/\"]}]},{\"@type\":\"BreadcrumbList\",\"@id\":\"https:\/\/komlohotelgyula.hu\/ro\/lista-de-vinuri\/#breadcrumb\",\"itemListElement\":[{\"@type\":\"ListItem\",\"position\":1,\"name\":\"Home\",\"item\":\"https:\/\/komlohotelgyula.hu\/ro\/\"},{\"@type\":\"ListItem\",\"position\":2,\"name\":\"Lista de vinuri\"}]},{\"@type\":\"WebSite\",\"@id\":\"https:\/\/komlohotelgyula.hu\/#website\",\"url\":\"https:\/\/komlohotelgyula.hu\/\",\"name\":\"Koml\u00f3 Hotel Gyula\",\"description\":\"\",\"potentialAction\":[{\"@type\":\"SearchAction\",\"target\":{\"@type\":\"EntryPoint\",\"urlTemplate\":\"https:\/\/komlohotelgyula.hu\/?s={search_term_string}\"},\"query-input\":{\"@type\":\"PropertyValueSpecification\",\"valueRequired\":true,\"valueName\":\"search_term_string\"}}],\"inLanguage\":\"ro-RO\"}]}<\/script>\n<!-- \/ Yoast SEO Premium plugin. -->","yoast_head_json":{"title":"Borlap - Koml\u00f3 Hotel Gyula, Feh\u00e9rbor, V\u00f6r\u00f6sbor, Ros\u00e9 bor","description":"\u00cdzlelje meg n\u00e1lunk Gyula p\u00e1ratlan hangulat\u00e1t italk\u00fcl\u00f6nlegess\u00e9geink \u00e9s fens\u00e9ges fog\u00e1saink \u00e1ltal. Feh\u00e9rbor, V\u00f6r\u00f6sbor, Ros\u00e9 bor \u00e9s Desszertbor nagy v\u00e1laszt\u00e9ka.","robots":{"index":"index","follow":"follow","max-snippet":"max-snippet:-1","max-image-preview":"max-image-preview:large","max-video-preview":"max-video-preview:-1"},"canonical":"https:\/\/komlohotelgyula.hu\/ro\/lista-de-vinuri\/","og_locale":"ro_RO","og_type":"article","og_title":"Lista de vinuri","og_description":"\u00cdzlelje meg n\u00e1lunk Gyula p\u00e1ratlan hangulat\u00e1t italk\u00fcl\u00f6nlegess\u00e9geink \u00e9s fens\u00e9ges fog\u00e1saink \u00e1ltal. Feh\u00e9rbor, V\u00f6r\u00f6sbor, Ros\u00e9 bor \u00e9s Desszertbor nagy v\u00e1laszt\u00e9ka.","og_url":"https:\/\/komlohotelgyula.hu\/ro\/lista-de-vinuri\/","og_site_name":"Koml\u00f3 Hotel Gyula","article_publisher":"https:\/\/www.facebook.com\/KomloHotelGyula\/","article_modified_time":"2017-05-18T09:43:58+00:00","twitter_card":"summary_large_image","twitter_misc":{"Timp estimat pentru citire":"8 minute"},"schema":{"@context":"https:\/\/schema.org","@graph":[{"@type":"WebPage","@id":"https:\/\/komlohotelgyula.hu\/ro\/lista-de-vinuri\/","url":"https:\/\/komlohotelgyula.hu\/ro\/lista-de-vinuri\/","name":"Borlap - Koml\u00f3 Hotel Gyula, Feh\u00e9rbor, V\u00f6r\u00f6sbor, Ros\u00e9 bor","isPartOf":{"@id":"https:\/\/komlohotelgyula.hu\/#website"},"datePublished":"2017-05-16T09:42:25+00:00","dateModified":"2017-05-18T09:43:58+00:00","description":"\u00cdzlelje meg n\u00e1lunk Gyula p\u00e1ratlan hangulat\u00e1t italk\u00fcl\u00f6nlegess\u00e9geink \u00e9s fens\u00e9ges fog\u00e1saink \u00e1ltal. Feh\u00e9rbor, V\u00f6r\u00f6sbor, Ros\u00e9 bor \u00e9s Desszertbor nagy v\u00e1laszt\u00e9ka.","breadcrumb":{"@id":"https:\/\/komlohotelgyula.hu\/ro\/lista-de-vinuri\/#breadcrumb"},"inLanguage":"ro-RO","potentialAction":[{"@type":"ReadAction","target":["https:\/\/komlohotelgyula.hu\/ro\/lista-de-vinuri\/"]}]},{"@type":"BreadcrumbList","@id":"https:\/\/komlohotelgyula.hu\/ro\/lista-de-vinuri\/#breadcrumb","itemListElement":[{"@type":"ListItem","position":1,"name":"Home","item":"https:\/\/komlohotelgyula.hu\/ro\/"},{"@type":"ListItem","position":2,"name":"Lista de vinuri"}]},{"@type":"WebSite","@id":"https:\/\/komlohotelgyula.hu\/#website","url":"https:\/\/komlohotelgyula.hu\/","name":"Koml\u00f3 Hotel Gyula","description":"","potentialAction":[{"@type":"SearchAction","target":{"@type":"EntryPoint","urlTemplate":"https:\/\/komlohotelgyula.hu\/?s={search_term_string}"},"query-input":{"@type":"PropertyValueSpecification","valueRequired":true,"valueName":"search_term_string"}}],"inLanguage":"ro-RO"}]}},"_links":{"self":[{"href":"https:\/\/komlohotelgyula.hu\/ro\/wp-json\/wp\/v2\/pages\/6515","targetHints":{"allow":["GET"]}}],"collection":[{"href":"https:\/\/komlohotelgyula.hu\/ro\/wp-json\/wp\/v2\/pages"}],"about":[{"href":"https:\/\/komlohotelgyula.hu\/ro\/wp-json\/wp\/v2\/types\/page"}],"author":[{"embeddable":true,"href":"https:\/\/komlohotelgyula.hu\/ro\/wp-json\/wp\/v2\/users\/2"}],"replies":[{"embeddable":true,"href":"https:\/\/komlohotelgyula.hu\/ro\/wp-json\/wp\/v2\/comments?post=6515"}],"version-history":[{"count":0,"href":"https:\/\/komlohotelgyula.hu\/ro\/wp-json\/wp\/v2\/pages\/6515\/revisions"}],"wp:attachment":[{"href":"https:\/\/komlohotelgyula.hu\/ro\/wp-json\/wp\/v2\/media?parent=6515"}],"curies":[{"name":"wp","href":"https:\/\/api.w.org\/{rel}","templated":true}]}}