{"id":6444,"date":"2017-05-15T17:17:23","date_gmt":"2017-05-15T15:17:23","guid":{"rendered":"https:\/\/www.komlohotelgyula.hu\/?page_id=6444\/"},"modified":"2017-05-18T11:27:34","modified_gmt":"2017-05-18T09:27:34","slug":"multumim","status":"publish","type":"page","link":"https:\/\/komlohotelgyula.hu\/ro\/cerere-ofert\/multumim\/","title":{"rendered":"Mul\u021bumim"},"content":{"rendered":"<h3><\/h3>\n","protected":false},"excerpt":{"rendered":"","protected":false},"author":2,"featured_media":0,"parent":6557,"menu_order":0,"comment_status":"closed","ping_status":"closed","template":"","meta":{"_et_pb_use_builder":"","_et_pb_old_content":"","_et_gb_content_width":"","footnotes":""},"class_list":["post-6444","page","type-page","status-publish","hentry"],"yoast_head":"<!-- This site is optimized with the Yoast SEO Premium plugin v27.2 (Yoast SEO v27.2) - https:\/\/yoast.com\/product\/yoast-seo-premium-wordpress\/ -->\n<title>K\u00f6sz\u00f6nj\u00fck aj\u00e1nlatk\u00e9r\u00e9s\u00e9t - Koml\u00f3 Hotel Gyula<\/title>\n<meta name=\"description\" content=\"K\u00f6sz\u00f6nj\u00fck megkeres\u00e9s\u00e9t, munkat\u00e1rsunk hamarosan elk\u00e9sz\u00edti ig\u00e9nyeinek megfelel\u0151 szem\u00e9lyre szabott aj\u00e1nlat\u00e1t. V\u00e1rjuk sz\u00e1llod\u00e1nkban.\" \/>\n<meta name=\"robots\" content=\"noindex, nofollow\" \/>\n<meta property=\"og:locale\" content=\"ro_RO\" \/>\n<meta property=\"og:type\" content=\"article\" \/>\n<meta property=\"og:title\" content=\"Mul\u021bumim\" \/>\n<meta property=\"og:description\" content=\"K\u00f6sz\u00f6nj\u00fck megkeres\u00e9s\u00e9t, munkat\u00e1rsunk hamarosan elk\u00e9sz\u00edti ig\u00e9nyeinek megfelel\u0151 szem\u00e9lyre szabott aj\u00e1nlat\u00e1t. V\u00e1rjuk sz\u00e1llod\u00e1nkban.\" \/>\n<meta property=\"og:url\" content=\"https:\/\/komlohotelgyula.hu\/ro\/cerere-ofert\/multumim\/\" \/>\n<meta property=\"og:site_name\" content=\"Koml\u00f3 Hotel Gyula\" \/>\n<meta property=\"article:publisher\" content=\"https:\/\/www.facebook.com\/KomloHotelGyula\/\" \/>\n<meta property=\"article:modified_time\" content=\"2017-05-18T09:27:34+00:00\" \/>\n<meta name=\"twitter:card\" content=\"summary_large_image\" \/>\n<script type=\"application\/ld+json\" class=\"yoast-schema-graph\">{\"@context\":\"https:\/\/schema.org\",\"@graph\":[{\"@type\":\"WebPage\",\"@id\":\"https:\/\/komlohotelgyula.hu\/ro\/cerere-ofert\/multumim\/\",\"url\":\"https:\/\/komlohotelgyula.hu\/ro\/cerere-ofert\/multumim\/\",\"name\":\"K\u00f6sz\u00f6nj\u00fck aj\u00e1nlatk\u00e9r\u00e9s\u00e9t - Koml\u00f3 Hotel Gyula\",\"isPartOf\":{\"@id\":\"https:\/\/komlohotelgyula.hu\/#website\"},\"datePublished\":\"2017-05-15T15:17:23+00:00\",\"dateModified\":\"2017-05-18T09:27:34+00:00\",\"description\":\"K\u00f6sz\u00f6nj\u00fck megkeres\u00e9s\u00e9t, munkat\u00e1rsunk hamarosan elk\u00e9sz\u00edti ig\u00e9nyeinek megfelel\u0151 szem\u00e9lyre szabott aj\u00e1nlat\u00e1t. V\u00e1rjuk sz\u00e1llod\u00e1nkban.\",\"breadcrumb\":{\"@id\":\"https:\/\/komlohotelgyula.hu\/ro\/cerere-ofert\/multumim\/#breadcrumb\"},\"inLanguage\":\"ro-RO\",\"potentialAction\":[{\"@type\":\"ReadAction\",\"target\":[\"https:\/\/komlohotelgyula.hu\/ro\/cerere-ofert\/multumim\/\"]}]},{\"@type\":\"BreadcrumbList\",\"@id\":\"https:\/\/komlohotelgyula.hu\/ro\/cerere-ofert\/multumim\/#breadcrumb\",\"itemListElement\":[{\"@type\":\"ListItem\",\"position\":1,\"name\":\"Home\",\"item\":\"https:\/\/komlohotelgyula.hu\/ro\/\"},{\"@type\":\"ListItem\",\"position\":2,\"name\":\"Cerere ofert\",\"item\":\"https:\/\/komlohotelgyula.hu\/ro\/cerere-ofert\/\"},{\"@type\":\"ListItem\",\"position\":3,\"name\":\"Mul\u021bumim\"}]},{\"@type\":\"WebSite\",\"@id\":\"https:\/\/komlohotelgyula.hu\/#website\",\"url\":\"https:\/\/komlohotelgyula.hu\/\",\"name\":\"Koml\u00f3 Hotel Gyula\",\"description\":\"\",\"potentialAction\":[{\"@type\":\"SearchAction\",\"target\":{\"@type\":\"EntryPoint\",\"urlTemplate\":\"https:\/\/komlohotelgyula.hu\/?s={search_term_string}\"},\"query-input\":{\"@type\":\"PropertyValueSpecification\",\"valueRequired\":true,\"valueName\":\"search_term_string\"}}],\"inLanguage\":\"ro-RO\"}]}<\/script>\n<!-- \/ Yoast SEO Premium plugin. -->","yoast_head_json":{"title":"K\u00f6sz\u00f6nj\u00fck aj\u00e1nlatk\u00e9r\u00e9s\u00e9t - Koml\u00f3 Hotel Gyula","description":"K\u00f6sz\u00f6nj\u00fck megkeres\u00e9s\u00e9t, munkat\u00e1rsunk hamarosan elk\u00e9sz\u00edti ig\u00e9nyeinek megfelel\u0151 szem\u00e9lyre szabott aj\u00e1nlat\u00e1t. V\u00e1rjuk sz\u00e1llod\u00e1nkban.","robots":{"index":"noindex","follow":"nofollow"},"og_locale":"ro_RO","og_type":"article","og_title":"Mul\u021bumim","og_description":"K\u00f6sz\u00f6nj\u00fck megkeres\u00e9s\u00e9t, munkat\u00e1rsunk hamarosan elk\u00e9sz\u00edti ig\u00e9nyeinek megfelel\u0151 szem\u00e9lyre szabott aj\u00e1nlat\u00e1t. V\u00e1rjuk sz\u00e1llod\u00e1nkban.","og_url":"https:\/\/komlohotelgyula.hu\/ro\/cerere-ofert\/multumim\/","og_site_name":"Koml\u00f3 Hotel Gyula","article_publisher":"https:\/\/www.facebook.com\/KomloHotelGyula\/","article_modified_time":"2017-05-18T09:27:34+00:00","twitter_card":"summary_large_image","schema":{"@context":"https:\/\/schema.org","@graph":[{"@type":"WebPage","@id":"https:\/\/komlohotelgyula.hu\/ro\/cerere-ofert\/multumim\/","url":"https:\/\/komlohotelgyula.hu\/ro\/cerere-ofert\/multumim\/","name":"K\u00f6sz\u00f6nj\u00fck aj\u00e1nlatk\u00e9r\u00e9s\u00e9t - Koml\u00f3 Hotel Gyula","isPartOf":{"@id":"https:\/\/komlohotelgyula.hu\/#website"},"datePublished":"2017-05-15T15:17:23+00:00","dateModified":"2017-05-18T09:27:34+00:00","description":"K\u00f6sz\u00f6nj\u00fck megkeres\u00e9s\u00e9t, munkat\u00e1rsunk hamarosan elk\u00e9sz\u00edti ig\u00e9nyeinek megfelel\u0151 szem\u00e9lyre szabott aj\u00e1nlat\u00e1t. V\u00e1rjuk sz\u00e1llod\u00e1nkban.","breadcrumb":{"@id":"https:\/\/komlohotelgyula.hu\/ro\/cerere-ofert\/multumim\/#breadcrumb"},"inLanguage":"ro-RO","potentialAction":[{"@type":"ReadAction","target":["https:\/\/komlohotelgyula.hu\/ro\/cerere-ofert\/multumim\/"]}]},{"@type":"BreadcrumbList","@id":"https:\/\/komlohotelgyula.hu\/ro\/cerere-ofert\/multumim\/#breadcrumb","itemListElement":[{"@type":"ListItem","position":1,"name":"Home","item":"https:\/\/komlohotelgyula.hu\/ro\/"},{"@type":"ListItem","position":2,"name":"Cerere ofert","item":"https:\/\/komlohotelgyula.hu\/ro\/cerere-ofert\/"},{"@type":"ListItem","position":3,"name":"Mul\u021bumim"}]},{"@type":"WebSite","@id":"https:\/\/komlohotelgyula.hu\/#website","url":"https:\/\/komlohotelgyula.hu\/","name":"Koml\u00f3 Hotel Gyula","description":"","potentialAction":[{"@type":"SearchAction","target":{"@type":"EntryPoint","urlTemplate":"https:\/\/komlohotelgyula.hu\/?s={search_term_string}"},"query-input":{"@type":"PropertyValueSpecification","valueRequired":true,"valueName":"search_term_string"}}],"inLanguage":"ro-RO"}]}},"_links":{"self":[{"href":"https:\/\/komlohotelgyula.hu\/ro\/wp-json\/wp\/v2\/pages\/6444","targetHints":{"allow":["GET"]}}],"collection":[{"href":"https:\/\/komlohotelgyula.hu\/ro\/wp-json\/wp\/v2\/pages"}],"about":[{"href":"https:\/\/komlohotelgyula.hu\/ro\/wp-json\/wp\/v2\/types\/page"}],"author":[{"embeddable":true,"href":"https:\/\/komlohotelgyula.hu\/ro\/wp-json\/wp\/v2\/users\/2"}],"replies":[{"embeddable":true,"href":"https:\/\/komlohotelgyula.hu\/ro\/wp-json\/wp\/v2\/comments?post=6444"}],"version-history":[{"count":0,"href":"https:\/\/komlohotelgyula.hu\/ro\/wp-json\/wp\/v2\/pages\/6444\/revisions"}],"up":[{"embeddable":true,"href":"https:\/\/komlohotelgyula.hu\/ro\/wp-json\/wp\/v2\/pages\/6557"}],"wp:attachment":[{"href":"https:\/\/komlohotelgyula.hu\/ro\/wp-json\/wp\/v2\/media?parent=6444"}],"curies":[{"name":"wp","href":"https:\/\/api.w.org\/{rel}","templated":true}]}}