{"id":6423,"date":"2017-05-15T16:55:54","date_gmt":"2017-05-15T14:55:54","guid":{"rendered":"https:\/\/www.komlohotelgyula.hu\/?page_id=6423\/"},"modified":"2017-05-18T12:17:02","modified_gmt":"2017-05-18T10:17:02","slug":"restaurant","status":"publish","type":"page","link":"https:\/\/komlohotelgyula.hu\/ro\/restaurant\/","title":{"rendered":"Restaurant"},"content":{"rendered":"<h3><\/h3>\n","protected":false},"excerpt":{"rendered":"","protected":false},"author":2,"featured_media":0,"parent":0,"menu_order":0,"comment_status":"closed","ping_status":"closed","template":"","meta":{"_et_pb_use_builder":"","_et_pb_old_content":"","_et_gb_content_width":"","footnotes":""},"class_list":["post-6423","page","type-page","status-publish","hentry"],"yoast_head":"<!-- This site is optimized with the Yoast SEO Premium plugin v27.2 (Yoast SEO v27.2) - https:\/\/yoast.com\/product\/yoast-seo-premium-wordpress\/ -->\n<title>Koml\u00f3 Hotel \u00c9tterem Gyula, a hazai \u00e9s nemzetk\u00f6zi konyha remekeivel.<\/title>\n<meta name=\"description\" content=\"Koml\u00f3 Hotel \u00c9tterem Gyula a v\u00e1ros sz\u00edv\u00e9ben, hazai \u00e9s nemzetk\u00f6zi konyha remekei v\u00e1rj\u00e1k, a legk\u00e9pzettek s\u00e9fek kez\u00e9b\u0151l! Rendezv\u00e9nyeket is v\u00e1llalunk!\" \/>\n<meta name=\"robots\" content=\"index, follow, max-snippet:-1, max-image-preview:large, max-video-preview:-1\" \/>\n<link rel=\"canonical\" href=\"https:\/\/komlohotelgyula.hu\/ro\/restaurant\/\" \/>\n<meta property=\"og:locale\" content=\"ro_RO\" \/>\n<meta property=\"og:type\" content=\"article\" \/>\n<meta property=\"og:title\" content=\"A legmagasabb szint\u0171 vend\u00e9gl\u00e1t\u00e1s v\u00e1rja!\" \/>\n<meta property=\"og:description\" content=\"A hazai \u00e9s nemzetk\u00f6zi konyha remekei v\u00e1rj\u00e1k, a legk\u00e9pzettek s\u00e9fek kez\u00e9b\u0151l! Min\u0151s\u00e9gi vend\u00e9gl\u00e1t\u00e1s a h\u00e9tk\u00f6znapokban \u00e9s csal\u00e1di \u00f6sszej\u00f6vetelek, c\u00e9ges rendezv\u00e9nyek, esk\u00fcv\u0151k eset\u00e9n is!\" \/>\n<meta property=\"og:url\" content=\"https:\/\/komlohotelgyula.hu\/ro\/restaurant\/\" \/>\n<meta property=\"og:site_name\" content=\"Koml\u00f3 Hotel Gyula\" \/>\n<meta property=\"article:publisher\" content=\"https:\/\/www.facebook.com\/KomloHotelGyula\/\" \/>\n<meta property=\"article:modified_time\" content=\"2017-05-18T10:17:02+00:00\" \/>\n<meta name=\"twitter:card\" content=\"summary_large_image\" \/>\n<meta name=\"twitter:title\" content=\"Restaurant\" \/>\n<script type=\"application\/ld+json\" class=\"yoast-schema-graph\">{\"@context\":\"https:\/\/schema.org\",\"@graph\":[{\"@type\":\"WebPage\",\"@id\":\"https:\/\/komlohotelgyula.hu\/ro\/restaurant\/\",\"url\":\"https:\/\/komlohotelgyula.hu\/ro\/restaurant\/\",\"name\":\"Koml\u00f3 Hotel \u00c9tterem Gyula, a hazai \u00e9s nemzetk\u00f6zi konyha remekeivel.\",\"isPartOf\":{\"@id\":\"https:\/\/komlohotelgyula.hu\/#website\"},\"datePublished\":\"2017-05-15T14:55:54+00:00\",\"dateModified\":\"2017-05-18T10:17:02+00:00\",\"description\":\"Koml\u00f3 Hotel \u00c9tterem Gyula a v\u00e1ros sz\u00edv\u00e9ben, hazai \u00e9s nemzetk\u00f6zi konyha remekei v\u00e1rj\u00e1k, a legk\u00e9pzettek s\u00e9fek kez\u00e9b\u0151l! Rendezv\u00e9nyeket is v\u00e1llalunk!\",\"breadcrumb\":{\"@id\":\"https:\/\/komlohotelgyula.hu\/ro\/restaurant\/#breadcrumb\"},\"inLanguage\":\"ro-RO\",\"potentialAction\":[{\"@type\":\"ReadAction\",\"target\":[\"https:\/\/komlohotelgyula.hu\/ro\/restaurant\/\"]}]},{\"@type\":\"BreadcrumbList\",\"@id\":\"https:\/\/komlohotelgyula.hu\/ro\/restaurant\/#breadcrumb\",\"itemListElement\":[{\"@type\":\"ListItem\",\"position\":1,\"name\":\"Home\",\"item\":\"https:\/\/komlohotelgyula.hu\/ro\/\"},{\"@type\":\"ListItem\",\"position\":2,\"name\":\"Restaurant\"}]},{\"@type\":\"WebSite\",\"@id\":\"https:\/\/komlohotelgyula.hu\/#website\",\"url\":\"https:\/\/komlohotelgyula.hu\/\",\"name\":\"Koml\u00f3 Hotel Gyula\",\"description\":\"\",\"potentialAction\":[{\"@type\":\"SearchAction\",\"target\":{\"@type\":\"EntryPoint\",\"urlTemplate\":\"https:\/\/komlohotelgyula.hu\/?s={search_term_string}\"},\"query-input\":{\"@type\":\"PropertyValueSpecification\",\"valueRequired\":true,\"valueName\":\"search_term_string\"}}],\"inLanguage\":\"ro-RO\"}]}<\/script>\n<!-- \/ Yoast SEO Premium plugin. -->","yoast_head_json":{"title":"Koml\u00f3 Hotel \u00c9tterem Gyula, a hazai \u00e9s nemzetk\u00f6zi konyha remekeivel.","description":"Koml\u00f3 Hotel \u00c9tterem Gyula a v\u00e1ros sz\u00edv\u00e9ben, hazai \u00e9s nemzetk\u00f6zi konyha remekei v\u00e1rj\u00e1k, a legk\u00e9pzettek s\u00e9fek kez\u00e9b\u0151l! Rendezv\u00e9nyeket is v\u00e1llalunk!","robots":{"index":"index","follow":"follow","max-snippet":"max-snippet:-1","max-image-preview":"max-image-preview:large","max-video-preview":"max-video-preview:-1"},"canonical":"https:\/\/komlohotelgyula.hu\/ro\/restaurant\/","og_locale":"ro_RO","og_type":"article","og_title":"A legmagasabb szint\u0171 vend\u00e9gl\u00e1t\u00e1s v\u00e1rja!","og_description":"A hazai \u00e9s nemzetk\u00f6zi konyha remekei v\u00e1rj\u00e1k, a legk\u00e9pzettek s\u00e9fek kez\u00e9b\u0151l! Min\u0151s\u00e9gi vend\u00e9gl\u00e1t\u00e1s a h\u00e9tk\u00f6znapokban \u00e9s csal\u00e1di \u00f6sszej\u00f6vetelek, c\u00e9ges rendezv\u00e9nyek, esk\u00fcv\u0151k eset\u00e9n is!","og_url":"https:\/\/komlohotelgyula.hu\/ro\/restaurant\/","og_site_name":"Koml\u00f3 Hotel Gyula","article_publisher":"https:\/\/www.facebook.com\/KomloHotelGyula\/","article_modified_time":"2017-05-18T10:17:02+00:00","twitter_card":"summary_large_image","twitter_title":"Restaurant","schema":{"@context":"https:\/\/schema.org","@graph":[{"@type":"WebPage","@id":"https:\/\/komlohotelgyula.hu\/ro\/restaurant\/","url":"https:\/\/komlohotelgyula.hu\/ro\/restaurant\/","name":"Koml\u00f3 Hotel \u00c9tterem Gyula, a hazai \u00e9s nemzetk\u00f6zi konyha remekeivel.","isPartOf":{"@id":"https:\/\/komlohotelgyula.hu\/#website"},"datePublished":"2017-05-15T14:55:54+00:00","dateModified":"2017-05-18T10:17:02+00:00","description":"Koml\u00f3 Hotel \u00c9tterem Gyula a v\u00e1ros sz\u00edv\u00e9ben, hazai \u00e9s nemzetk\u00f6zi konyha remekei v\u00e1rj\u00e1k, a legk\u00e9pzettek s\u00e9fek kez\u00e9b\u0151l! Rendezv\u00e9nyeket is v\u00e1llalunk!","breadcrumb":{"@id":"https:\/\/komlohotelgyula.hu\/ro\/restaurant\/#breadcrumb"},"inLanguage":"ro-RO","potentialAction":[{"@type":"ReadAction","target":["https:\/\/komlohotelgyula.hu\/ro\/restaurant\/"]}]},{"@type":"BreadcrumbList","@id":"https:\/\/komlohotelgyula.hu\/ro\/restaurant\/#breadcrumb","itemListElement":[{"@type":"ListItem","position":1,"name":"Home","item":"https:\/\/komlohotelgyula.hu\/ro\/"},{"@type":"ListItem","position":2,"name":"Restaurant"}]},{"@type":"WebSite","@id":"https:\/\/komlohotelgyula.hu\/#website","url":"https:\/\/komlohotelgyula.hu\/","name":"Koml\u00f3 Hotel Gyula","description":"","potentialAction":[{"@type":"SearchAction","target":{"@type":"EntryPoint","urlTemplate":"https:\/\/komlohotelgyula.hu\/?s={search_term_string}"},"query-input":{"@type":"PropertyValueSpecification","valueRequired":true,"valueName":"search_term_string"}}],"inLanguage":"ro-RO"}]}},"_links":{"self":[{"href":"https:\/\/komlohotelgyula.hu\/ro\/wp-json\/wp\/v2\/pages\/6423","targetHints":{"allow":["GET"]}}],"collection":[{"href":"https:\/\/komlohotelgyula.hu\/ro\/wp-json\/wp\/v2\/pages"}],"about":[{"href":"https:\/\/komlohotelgyula.hu\/ro\/wp-json\/wp\/v2\/types\/page"}],"author":[{"embeddable":true,"href":"https:\/\/komlohotelgyula.hu\/ro\/wp-json\/wp\/v2\/users\/2"}],"replies":[{"embeddable":true,"href":"https:\/\/komlohotelgyula.hu\/ro\/wp-json\/wp\/v2\/comments?post=6423"}],"version-history":[{"count":0,"href":"https:\/\/komlohotelgyula.hu\/ro\/wp-json\/wp\/v2\/pages\/6423\/revisions"}],"wp:attachment":[{"href":"https:\/\/komlohotelgyula.hu\/ro\/wp-json\/wp\/v2\/media?parent=6423"}],"curies":[{"name":"wp","href":"https:\/\/api.w.org\/{rel}","templated":true}]}}