{"id":6356,"date":"2013-12-11T07:21:51","date_gmt":"2013-12-11T06:21:51","guid":{"rendered":"https:\/\/www.komlohotelgyula.hu\/?page_id=6356\/"},"modified":"2023-08-14T10:37:08","modified_gmt":"2023-08-14T08:37:08","slug":"hotel","status":"publish","type":"page","link":"https:\/\/komlohotelgyula.hu\/ro\/hotel\/","title":{"rendered":"Hotel"},"content":{"rendered":"<p>[et_pb_section fb_built=&#8221;1&#8243; _builder_version=&#8221;4.20.2&#8243; _module_preset=&#8221;default&#8221; use_background_color_gradient=&#8221;on&#8221; background_color_gradient_stops=&#8221;#b5a166 0%|rgba(45,45,45,0.51) 100%&#8221; background_image=&#8221;https:\/\/komlohotelgyula.hu\/wp-content\/uploads\/komlo-hotel-gyula-19-scaled.jpg&#8221; background_blend=&#8221;overlay&#8221; max_height=&#8221;70px&#8221; custom_padding=&#8221;20%||20%||false|false&#8221; bottom_divider_style=&#8221;wave2&#8243; bottom_divider_color=&#8221;#383838&#8243; global_colors_info=&#8221;{}&#8221;][\/et_pb_section][et_pb_section fb_built=&#8221;1&#8243; _builder_version=&#8221;4.20.2&#8243; _module_preset=&#8221;default&#8221; background_enable_color=&#8221;off&#8221; use_background_color_gradient=&#8221;on&#8221; background_color_gradient_direction=&#8221;193deg&#8221; background_color_gradient_stops=&#8221;#b5a166 0%|rgba(255,255,255,0.67) 28%|#b5a166 48%|rgba(226,219,196,0.64) 67%|#b5a268 100%&#8221; background_enable_image=&#8221;off&#8221; background_blend=&#8221;overlay&#8221; background_enable_pattern_style=&#8221;on&#8221; background_pattern_style=&#8221;3d-diamonds&#8221; background_pattern_color=&#8221;#727272&#8243; background_pattern_transform=&#8221;invert&#8221; background_pattern_blend_mode=&#8221;overlay&#8221; background_enable_mask_style=&#8221;on&#8221; background_mask_style=&#8221;square-stripes&#8221; background_mask_color=&#8221;#383838&#8243; background_mask_transform=&#8221;flip_vertical|flip_horizontal&#8221; background_mask_size=&#8221;cover&#8221; custom_margin=&#8221;-1px||||false|false&#8221; custom_padding=&#8221;0px|||||&#8221; global_colors_info=&#8221;{}&#8221;][et_pb_row module_class=&#8221;bg_blure&#8221; _builder_version=&#8221;4.20.2&#8243; _module_preset=&#8221;default&#8221; global_colors_info=&#8221;{}&#8221;][et_pb_column type=&#8221;4_4&#8243; _builder_version=&#8221;4.20.2&#8243; _module_preset=&#8221;default&#8221; global_colors_info=&#8221;{}&#8221;][et_pb_text module_class=&#8221;bg_blure&#8221; _builder_version=&#8221;4.20.2&#8243; _module_preset=&#8221;default&#8221; header_text_color=&#8221;#000000&#8243; background_color=&#8221;#383838&#8243; text_orientation=&#8221;justified&#8221; custom_padding=&#8221;10px|20px|10px|20px|false|false&#8221; hover_enabled=&#8221;0&#8243; border_radii=&#8221;on|24px|24px|24px|24px&#8221; border_width_all=&#8221;4px&#8221; border_color_all=&#8221;#4f4f4f&#8221; border_width_top=&#8221;1px&#8221; border_width_right=&#8221;14px&#8221; border_width_bottom=&#8221;14px&#8221; border_width_left=&#8221;1px&#8221; border_color_left=&#8221;#323334&#8243; box_shadow_style=&#8221;preset4&#8243; box_shadow_horizontal=&#8221;3px&#8221; box_shadow_vertical=&#8221;4px&#8221; box_shadow_color=&#8221;#B5A166&#8243; global_colors_info=&#8221;{}&#8221; sticky_enabled=&#8221;0&#8243;]<\/p>\n<p>\u00cen iulie 2016, primul \u0219i cel mai patinat hotel din Gyula \u0219i-a deschis din nou por\u021bile \u00een Hotel Koml\u00f3. Dup\u0103 o pauz\u0103 de aproape un sfert de secol, ace\u0219tia pot intra din nou \u00een posesia complexului, care a fost al doilea cel mai popular hotel din \u021bar\u0103 \u00een 2017. \u00cen timpul renov\u0103rii, designerii au f\u0103cut tot ce le-a putut pentru a re\u00eennoi hotelul \u00eentr-un mod cu adev\u0103rat special, drept urmare luxul, elegan\u021ba \u0219i tradi\u021bia s-au \u00eembinat cu a\u0219tept\u0103rile epocii moderne \u0219i cu tendin\u021bele sale.<\/p>\n<p>Este situat l\u00e2ng\u0103 Pia\u021ba principal\u0103 renovat\u0103 a ora\u0219ului, la 10 minute de mers pe jos de celebrul Castel Gyula \u0219i Castle Spa. Oferim oaspe\u021bilor no\u0219tri un transfer bancar pentru a ajunge la atrac\u021bii mai rapid \u0219i mai convenabil! Nu rata\u021bi aceast\u0103 oportunitate unic\u0103, deoarece pute\u021bi lua parte la o c\u0103l\u0103torie \u00een timp real datorit\u0103 frumoasei noastre ma\u0219ini retro!<\/p>\n<p style=\"text-align: center;\">\n<p>[\/et_pb_text][et_pb_text _builder_version=&#8221;4.21.2&#8243; _module_preset=&#8221;default&#8221; header_text_color=&#8221;#D1D1D1&#8243; header_font_size=&#8221;100%&#8221; header_2_text_color=&#8221;#D1D1D1&#8243; header_3_text_color=&#8221;#FFFFFF&#8221; background_color=&#8221;#383838&#8243; width=&#8221;100%&#8221; custom_padding=&#8221;44px|10px|10px|10px|false|false&#8221; border_radii=&#8221;on|4px|4px|4px|4px&#8221; border_color_all=&#8221;#D1D1D1&#8243; border_width_right=&#8221;0px&#8221; border_width_bottom=&#8221;0px&#8221; global_colors_info=&#8221;{}&#8221;]<\/p>\n<h2 style=\"text-align: center;\">IMPARTASITI SI DVS. EXPERIENTA REINNOITA KOML\u00d3!<\/h2>\n<p>[\/et_pb_text][\/et_pb_column][\/et_pb_row][et_pb_row _builder_version=&#8221;4.20.2&#8243; _module_preset=&#8221;default&#8221; custom_margin=&#8221;-18px|auto||auto||&#8221; custom_padding=&#8221;0px||1px|||&#8221; global_colors_info=&#8221;{}&#8221;][et_pb_column type=&#8221;4_4&#8243; _builder_version=&#8221;4.20.2&#8243; _module_preset=&#8221;default&#8221; global_colors_info=&#8221;{}&#8221;][et_pb_text module_class=&#8221;belso_artdeco_keret&#8221; _builder_version=&#8221;4.21.2&#8243; _module_preset=&#8221;default&#8221; global_colors_info=&#8221;{}&#8221;]<\/p>\n<h2 style=\"text-align: center;\">DESPRE NOI<\/h2>\n<p>[\/et_pb_text][\/et_pb_column][\/et_pb_row][et_pb_row _builder_version=&#8221;4.20.2&#8243; _module_preset=&#8221;default&#8221; global_colors_info=&#8221;{}&#8221;][et_pb_column type=&#8221;4_4&#8243; _builder_version=&#8221;4.20.2&#8243; _module_preset=&#8221;default&#8221; global_colors_info=&#8221;{}&#8221;][et_pb_image src=&#8221;https:\/\/komlohotelgyula.hu\/wp-content\/uploads\/csepregi_7197_r22-4.jpg&#8221; title_text=&#8221;csepregi_7197_r22&#8243; _builder_version=&#8221;4.20.2&#8243; _module_preset=&#8221;default&#8221; custom_css_main_element=&#8221;transition: transform .5s ease;&#8221; border_radii=&#8221;on|20px|20px|20px|20px&#8221; box_shadow_style=&#8221;preset6&#8243; global_colors_info=&#8221;{}&#8221;][\/et_pb_image][et_pb_text _builder_version=&#8221;4.21.2&#8243; _module_preset=&#8221;default&#8221; header_text_color=&#8221;#000000&#8243; background_color=&#8221;#383838&#8243; text_orientation=&#8221;justified&#8221; custom_padding=&#8221;10px|20px|10px|20px|false|false&#8221; border_radii=&#8221;on|24px|24px|24px|24px&#8221; border_width_all=&#8221;4px&#8221; border_width_top=&#8221;1px&#8221; border_width_right=&#8221;14px&#8221; border_width_bottom=&#8221;14px&#8221; border_width_left=&#8221;1px&#8221; border_color_left=&#8221;#323334&#8243; box_shadow_style=&#8221;preset4&#8243; box_shadow_horizontal=&#8221;3px&#8221; box_shadow_vertical=&#8221;4px&#8221; box_shadow_color=&#8221;#B5A166&#8243; global_colors_info=&#8221;{}&#8221;]<\/p>\n<p>Primul \u0219i cel mai cochet hotel din ora\u0219ul Gyula, odinioar\u0103 Koml\u00f3 Sz\u00e1ll\u00f3, \u0219i-a redeschis por\u021bile dup\u0103 aproape un sfert de secol pauz\u0103 \u00een iulie 2016 \u0219i i\u0219i a\u0219teapt\u0103 oaspe\u021bii sub numele KOML\u00d3 HOTEL GYULA****<\/p>\n<p>Situat\u0103 \u00een inima ora\u0219ului, str\u0103lucind ca o caset\u0103 de bijuterii, cl\u0103direa frumoas\u0103 \u00een stil Art Nouveau al KOML\u00d3 HOTEL GYULA**** a fost renovat\u0103 cu fidelitate, \u021bin\u00e2nd cont maxim de cerin\u021bele timpurilor noastre, p\u0103str\u00e2nd func\u021bia \u0219i elegan\u021ba vechilor \u00eenc\u0103peri.<br \/>Oaspe\u021bilor no\u0219tri dragi le oferim o atmosfer\u0103 nostalgic\u0103, confort inegalabil, servicii de calitate \u0219i experien\u021be culinare exclusive.<\/p>\n<p>Koml\u00f3 Hotel Gyula**** \u00ee\u0219i asteapt\u0103 vizitatorii cu 37 camere confortabile, amenajate cu bun gust, dintre care 12 suite spa\u021bioase, cu experien\u021be wellness \u0219i specialit\u0103\u021bi culinare.<\/p>\n<p>[\/et_pb_text][et_pb_text _builder_version=&#8221;4.21.2&#8243; _module_preset=&#8221;default&#8221; header_text_color=&#8221;#D1D1D1&#8243; header_font_size=&#8221;100%&#8221; header_2_text_color=&#8221;#D1D1D1&#8243; header_3_text_color=&#8221;#FFFFFF&#8221; background_color=&#8221;#383838&#8243; width=&#8221;100%&#8221; max_width=&#8221;100%&#8221; custom_padding=&#8221;42px|10px|30px|10px|false|false&#8221; border_radii=&#8221;on|4px|4px|4px|4px&#8221; border_color_all=&#8221;#D1D1D1&#8243; border_width_right=&#8221;0px&#8221; border_width_bottom=&#8221;0px&#8221; global_colors_info=&#8221;{}&#8221;]<\/p>\n<h3 class=\"gdlr-item-title gdlr-skin-title gdlr-skin-border\" style=\"text-align: center;\">CONFORT, S\u0102N\u0102TATE \u0218I SIGURAN\u021a\u0102<\/h3>\n<p>[\/et_pb_text][\/et_pb_column][\/et_pb_row][et_pb_row _builder_version=&#8221;4.20.2&#8243; _module_preset=&#8221;default&#8221; global_colors_info=&#8221;{}&#8221;][et_pb_column type=&#8221;4_4&#8243; _builder_version=&#8221;4.20.2&#8243; _module_preset=&#8221;default&#8221; global_colors_info=&#8221;{}&#8221;][et_pb_text _builder_version=&#8221;4.21.2&#8243; _module_preset=&#8221;default&#8221; header_text_color=&#8221;#000000&#8243; background_color=&#8221;#383838&#8243; text_orientation=&#8221;justified&#8221; custom_padding=&#8221;10px|20px|10px|20px|false|false&#8221; border_radii=&#8221;on|24px|24px|24px|24px&#8221; border_width_all=&#8221;4px&#8221; border_width_top=&#8221;1px&#8221; border_width_right=&#8221;14px&#8221; border_width_bottom=&#8221;14px&#8221; border_width_left=&#8221;1px&#8221; border_color_left=&#8221;#323334&#8243; box_shadow_style=&#8221;preset4&#8243; box_shadow_horizontal=&#8221;3px&#8221; box_shadow_vertical=&#8221;4px&#8221; box_shadow_color=&#8221;#B5A166&#8243; global_colors_info=&#8221;{}&#8221;]<\/p>\n<p>Confortul inegalabil \u0219i mediul s\u0103n\u0103tos sunt \u00een zilele noastre preten\u021bii de sine \u00een\u021beles, \u00eens\u0103 pot fi sporite:<\/p>\n<p><strong>Paturile matrimoniale<\/strong>\u00a0ale Hotelului Koml\u00f3 sunt de dimensiuni excep\u021bionale cu saltele anti-alergice \u0219i lenjerie de\u00a0<strong>pat anti-alergic\u0103.<\/strong>\u00a0Hotelul se cur\u0103\u021b\u0103 cu cur\u0103\u021bitor de podea UNIPROF, ma\u0219in\u0103 de cur\u0103\u021bat \u00d6KOLUX \u0219i sistem de cur\u0103\u021bire de mare putere POWERPROF, care\u00a0<strong>satisfac cele mai \u00eenalte necesit\u0103\u021bi<\/strong>\u00a0\u0219i cerin\u021be de cur\u0103\u021bire.<\/p>\n<p>&nbsp;<\/p>\n<p>La cerere amplas\u0103m in camera Dvs. dispozitivul de cur\u0103\u021bire a aerului\u00a0<strong>Aeroguard<\/strong>\u00a04S, care asigur\u0103 ca oaspe\u021bii nostri care sufer\u0103 de alergii, boli respiratorii sau dificult\u0103\u021bi de respira\u021bie s\u0103 fie \u00eenconjurati pe timpul sejurului de aer curat, f\u0103r\u0103 praf sau p\u0103r de animale in aer, \u0219i prin acesta usur\u00e2nd simptomele \u0219i dificult\u0103\u021bile lor.<\/p>\n<p>&nbsp;<\/p>\n<p>Camerele de tip\u00a0<em>Superior<\/em>\u00a0de pe partea de est sunt dotate cu\u00a0<strong>obloane ac\u021bionate electric fabricate<\/strong>\u00a0de\u00a0<a href=\"https:\/\/www.jola.hu\/\"><em>grupul JOLA<\/em><\/a>. Cu ajutorul telecomenzii pute\u021bi regla pozi\u021bia dorit\u0103, pe care cu o ap\u0103sare de buton pute\u021bi modifica \u00een mod instantaneu. La noi cel mai important este confortul oaspe\u021bilor nostri, facem tot posibilul ca nici m\u0103car razele soarelui r\u0103sare s\u0103 nu le perturbe odihna!<\/p>\n<p>&nbsp;<\/p>\n<p>Pe bun\u0103 dreptate a\u0219teapta\u021bi de la noi ca Dvs., familia \u0219i respectiv valorile Dvs s\u0103 fie \u00een siguran\u021b\u0103 \u00een hotelul nostru. Acest lucru este asigurat nu numai prin serviciul personal de 24 ore \u0219i standarde de siguran\u021b\u0103, v\u0103 oferim \u0219i mai mult:<\/p>\n<p><strong>Parcarea \u00eenchis\u0103, gratuit\u0103 poate<\/strong>\u00a0fi folosit\u0103 exclusiv de oaspe\u021bii Hotel Koml\u00f3**** , primind dup\u0103 rezervare codul de acces la cea mai modern\u0103 technic\u0103 de barier\u0103! Pentru a \u0219tii \u0219i valorile personale \u00een total\u0103 siguran\u021b\u0103 \u00een hotel am echipat camerele cu\u00a0<strong>seifuri<\/strong>\u00a0unde pute\u021bi plasa chiar \u0219i un laptop, Dvs. specific\u00e2nd codul.<\/p>\n<p>[\/et_pb_text][et_pb_divider show_divider=&#8221;off&#8221; _builder_version=&#8221;4.20.2&#8243; _module_preset=&#8221;default&#8221; global_colors_info=&#8221;{}&#8221;][\/et_pb_divider][\/et_pb_column][\/et_pb_row][et_pb_row _builder_version=&#8221;4.20.2&#8243; _module_preset=&#8221;default&#8221; width=&#8221;16%&#8221; width_tablet=&#8221;34%&#8221; width_phone=&#8221;34%&#8221; width_last_edited=&#8221;on|phone&#8221; global_colors_info=&#8221;{}&#8221;][et_pb_column type=&#8221;4_4&#8243; _builder_version=&#8221;4.20.2&#8243; _module_preset=&#8221;default&#8221; global_colors_info=&#8221;{}&#8221;][et_pb_text module_class=&#8221;belso_artdeco_keret&#8221; _builder_version=&#8221;4.21.2&#8243; _module_preset=&#8221;default&#8221; header_2_font_size_tablet=&#8221;&#8221; header_2_font_size_phone=&#8221;1.5em&#8221; header_2_font_size_last_edited=&#8221;on|phone&#8221; global_colors_info=&#8221;{}&#8221;]<\/p>\n<h2 style=\"text-align: center;\">GYULA HART\u0102<\/h2>\n<p>[\/et_pb_text][\/et_pb_column][\/et_pb_row][et_pb_row _builder_version=&#8221;4.20.2&#8243; _module_preset=&#8221;default&#8221; global_colors_info=&#8221;{}&#8221;][et_pb_column type=&#8221;4_4&#8243; _builder_version=&#8221;4.20.2&#8243; _module_preset=&#8221;default&#8221; global_colors_info=&#8221;{}&#8221;][et_pb_image src=&#8221;https:\/\/komlohotelgyula.hu\/wp-content\/uploads\/gyula-terkep-1.jpg&#8221; title_text=&#8221;Gyula t\u00e9rk\u00e9p&#8221; _builder_version=&#8221;4.20.2&#8243; _module_preset=&#8221;default&#8221; global_colors_info=&#8221;{}&#8221;][\/et_pb_image][\/et_pb_column][\/et_pb_row][\/et_pb_section]<\/p>\n","protected":false},"excerpt":{"rendered":"<p>\u00cen iulie 2016, primul \u0219i cel mai patinat hotel din Gyula \u0219i-a deschis din nou por\u021bile \u00een Hotel Koml\u00f3. Dup\u0103 o pauz\u0103 de aproape un sfert de secol, ace\u0219tia pot intra din nou \u00een posesia complexului, care a fost al doilea cel mai popular hotel din \u021bar\u0103 \u00een 2017. \u00cen timpul renov\u0103rii, designerii au f\u0103cut [&hellip;]<\/p>\n","protected":false},"author":2,"featured_media":0,"parent":0,"menu_order":0,"comment_status":"closed","ping_status":"closed","template":"","meta":{"_et_pb_use_builder":"on","_et_pb_old_content":"","_et_gb_content_width":"","footnotes":""},"class_list":["post-6356","page","type-page","status-publish","hentry"],"yoast_head":"<!-- This site is optimized with the Yoast SEO Premium plugin v27.2 (Yoast SEO v27.2) - https:\/\/yoast.com\/product\/yoast-seo-premium-wordpress\/ -->\n<title>Hotel Gyul\u00e1n. A Koml\u00f3 Hotel Gyula **** a leg\u00fajabb n\u00e9gcsillagos sz\u00e1lloda Gyul\u00e1n.<\/title>\n<meta name=\"description\" content=\"Hotel Gyul\u00e1n. Gyula leg\u00fajabb n\u00e9gycsillagos sz\u00e1llod\u00e1ja a Koml\u00f3 Hotel Gyula **** szeretettel v\u00e1rja vend\u00e9geit, igazi luxus \u00e9s elegancia!\" \/>\n<meta name=\"robots\" content=\"index, follow, max-snippet:-1, max-image-preview:large, max-video-preview:-1\" \/>\n<link rel=\"canonical\" href=\"https:\/\/komlohotelgyula.hu\/ro\/hotel\/\" \/>\n<meta property=\"og:locale\" content=\"ro_RO\" \/>\n<meta property=\"og:type\" content=\"article\" \/>\n<meta property=\"og:title\" content=\"Hotel\" \/>\n<meta property=\"og:description\" content=\"Hotel Gyul\u00e1n. Gyula leg\u00fajabb n\u00e9gycsillagos sz\u00e1llod\u00e1ja a Koml\u00f3 Hotel Gyula **** szeretettel v\u00e1rja vend\u00e9geit, igazi luxus \u00e9s elegancia!\" \/>\n<meta property=\"og:url\" content=\"https:\/\/komlohotelgyula.hu\/ro\/hotel\/\" \/>\n<meta property=\"og:site_name\" content=\"Koml\u00f3 Hotel Gyula\" \/>\n<meta property=\"article:publisher\" content=\"https:\/\/www.facebook.com\/KomloHotelGyula\/\" \/>\n<meta property=\"article:modified_time\" content=\"2023-08-14T08:37:08+00:00\" \/>\n<meta name=\"twitter:card\" content=\"summary_large_image\" \/>\n<meta name=\"twitter:label1\" content=\"Timp estimat pentru citire\" \/>\n\t<meta name=\"twitter:data1\" content=\"5 minute\" \/>\n<script type=\"application\/ld+json\" class=\"yoast-schema-graph\">{\"@context\":\"https:\/\/schema.org\",\"@graph\":[{\"@type\":\"WebPage\",\"@id\":\"https:\/\/komlohotelgyula.hu\/ro\/hotel\/\",\"url\":\"https:\/\/komlohotelgyula.hu\/ro\/hotel\/\",\"name\":\"Hotel Gyul\u00e1n. A Koml\u00f3 Hotel Gyula **** a leg\u00fajabb n\u00e9gcsillagos sz\u00e1lloda Gyul\u00e1n.\",\"isPartOf\":{\"@id\":\"https:\/\/komlohotelgyula.hu\/#website\"},\"datePublished\":\"2013-12-11T06:21:51+00:00\",\"dateModified\":\"2023-08-14T08:37:08+00:00\",\"description\":\"Hotel Gyul\u00e1n. Gyula leg\u00fajabb n\u00e9gycsillagos sz\u00e1llod\u00e1ja a Koml\u00f3 Hotel Gyula **** szeretettel v\u00e1rja vend\u00e9geit, igazi luxus \u00e9s elegancia!\",\"breadcrumb\":{\"@id\":\"https:\/\/komlohotelgyula.hu\/ro\/hotel\/#breadcrumb\"},\"inLanguage\":\"ro-RO\",\"potentialAction\":[{\"@type\":\"ReadAction\",\"target\":[\"https:\/\/komlohotelgyula.hu\/ro\/hotel\/\"]}]},{\"@type\":\"BreadcrumbList\",\"@id\":\"https:\/\/komlohotelgyula.hu\/ro\/hotel\/#breadcrumb\",\"itemListElement\":[{\"@type\":\"ListItem\",\"position\":1,\"name\":\"Home\",\"item\":\"https:\/\/komlohotelgyula.hu\/ro\/\"},{\"@type\":\"ListItem\",\"position\":2,\"name\":\"Hotel\"}]},{\"@type\":\"WebSite\",\"@id\":\"https:\/\/komlohotelgyula.hu\/#website\",\"url\":\"https:\/\/komlohotelgyula.hu\/\",\"name\":\"Koml\u00f3 Hotel Gyula\",\"description\":\"\",\"potentialAction\":[{\"@type\":\"SearchAction\",\"target\":{\"@type\":\"EntryPoint\",\"urlTemplate\":\"https:\/\/komlohotelgyula.hu\/?s={search_term_string}\"},\"query-input\":{\"@type\":\"PropertyValueSpecification\",\"valueRequired\":true,\"valueName\":\"search_term_string\"}}],\"inLanguage\":\"ro-RO\"}]}<\/script>\n<!-- \/ Yoast SEO Premium plugin. -->","yoast_head_json":{"title":"Hotel Gyul\u00e1n. A Koml\u00f3 Hotel Gyula **** a leg\u00fajabb n\u00e9gcsillagos sz\u00e1lloda Gyul\u00e1n.","description":"Hotel Gyul\u00e1n. Gyula leg\u00fajabb n\u00e9gycsillagos sz\u00e1llod\u00e1ja a Koml\u00f3 Hotel Gyula **** szeretettel v\u00e1rja vend\u00e9geit, igazi luxus \u00e9s elegancia!","robots":{"index":"index","follow":"follow","max-snippet":"max-snippet:-1","max-image-preview":"max-image-preview:large","max-video-preview":"max-video-preview:-1"},"canonical":"https:\/\/komlohotelgyula.hu\/ro\/hotel\/","og_locale":"ro_RO","og_type":"article","og_title":"Hotel","og_description":"Hotel Gyul\u00e1n. Gyula leg\u00fajabb n\u00e9gycsillagos sz\u00e1llod\u00e1ja a Koml\u00f3 Hotel Gyula **** szeretettel v\u00e1rja vend\u00e9geit, igazi luxus \u00e9s elegancia!","og_url":"https:\/\/komlohotelgyula.hu\/ro\/hotel\/","og_site_name":"Koml\u00f3 Hotel Gyula","article_publisher":"https:\/\/www.facebook.com\/KomloHotelGyula\/","article_modified_time":"2023-08-14T08:37:08+00:00","twitter_card":"summary_large_image","twitter_misc":{"Timp estimat pentru citire":"5 minute"},"schema":{"@context":"https:\/\/schema.org","@graph":[{"@type":"WebPage","@id":"https:\/\/komlohotelgyula.hu\/ro\/hotel\/","url":"https:\/\/komlohotelgyula.hu\/ro\/hotel\/","name":"Hotel Gyul\u00e1n. A Koml\u00f3 Hotel Gyula **** a leg\u00fajabb n\u00e9gcsillagos sz\u00e1lloda Gyul\u00e1n.","isPartOf":{"@id":"https:\/\/komlohotelgyula.hu\/#website"},"datePublished":"2013-12-11T06:21:51+00:00","dateModified":"2023-08-14T08:37:08+00:00","description":"Hotel Gyul\u00e1n. Gyula leg\u00fajabb n\u00e9gycsillagos sz\u00e1llod\u00e1ja a Koml\u00f3 Hotel Gyula **** szeretettel v\u00e1rja vend\u00e9geit, igazi luxus \u00e9s elegancia!","breadcrumb":{"@id":"https:\/\/komlohotelgyula.hu\/ro\/hotel\/#breadcrumb"},"inLanguage":"ro-RO","potentialAction":[{"@type":"ReadAction","target":["https:\/\/komlohotelgyula.hu\/ro\/hotel\/"]}]},{"@type":"BreadcrumbList","@id":"https:\/\/komlohotelgyula.hu\/ro\/hotel\/#breadcrumb","itemListElement":[{"@type":"ListItem","position":1,"name":"Home","item":"https:\/\/komlohotelgyula.hu\/ro\/"},{"@type":"ListItem","position":2,"name":"Hotel"}]},{"@type":"WebSite","@id":"https:\/\/komlohotelgyula.hu\/#website","url":"https:\/\/komlohotelgyula.hu\/","name":"Koml\u00f3 Hotel Gyula","description":"","potentialAction":[{"@type":"SearchAction","target":{"@type":"EntryPoint","urlTemplate":"https:\/\/komlohotelgyula.hu\/?s={search_term_string}"},"query-input":{"@type":"PropertyValueSpecification","valueRequired":true,"valueName":"search_term_string"}}],"inLanguage":"ro-RO"}]}},"_links":{"self":[{"href":"https:\/\/komlohotelgyula.hu\/ro\/wp-json\/wp\/v2\/pages\/6356","targetHints":{"allow":["GET"]}}],"collection":[{"href":"https:\/\/komlohotelgyula.hu\/ro\/wp-json\/wp\/v2\/pages"}],"about":[{"href":"https:\/\/komlohotelgyula.hu\/ro\/wp-json\/wp\/v2\/types\/page"}],"author":[{"embeddable":true,"href":"https:\/\/komlohotelgyula.hu\/ro\/wp-json\/wp\/v2\/users\/2"}],"replies":[{"embeddable":true,"href":"https:\/\/komlohotelgyula.hu\/ro\/wp-json\/wp\/v2\/comments?post=6356"}],"version-history":[{"count":0,"href":"https:\/\/komlohotelgyula.hu\/ro\/wp-json\/wp\/v2\/pages\/6356\/revisions"}],"wp:attachment":[{"href":"https:\/\/komlohotelgyula.hu\/ro\/wp-json\/wp\/v2\/media?parent=6356"}],"curies":[{"name":"wp","href":"https:\/\/api.w.org\/{rel}","templated":true}]}}