{"id":6349,"date":"2017-05-15T09:25:50","date_gmt":"2017-05-15T07:25:50","guid":{"rendered":"https:\/\/www.komlohotelgyula.hu\/?page_id=6349\/"},"modified":"2017-09-01T09:37:19","modified_gmt":"2017-09-01T07:37:19","slug":"preturi-promotii","status":"publish","type":"page","link":"https:\/\/komlohotelgyula.hu\/ro\/preturi-promotii\/","title":{"rendered":"Pre\u021buri &#8211; promo\u021bii"},"content":{"rendered":"<p>Tarife camere actuale \u2013 Koml\u00f3 Hotel Gyula****<\/p>\n","protected":false},"excerpt":{"rendered":"<p>Tarife camere actuale \u2013 Koml\u00f3 Hotel Gyula****<\/p>\n","protected":false},"author":2,"featured_media":0,"parent":0,"menu_order":0,"comment_status":"closed","ping_status":"closed","template":"","meta":{"_et_pb_use_builder":"","_et_pb_old_content":"","_et_gb_content_width":"","footnotes":""},"class_list":["post-6349","page","type-page","status-publish","hentry"],"yoast_head":"<!-- This site is optimized with the Yoast SEO Premium plugin v27.2 (Yoast SEO v27.2) - https:\/\/yoast.com\/product\/yoast-seo-premium-wordpress\/ -->\n<title>\u00c1rak - akci\u00f3k - kedvezm\u00e9nyes csomagaj\u00e1nlataink - Koml\u00f3 Hotel Gyula<\/title>\n<meta name=\"description\" content=\"\u00c1rak az \u00e1f\u00e1val felt\u00fcntetve. Aktu\u00e1lis akci\u00f3inkr\u00f3l \u00e9s kedvezm\u00e9nyes csomagaj\u00e1nlatainkr\u00f3l olvashat. K\u00e9rjen aj\u00e1nlatot, foglaljon szob\u00e1t online, egyszer\u0171en!\" \/>\n<meta name=\"robots\" content=\"index, follow, max-snippet:-1, max-image-preview:large, max-video-preview:-1\" \/>\n<link rel=\"canonical\" href=\"https:\/\/komlohotelgyula.hu\/ro\/preturi-promotii\/\" \/>\n<meta property=\"og:locale\" content=\"ro_RO\" \/>\n<meta property=\"og:type\" content=\"article\" \/>\n<meta property=\"og:title\" content=\"Pre\u021buri - promo\u021bii\" \/>\n<meta property=\"og:description\" content=\"\u00c1rak az \u00e1f\u00e1val felt\u00fcntetve. Aktu\u00e1lis akci\u00f3inkr\u00f3l \u00e9s kedvezm\u00e9nyes csomagaj\u00e1nlatainkr\u00f3l olvashat. K\u00e9rjen aj\u00e1nlatot, foglaljon szob\u00e1t online, egyszer\u0171en!\" \/>\n<meta property=\"og:url\" content=\"https:\/\/komlohotelgyula.hu\/ro\/preturi-promotii\/\" \/>\n<meta property=\"og:site_name\" content=\"Koml\u00f3 Hotel Gyula\" \/>\n<meta property=\"article:publisher\" content=\"https:\/\/www.facebook.com\/KomloHotelGyula\/\" \/>\n<meta property=\"article:modified_time\" content=\"2017-09-01T07:37:19+00:00\" \/>\n<meta name=\"twitter:card\" content=\"summary_large_image\" \/>\n<script type=\"application\/ld+json\" class=\"yoast-schema-graph\">{\"@context\":\"https:\/\/schema.org\",\"@graph\":[{\"@type\":\"WebPage\",\"@id\":\"https:\/\/komlohotelgyula.hu\/ro\/preturi-promotii\/\",\"url\":\"https:\/\/komlohotelgyula.hu\/ro\/preturi-promotii\/\",\"name\":\"\u00c1rak - akci\u00f3k - kedvezm\u00e9nyes csomagaj\u00e1nlataink - Koml\u00f3 Hotel Gyula\",\"isPartOf\":{\"@id\":\"https:\/\/komlohotelgyula.hu\/#website\"},\"datePublished\":\"2017-05-15T07:25:50+00:00\",\"dateModified\":\"2017-09-01T07:37:19+00:00\",\"description\":\"\u00c1rak az \u00e1f\u00e1val felt\u00fcntetve. Aktu\u00e1lis akci\u00f3inkr\u00f3l \u00e9s kedvezm\u00e9nyes csomagaj\u00e1nlatainkr\u00f3l olvashat. K\u00e9rjen aj\u00e1nlatot, foglaljon szob\u00e1t online, egyszer\u0171en!\",\"breadcrumb\":{\"@id\":\"https:\/\/komlohotelgyula.hu\/ro\/preturi-promotii\/#breadcrumb\"},\"inLanguage\":\"ro-RO\",\"potentialAction\":[{\"@type\":\"ReadAction\",\"target\":[\"https:\/\/komlohotelgyula.hu\/ro\/preturi-promotii\/\"]}]},{\"@type\":\"BreadcrumbList\",\"@id\":\"https:\/\/komlohotelgyula.hu\/ro\/preturi-promotii\/#breadcrumb\",\"itemListElement\":[{\"@type\":\"ListItem\",\"position\":1,\"name\":\"Home\",\"item\":\"https:\/\/komlohotelgyula.hu\/ro\/\"},{\"@type\":\"ListItem\",\"position\":2,\"name\":\"Pre\u021buri &#8211; promo\u021bii\"}]},{\"@type\":\"WebSite\",\"@id\":\"https:\/\/komlohotelgyula.hu\/#website\",\"url\":\"https:\/\/komlohotelgyula.hu\/\",\"name\":\"Koml\u00f3 Hotel Gyula\",\"description\":\"\",\"potentialAction\":[{\"@type\":\"SearchAction\",\"target\":{\"@type\":\"EntryPoint\",\"urlTemplate\":\"https:\/\/komlohotelgyula.hu\/?s={search_term_string}\"},\"query-input\":{\"@type\":\"PropertyValueSpecification\",\"valueRequired\":true,\"valueName\":\"search_term_string\"}}],\"inLanguage\":\"ro-RO\"}]}<\/script>\n<!-- \/ Yoast SEO Premium plugin. -->","yoast_head_json":{"title":"\u00c1rak - akci\u00f3k - kedvezm\u00e9nyes csomagaj\u00e1nlataink - Koml\u00f3 Hotel Gyula","description":"\u00c1rak az \u00e1f\u00e1val felt\u00fcntetve. Aktu\u00e1lis akci\u00f3inkr\u00f3l \u00e9s kedvezm\u00e9nyes csomagaj\u00e1nlatainkr\u00f3l olvashat. K\u00e9rjen aj\u00e1nlatot, foglaljon szob\u00e1t online, egyszer\u0171en!","robots":{"index":"index","follow":"follow","max-snippet":"max-snippet:-1","max-image-preview":"max-image-preview:large","max-video-preview":"max-video-preview:-1"},"canonical":"https:\/\/komlohotelgyula.hu\/ro\/preturi-promotii\/","og_locale":"ro_RO","og_type":"article","og_title":"Pre\u021buri - promo\u021bii","og_description":"\u00c1rak az \u00e1f\u00e1val felt\u00fcntetve. Aktu\u00e1lis akci\u00f3inkr\u00f3l \u00e9s kedvezm\u00e9nyes csomagaj\u00e1nlatainkr\u00f3l olvashat. K\u00e9rjen aj\u00e1nlatot, foglaljon szob\u00e1t online, egyszer\u0171en!","og_url":"https:\/\/komlohotelgyula.hu\/ro\/preturi-promotii\/","og_site_name":"Koml\u00f3 Hotel Gyula","article_publisher":"https:\/\/www.facebook.com\/KomloHotelGyula\/","article_modified_time":"2017-09-01T07:37:19+00:00","twitter_card":"summary_large_image","schema":{"@context":"https:\/\/schema.org","@graph":[{"@type":"WebPage","@id":"https:\/\/komlohotelgyula.hu\/ro\/preturi-promotii\/","url":"https:\/\/komlohotelgyula.hu\/ro\/preturi-promotii\/","name":"\u00c1rak - akci\u00f3k - kedvezm\u00e9nyes csomagaj\u00e1nlataink - Koml\u00f3 Hotel Gyula","isPartOf":{"@id":"https:\/\/komlohotelgyula.hu\/#website"},"datePublished":"2017-05-15T07:25:50+00:00","dateModified":"2017-09-01T07:37:19+00:00","description":"\u00c1rak az \u00e1f\u00e1val felt\u00fcntetve. Aktu\u00e1lis akci\u00f3inkr\u00f3l \u00e9s kedvezm\u00e9nyes csomagaj\u00e1nlatainkr\u00f3l olvashat. K\u00e9rjen aj\u00e1nlatot, foglaljon szob\u00e1t online, egyszer\u0171en!","breadcrumb":{"@id":"https:\/\/komlohotelgyula.hu\/ro\/preturi-promotii\/#breadcrumb"},"inLanguage":"ro-RO","potentialAction":[{"@type":"ReadAction","target":["https:\/\/komlohotelgyula.hu\/ro\/preturi-promotii\/"]}]},{"@type":"BreadcrumbList","@id":"https:\/\/komlohotelgyula.hu\/ro\/preturi-promotii\/#breadcrumb","itemListElement":[{"@type":"ListItem","position":1,"name":"Home","item":"https:\/\/komlohotelgyula.hu\/ro\/"},{"@type":"ListItem","position":2,"name":"Pre\u021buri &#8211; promo\u021bii"}]},{"@type":"WebSite","@id":"https:\/\/komlohotelgyula.hu\/#website","url":"https:\/\/komlohotelgyula.hu\/","name":"Koml\u00f3 Hotel Gyula","description":"","potentialAction":[{"@type":"SearchAction","target":{"@type":"EntryPoint","urlTemplate":"https:\/\/komlohotelgyula.hu\/?s={search_term_string}"},"query-input":{"@type":"PropertyValueSpecification","valueRequired":true,"valueName":"search_term_string"}}],"inLanguage":"ro-RO"}]}},"_links":{"self":[{"href":"https:\/\/komlohotelgyula.hu\/ro\/wp-json\/wp\/v2\/pages\/6349","targetHints":{"allow":["GET"]}}],"collection":[{"href":"https:\/\/komlohotelgyula.hu\/ro\/wp-json\/wp\/v2\/pages"}],"about":[{"href":"https:\/\/komlohotelgyula.hu\/ro\/wp-json\/wp\/v2\/types\/page"}],"author":[{"embeddable":true,"href":"https:\/\/komlohotelgyula.hu\/ro\/wp-json\/wp\/v2\/users\/2"}],"replies":[{"embeddable":true,"href":"https:\/\/komlohotelgyula.hu\/ro\/wp-json\/wp\/v2\/comments?post=6349"}],"version-history":[{"count":0,"href":"https:\/\/komlohotelgyula.hu\/ro\/wp-json\/wp\/v2\/pages\/6349\/revisions"}],"wp:attachment":[{"href":"https:\/\/komlohotelgyula.hu\/ro\/wp-json\/wp\/v2\/media?parent=6349"}],"curies":[{"name":"wp","href":"https:\/\/api.w.org\/{rel}","templated":true}]}}