{"id":88240,"date":"2017-04-07T09:27:16","date_gmt":"2017-04-07T07:27:16","guid":{"rendered":"https:\/\/dev.komlohotelgyula.hu\/konferenciakozpont\/"},"modified":"2023-08-09T09:34:01","modified_gmt":"2023-08-09T07:34:01","slug":"konferenciakozpont","status":"publish","type":"page","link":"https:\/\/komlohotelgyula.hu\/en\/konferenciakozpont\/","title":{"rendered":"THE CONFERENCE CENTER"},"content":{"rendered":"<p>[et_pb_section fb_built=&#8221;1&#8243; fullwidth=&#8221;on&#8221; admin_label=&#8221;Szakasz&#8221; _builder_version=&#8221;4.20.2&#8243; _module_preset=&#8221;default&#8221; custom_margin=&#8221;||||false|false&#8221; top_divider_height=&#8221;49px&#8221; bottom_divider_style=&#8221;wave2&#8243; bottom_divider_color=&#8221;#383838&#8243; bottom_divider_height=&#8221;4.3em&#8221; saved_tabs=&#8221;all&#8221; locked=&#8221;off&#8221; global_colors_info=&#8221;{}&#8221;][et_pb_fullwidth_post_title meta=&#8221;off&#8221; featured_placement=&#8221;background&#8221; admin_label=&#8221;Teljes sz\u00e9less\u00e9g\u0171 bejegyz\u00e9s c\u00edm&#8221; _builder_version=&#8221;4.21.0&#8243; _module_preset=&#8221;default&#8221; title_font=&#8221;|||on|||||&#8221; title_text_align=&#8221;center&#8221; title_text_color=&#8221;#FFFFFF&#8221; title_font_size=&#8221;4em&#8221; title_letter_spacing=&#8221;0.1em&#8221; background_color=&#8221;rgba(84,84,84,0.54)&#8221; use_background_color_gradient=&#8221;on&#8221; background_color_gradient_stops=&#8221;#b5a166 0%|rgba(0,0,0,0.42) 40%&#8221; background_color_gradient_overlays_image=&#8221;on&#8221; background_color_gradient_start=&#8221;#5a9612&#8243; background_color_gradient_end=&#8221;rgba(0,0,0,0.42)&#8221; background_color_gradient_end_position=&#8221;40%&#8221; background_image=&#8221;https:\/\/komlohotelgyula.hu\/wp-content\/uploads\/belso-hotel-etterem-gyula-5.jpg&#8221; min_height=&#8221;61vh&#8221; min_height_tablet=&#8221;&#8221; min_height_phone=&#8221;&#8221; min_height_last_edited=&#8221;on|desktop&#8221; custom_margin=&#8221;0px||||false|false&#8221; custom_padding=&#8221;33vh||8vh||false|false&#8221; filter_saturate=&#8221;133%&#8221; filter_brightness=&#8221;108%&#8221; filter_invert=&#8221;8%&#8221; filter_sepia=&#8221;7%&#8221; hover_enabled=&#8221;0&#8243; title_font_size_tablet=&#8221;2.5em&#8221; title_font_size_phone=&#8221;1em&#8221; title_font_size_last_edited=&#8221;on|phone&#8221; title_letter_spacing_tablet=&#8221;&#8221; title_letter_spacing_phone=&#8221;2px&#8221; title_letter_spacing_last_edited=&#8221;on|phone&#8221; title_text_shadow_style=&#8221;preset5&#8243; title_text_shadow_blur_strength=&#8221;0.25em&#8221; title_text_shadow_color=&#8221;#000000&#8243; global_colors_info=&#8221;{}&#8221; sticky_enabled=&#8221;0&#8243;][\/et_pb_fullwidth_post_title][\/et_pb_section][et_pb_section fb_built=&#8221;1&#8243; _builder_version=&#8221;4.21.0&#8243; custom_margin=&#8221;-3px||||false|false&#8221; global_colors_info=&#8221;{}&#8221;][et_pb_row _builder_version=&#8221;4.16&#8243; background_size=&#8221;initial&#8221; background_position=&#8221;top_left&#8221; background_repeat=&#8221;repeat&#8221; custom_padding=&#8221;4px|||||&#8221; global_colors_info=&#8221;{}&#8221;][et_pb_column type=&#8221;4_4&#8243; _builder_version=&#8221;4.16&#8243; custom_padding=&#8221;|||&#8221; global_colors_info=&#8221;{}&#8221; custom_padding__hover=&#8221;|||&#8221;][et_pb_text module_class=&#8221;bg_blure&#8221; _builder_version=&#8221;4.21.2&#8243; header_text_color=&#8221;#000000&#8243; background_color=&#8221;#383838&#8243; text_orientation=&#8221;justified&#8221; custom_padding=&#8221;10px|20px|10px|20px|false|false&#8221; hover_enabled=&#8221;0&#8243; border_radii=&#8221;on|24px|24px|24px|24px&#8221; border_width_all=&#8221;4px&#8221; border_color_all=&#8221;#4f4f4f&#8221; border_width_top=&#8221;1px&#8221; border_width_right=&#8221;14px&#8221; border_width_bottom=&#8221;14px&#8221; border_width_left=&#8221;1px&#8221; border_color_left=&#8221;#323334&#8243; box_shadow_style=&#8221;preset4&#8243; box_shadow_horizontal=&#8221;3px&#8221; box_shadow_vertical=&#8221;4px&#8221; box_shadow_color=&#8221;#B5A166&#8243; global_colors_info=&#8221;{}&#8221; sticky_enabled=&#8221;0&#8243;]<\/p>\n<ul>\n<li style=\"text-align: left;\">The city\u2019s event and conference room is next to the hotel, identical palce for events with hundeds of invitees.<\/li>\n<li style=\"text-align: left;\">In the building there are 12 smaller and bigger rooms, which are good for 20-500 people.<\/li>\n<li style=\"text-align: left;\">Air conditioning works in the rooms with complete technical support (projector, sounds, flipchart, etc\u2026)<\/li>\n<li style=\"text-align: left;\">We provide cloakroom for the events.<\/li>\n<li style=\"text-align: left;\">There is a huge LED wall in the room where even 500 people can sit down.<\/li>\n<\/ul>\n<p>[\/et_pb_text][\/et_pb_column][\/et_pb_row][et_pb_row _builder_version=&#8221;4.20.2&#8243; _module_preset=&#8221;default&#8221; global_colors_info=&#8221;{}&#8221;][et_pb_column type=&#8221;4_4&#8243; _builder_version=&#8221;4.20.2&#8243; _module_preset=&#8221;default&#8221; global_colors_info=&#8221;{}&#8221;][et_pb_gallery gallery_ids=&#8221;5614,5613,5612,5611,5610,5609,5608,5607,5606,5605,5604,5603,5602,5601&#8243; posts_number=&#8221;200&#8243; show_title_and_caption=&#8221;off&#8221; _builder_version=&#8221;4.21.0&#8243; _module_preset=&#8221;default&#8221; custom_css_gallery_item=&#8221;width: 33.33% !important;||margin: 0 !important;||padding: 2px !important;||clear: none !important;||&#8221; custom_css_overlay_icon=&#8221;margin: 14px 0 0 14px;&#8221; box_shadow_style_image=&#8221;preset2&#8243; global_colors_info=&#8221;{}&#8221; custom_css_gallery_item_last_edited=&#8221;on|phone&#8221; custom_css_gallery_item_tablet=&#8221;width: 50% !important;||max-height: 26vw !important;||margin: 0 !important;||padding: 2px !important;||clear: none !important;||overflow:hidden;&#8221; custom_css_gallery_item_phone=&#8221;width: 100% !important;||||margin: 0 !important;||padding: 2px !important;||clear: none !important;||overflow:hidden;&#8221;][\/et_pb_gallery][\/et_pb_column][\/et_pb_row][\/et_pb_section]<\/p>\n","protected":false},"excerpt":{"rendered":"<p>The city\u2019s event and conference room is next to the hotel, identical palce for events with hundeds of invitees. In the building there are 12 smaller and bigger rooms, which are good for 20-500 people. Air conditioning works in the rooms with complete technical support (projector, sounds, flipchart, etc\u2026) We provide cloakroom for the events. [&hellip;]<\/p>\n","protected":false},"author":2,"featured_media":0,"parent":0,"menu_order":0,"comment_status":"closed","ping_status":"closed","template":"","meta":{"_et_pb_use_builder":"on","_et_pb_old_content":"<h1 class=\"news\">A KONFERENCIAK\u00d6ZPONT<\/h1><h1 class=\"news\"><img class=\"aligncenter size-full wp-image-5567\" src=\"https:\/\/www.komlohotelgyula.hu\/images\/konferencia-kozpont.jpg\" alt=\"\" width=\"700\" height=\"150\" \/><\/h1><ul><li>A sz\u00e1lloda szomsz\u00e9ds\u00e1g\u00e1ban tal\u00e1lhat\u00f3 v\u00e1rosi rendezv\u00e9ny- \u00e9s konferenciak\u00f6zpont ide\u00e1lis helysz\u00edne ak\u00e1r t\u00f6bb sz\u00e1z f\u0151s rendezv\u00e9nyeknek is!<\/li><li>A komplexumban tal\u00e1lhat\u00f3 12 db kisebb \u00e9s nagyobb befogad\u00f3k\u00e9pess\u00e9g\u0171 rendezv\u00e9nyterem, amely alkalmas 20-500 f\u0151s rendezv\u00e9nyek lebonyol\u00edt\u00e1s\u00e1ra.<\/li><li>A termek klimatiz\u00e1ltak \u00e9s egyar\u00e1nt rendelkeznek teljes k\u00f6r\u0171 technikai felszerel\u00e9ssel (projector, v\u00e1szon, hangos\u00edt\u00e1s, flipchart stb)<\/li><li>A rendezv\u00e9nyekhez ruhat\u00e1r szolg\u00e1ltat\u00e1st biztos\u00edtunk!<\/li><li>Az 500 f\u0151 befogad\u00e1s\u00e1ra alkalmas sz\u00ednh\u00e1z teremben \u00f3ri\u00e1si m\u00e9ret\u0171 ledfal \u00e1ll rendelkez\u00e9sre.<\/li><\/ul><p>\u00a0<\/p><p>[gallery masterslider=\"true\" loop=\"true\" caption=\"false\" ids=\"5610,5612,5605,5601,5602,5604,5607,5603,5606,5611,5613,5609,5614,5608\"]<\/p><p>\u00a0<\/p><h2>\u00a0<\/h2>","_et_gb_content_width":"","footnotes":""},"class_list":["post-88240","page","type-page","status-publish","hentry"],"yoast_head":"<!-- This site is optimized with the Yoast SEO Premium plugin v27.2 (Yoast SEO v27.2) - https:\/\/yoast.com\/product\/yoast-seo-premium-wordpress\/ -->\n<title>Konferenciak\u00f6zpont Gyul\u00e1n | Koml\u00f3 Hotel Gyula ****<\/title>\n<meta name=\"description\" content=\"A sz\u00e1lloda szomsz\u00e9ds\u00e1g\u00e1ban tal\u00e1lhat\u00f3 Gyula v\u00e1rosi rendezv\u00e9ny- \u00e9s konferenciak\u00f6zpont ide\u00e1lis helysz\u00edne ak\u00e1r t\u00f6bb sz\u00e1z f\u0151s rendezv\u00e9nyeknek is!\" \/>\n<meta name=\"robots\" content=\"index, follow, max-snippet:-1, max-image-preview:large, max-video-preview:-1\" \/>\n<link rel=\"canonical\" href=\"https:\/\/komlohotelgyula.hu\/en\/konferenciakozpont\/\" \/>\n<meta property=\"og:locale\" content=\"en_US\" \/>\n<meta property=\"og:type\" content=\"article\" \/>\n<meta property=\"og:title\" content=\"THE CONFERENCE CENTER\" \/>\n<meta property=\"og:description\" content=\"A sz\u00e1lloda szomsz\u00e9ds\u00e1g\u00e1ban tal\u00e1lhat\u00f3 Gyula v\u00e1rosi rendezv\u00e9ny- \u00e9s konferenciak\u00f6zpont ide\u00e1lis helysz\u00edne ak\u00e1r t\u00f6bb sz\u00e1z f\u0151s rendezv\u00e9nyeknek is!\" \/>\n<meta property=\"og:url\" content=\"https:\/\/komlohotelgyula.hu\/en\/konferenciakozpont\/\" \/>\n<meta property=\"og:site_name\" content=\"Koml\u00f3 Hotel Gyula\" \/>\n<meta property=\"article:publisher\" content=\"https:\/\/www.facebook.com\/KomloHotelGyula\/\" \/>\n<meta property=\"article:modified_time\" content=\"2023-08-09T07:34:01+00:00\" \/>\n<meta name=\"twitter:card\" content=\"summary_large_image\" \/>\n<meta name=\"twitter:label1\" content=\"Est. reading time\" \/>\n\t<meta name=\"twitter:data1\" content=\"2 minutes\" \/>\n<script type=\"application\/ld+json\" class=\"yoast-schema-graph\">{\"@context\":\"https:\/\/schema.org\",\"@graph\":[{\"@type\":\"WebPage\",\"@id\":\"https:\/\/komlohotelgyula.hu\/en\/konferenciakozpont\/\",\"url\":\"https:\/\/komlohotelgyula.hu\/en\/konferenciakozpont\/\",\"name\":\"Konferenciak\u00f6zpont Gyul\u00e1n | Koml\u00f3 Hotel Gyula ****\",\"isPartOf\":{\"@id\":\"https:\/\/komlohotelgyula.hu\/#website\"},\"datePublished\":\"2017-04-07T07:27:16+00:00\",\"dateModified\":\"2023-08-09T07:34:01+00:00\",\"description\":\"A sz\u00e1lloda szomsz\u00e9ds\u00e1g\u00e1ban tal\u00e1lhat\u00f3 Gyula v\u00e1rosi rendezv\u00e9ny- \u00e9s konferenciak\u00f6zpont ide\u00e1lis helysz\u00edne ak\u00e1r t\u00f6bb sz\u00e1z f\u0151s rendezv\u00e9nyeknek is!\",\"breadcrumb\":{\"@id\":\"https:\/\/komlohotelgyula.hu\/en\/konferenciakozpont\/#breadcrumb\"},\"inLanguage\":\"en-US\",\"potentialAction\":[{\"@type\":\"ReadAction\",\"target\":[\"https:\/\/komlohotelgyula.hu\/en\/konferenciakozpont\/\"]}]},{\"@type\":\"BreadcrumbList\",\"@id\":\"https:\/\/komlohotelgyula.hu\/en\/konferenciakozpont\/#breadcrumb\",\"itemListElement\":[{\"@type\":\"ListItem\",\"position\":1,\"name\":\"Home\",\"item\":\"https:\/\/komlohotelgyula.hu\/en\/\"},{\"@type\":\"ListItem\",\"position\":2,\"name\":\"THE CONFERENCE CENTER\"}]},{\"@type\":\"WebSite\",\"@id\":\"https:\/\/komlohotelgyula.hu\/#website\",\"url\":\"https:\/\/komlohotelgyula.hu\/\",\"name\":\"Koml\u00f3 Hotel Gyula\",\"description\":\"\",\"potentialAction\":[{\"@type\":\"SearchAction\",\"target\":{\"@type\":\"EntryPoint\",\"urlTemplate\":\"https:\/\/komlohotelgyula.hu\/?s={search_term_string}\"},\"query-input\":{\"@type\":\"PropertyValueSpecification\",\"valueRequired\":true,\"valueName\":\"search_term_string\"}}],\"inLanguage\":\"en-US\"}]}<\/script>\n<!-- \/ Yoast SEO Premium plugin. -->","yoast_head_json":{"title":"Konferenciak\u00f6zpont Gyul\u00e1n | Koml\u00f3 Hotel Gyula ****","description":"A sz\u00e1lloda szomsz\u00e9ds\u00e1g\u00e1ban tal\u00e1lhat\u00f3 Gyula v\u00e1rosi rendezv\u00e9ny- \u00e9s konferenciak\u00f6zpont ide\u00e1lis helysz\u00edne ak\u00e1r t\u00f6bb sz\u00e1z f\u0151s rendezv\u00e9nyeknek is!","robots":{"index":"index","follow":"follow","max-snippet":"max-snippet:-1","max-image-preview":"max-image-preview:large","max-video-preview":"max-video-preview:-1"},"canonical":"https:\/\/komlohotelgyula.hu\/en\/konferenciakozpont\/","og_locale":"en_US","og_type":"article","og_title":"THE CONFERENCE CENTER","og_description":"A sz\u00e1lloda szomsz\u00e9ds\u00e1g\u00e1ban tal\u00e1lhat\u00f3 Gyula v\u00e1rosi rendezv\u00e9ny- \u00e9s konferenciak\u00f6zpont ide\u00e1lis helysz\u00edne ak\u00e1r t\u00f6bb sz\u00e1z f\u0151s rendezv\u00e9nyeknek is!","og_url":"https:\/\/komlohotelgyula.hu\/en\/konferenciakozpont\/","og_site_name":"Koml\u00f3 Hotel Gyula","article_publisher":"https:\/\/www.facebook.com\/KomloHotelGyula\/","article_modified_time":"2023-08-09T07:34:01+00:00","twitter_card":"summary_large_image","twitter_misc":{"Est. reading time":"2 minutes"},"schema":{"@context":"https:\/\/schema.org","@graph":[{"@type":"WebPage","@id":"https:\/\/komlohotelgyula.hu\/en\/konferenciakozpont\/","url":"https:\/\/komlohotelgyula.hu\/en\/konferenciakozpont\/","name":"Konferenciak\u00f6zpont Gyul\u00e1n | Koml\u00f3 Hotel Gyula ****","isPartOf":{"@id":"https:\/\/komlohotelgyula.hu\/#website"},"datePublished":"2017-04-07T07:27:16+00:00","dateModified":"2023-08-09T07:34:01+00:00","description":"A sz\u00e1lloda szomsz\u00e9ds\u00e1g\u00e1ban tal\u00e1lhat\u00f3 Gyula v\u00e1rosi rendezv\u00e9ny- \u00e9s konferenciak\u00f6zpont ide\u00e1lis helysz\u00edne ak\u00e1r t\u00f6bb sz\u00e1z f\u0151s rendezv\u00e9nyeknek is!","breadcrumb":{"@id":"https:\/\/komlohotelgyula.hu\/en\/konferenciakozpont\/#breadcrumb"},"inLanguage":"en-US","potentialAction":[{"@type":"ReadAction","target":["https:\/\/komlohotelgyula.hu\/en\/konferenciakozpont\/"]}]},{"@type":"BreadcrumbList","@id":"https:\/\/komlohotelgyula.hu\/en\/konferenciakozpont\/#breadcrumb","itemListElement":[{"@type":"ListItem","position":1,"name":"Home","item":"https:\/\/komlohotelgyula.hu\/en\/"},{"@type":"ListItem","position":2,"name":"THE CONFERENCE CENTER"}]},{"@type":"WebSite","@id":"https:\/\/komlohotelgyula.hu\/#website","url":"https:\/\/komlohotelgyula.hu\/","name":"Koml\u00f3 Hotel Gyula","description":"","potentialAction":[{"@type":"SearchAction","target":{"@type":"EntryPoint","urlTemplate":"https:\/\/komlohotelgyula.hu\/?s={search_term_string}"},"query-input":{"@type":"PropertyValueSpecification","valueRequired":true,"valueName":"search_term_string"}}],"inLanguage":"en-US"}]}},"_links":{"self":[{"href":"https:\/\/komlohotelgyula.hu\/en\/wp-json\/wp\/v2\/pages\/88240","targetHints":{"allow":["GET"]}}],"collection":[{"href":"https:\/\/komlohotelgyula.hu\/en\/wp-json\/wp\/v2\/pages"}],"about":[{"href":"https:\/\/komlohotelgyula.hu\/en\/wp-json\/wp\/v2\/types\/page"}],"author":[{"embeddable":true,"href":"https:\/\/komlohotelgyula.hu\/en\/wp-json\/wp\/v2\/users\/2"}],"replies":[{"embeddable":true,"href":"https:\/\/komlohotelgyula.hu\/en\/wp-json\/wp\/v2\/comments?post=88240"}],"version-history":[{"count":0,"href":"https:\/\/komlohotelgyula.hu\/en\/wp-json\/wp\/v2\/pages\/88240\/revisions"}],"wp:attachment":[{"href":"https:\/\/komlohotelgyula.hu\/en\/wp-json\/wp\/v2\/media?parent=88240"}],"curies":[{"name":"wp","href":"https:\/\/api.w.org\/{rel}","templated":true}]}}