{"id":88233,"date":"2017-05-19T14:25:07","date_gmt":"2017-05-19T12:25:07","guid":{"rendered":"https:\/\/dev.komlohotelgyula.hu\/sensolite-fenyterapia\/"},"modified":"2023-08-09T09:20:20","modified_gmt":"2023-08-09T07:20:20","slug":"sensolite-fenyterapia","status":"publish","type":"page","link":"https:\/\/komlohotelgyula.hu\/en\/sensolite-fenyterapia\/","title":{"rendered":"Sensolite &#8211; LIGHT THERAPY"},"content":{"rendered":"<p>[et_pb_section fb_built=&#8221;1&#8243; fullwidth=&#8221;on&#8221; admin_label=&#8221;Szakasz&#8221; _builder_version=&#8221;4.20.2&#8243; _module_preset=&#8221;default&#8221; custom_margin=&#8221;||||false|false&#8221; custom_padding=&#8221;||||false|false&#8221; top_divider_height=&#8221;49px&#8221; bottom_divider_style=&#8221;wave2&#8243; bottom_divider_color=&#8221;#383838&#8243; bottom_divider_height=&#8221;4.5em&#8221; saved_tabs=&#8221;all&#8221; locked=&#8221;off&#8221; global_colors_info=&#8221;{}&#8221;][et_pb_fullwidth_post_title meta=&#8221;off&#8221; featured_placement=&#8221;background&#8221; admin_label=&#8221;Teljes sz\u00e9less\u00e9g\u0171 bejegyz\u00e9s c\u00edm&#8221; _builder_version=&#8221;4.20.2&#8243; _module_preset=&#8221;default&#8221; title_font=&#8221;|||on|||||&#8221; title_text_align=&#8221;center&#8221; title_text_color=&#8221;#FFFFFF&#8221; title_font_size=&#8221;4em&#8221; title_letter_spacing=&#8221;0.1px&#8221; title_line_height=&#8221;1.2em&#8221; background_color=&#8221;rgba(84,84,84,0.54)&#8221; use_background_color_gradient=&#8221;on&#8221; background_color_gradient_stops=&#8221;#b5a166 0%|rgba(0,0,0,0.42) 40%&#8221; background_color_gradient_overlays_image=&#8221;on&#8221; background_color_gradient_start=&#8221;#5a9612&#8243; background_color_gradient_end=&#8221;rgba(0,0,0,0.42)&#8221; background_color_gradient_end_position=&#8221;40%&#8221; background_image=&#8221;https:\/\/komlohotelgyula.hu\/wp-content\/uploads\/komlo_gyula-szobak-2-scaled.jpg&#8221; min_height=&#8221;61vh&#8221; min_height_tablet=&#8221;&#8221; min_height_phone=&#8221;&#8221; min_height_last_edited=&#8221;on|desktop&#8221; custom_margin=&#8221;0px||||false|false&#8221; custom_padding=&#8221;33vh||8vh||false|false&#8221; filter_saturate=&#8221;133%&#8221; filter_brightness=&#8221;108%&#8221; filter_invert=&#8221;8%&#8221; filter_sepia=&#8221;7%&#8221; hover_enabled=&#8221;0&#8243; title_font_size_tablet=&#8221;2.5em&#8221; title_font_size_phone=&#8221;1.3em&#8221; title_font_size_last_edited=&#8221;on|desktop&#8221; title_letter_spacing_tablet=&#8221;&#8221; title_letter_spacing_phone=&#8221;2px&#8221; title_letter_spacing_last_edited=&#8221;on|phone&#8221; title_text_shadow_style=&#8221;preset5&#8243; title_text_shadow_blur_strength=&#8221;0.25em&#8221; title_text_shadow_color=&#8221;#000000&#8243; global_colors_info=&#8221;{}&#8221; sticky_enabled=&#8221;0&#8243;][\/et_pb_fullwidth_post_title][\/et_pb_section][et_pb_section fb_built=&#8221;1&#8243; _builder_version=&#8221;4.20.2&#8243; _module_preset=&#8221;default&#8221; global_colors_info=&#8221;{}&#8221;][et_pb_row _builder_version=&#8221;4.20.2&#8243; _module_preset=&#8221;default&#8221; max_width=&#8221;100%&#8221; custom_margin=&#8221;||||false|false&#8221; custom_padding=&#8221;5px|||||&#8221; global_colors_info=&#8221;{}&#8221;][et_pb_column type=&#8221;4_4&#8243; _builder_version=&#8221;4.20.2&#8243; _module_preset=&#8221;default&#8221; global_colors_info=&#8221;{}&#8221;][et_pb_text content_tablet=&#8221;<\/p>\n<h2 style=%22text-align: center;%22><strong>Mi is a f\u00e9nyter\u00e1pia pontosan?<\/strong><\/h2>\n<p>&#8221; content_phone=&#8221;<\/p>\n<h2 style=%22text-align: center;%22><strong>Mi is a f\u00e9nyter\u00e1pia pontosan?<\/strong><\/h2>\n<p>&#8221; content_last_edited=&#8221;on|desktop&#8221; module_class=&#8221;belso_artdeco_keret&#8221; _builder_version=&#8221;4.21.2&#8243; _module_preset=&#8221;default&#8221; text_font=&#8221;|||on|||||&#8221; header_text_align=&#8221;left&#8221; header_2_font_size=&#8221;18px&#8221; width=&#8221;66%&#8221; width_tablet=&#8221;100%&#8221; width_phone=&#8221;100%&#8221; width_last_edited=&#8221;on|phone&#8221; max_width=&#8221;100%&#8221; module_alignment=&#8221;center&#8221; custom_margin=&#8221;||||false|false&#8221; hover_enabled=&#8221;0&#8243; global_colors_info=&#8221;{}&#8221; sticky_enabled=&#8221;0&#8243;]<\/p>\n<h2 style=\"text-align: center;\"><strong>What is sensolite exactly?<\/strong><\/h2>\n<p>[\/et_pb_text][et_pb_text module_class=&#8221;bg_blure&#8221; _builder_version=&#8221;4.21.2&#8243; _module_preset=&#8221;default&#8221; header_text_color=&#8221;#000000&#8243; header_3_font_size=&#8221;18px&#8221; background_color=&#8221;#383838&#8243; text_orientation=&#8221;justified&#8221; custom_padding=&#8221;2em|20px|2em|20px|false|false&#8221; hover_enabled=&#8221;0&#8243; border_radii=&#8221;on|24px|24px|24px|24px&#8221; border_width_all=&#8221;4px&#8221; border_color_all=&#8221;#4f4f4f&#8221; border_width_top=&#8221;1px&#8221; border_width_right=&#8221;14px&#8221; border_width_bottom=&#8221;14px&#8221; border_width_left=&#8221;1px&#8221; border_color_left=&#8221;#323334&#8243; box_shadow_style=&#8221;preset4&#8243; box_shadow_horizontal=&#8221;3px&#8221; box_shadow_vertical=&#8221;4px&#8221; box_shadow_color=&#8221;#B5A166&#8243; global_colors_info=&#8221;{}&#8221; sticky_enabled=&#8221;0&#8243;]<\/p>\n<p>Sensolite therapy service is available in our hotel, which is an individual healthcare service in our region. It\u2019s based on a medical device, which can be used on numerous parts of healthcare.<br \/>This technology can send out a polarised light, which penetrates 1 cm deep and reaches the capillary veins. With this sensolite bed you can mobilise your body\u2019s immune system and defensive mechanisms. Due to the therapy, self-healing processes are experienced, so we can efficiently step up against some health problems.<\/p>\n<p>At the beginning of the 1980s a young Hungarian physicist, M\u00e1rta Feny\u0151 and her research team discovered the stimulative effect of polarized light on all living biological systems, including the significant invigoration of the self-healing abilities of the human body, when used in human therapy. This is mainly explained by the effect of polarized light on the regeneration, revitalization and harmonization of cell function.<\/p>\n<p>The sources of polarized light manufactured earlier were designed to conduct successful treatment of only restricted surfaces at a time. Even this design of the apparatus was highly successful in the treatment of various skin problems, wounds, arthritis, sports injuries, and head skin and hair problems.<\/p>\n<p>When treating the entire surface of the body the polarized light immediately gets through to the blood stream via the capillary veins thanks to the roughly 1 cm penetration depth, thus rapidly transmitting through the blood circulation the biological stimulation effect to all cells and vital organs of the human organism such as the heart, the liver, the stomach, the spleen, the kidneys and the endocrine glands, etc., thereby exerting a systemic effect on their function.<br \/>By the Ministry of Health the professional opinion is positive on the sensolite \u2013 polarised light therapy bed.<\/p>\n<p>The Sensolite is an accepted and listed medical device in the European Union. The treatment\u2019s effectiveness isn\u2019t just lays on experiences, these positive effects are scientifically recognized facts.<\/p>\n<p>&nbsp;<\/p>\n<h4>About the treatments please ask at the reception!<\/h4>\n<h4>In our starting sale it\u2019s only 2 500 &#8211; Huf \/ treatment<\/h4>\n<p>[\/et_pb_text][\/et_pb_column][\/et_pb_row][\/et_pb_section]<\/p>\n","protected":false},"excerpt":{"rendered":"<p>What is sensolite exactly?Sensolite therapy service is available in our hotel, which is an individual healthcare service in our region. It\u2019s based on a medical device, which can be used on numerous parts of healthcare.This technology can send out a polarised light, which penetrates 1 cm deep and reaches the capillary veins. With this sensolite [&hellip;]<\/p>\n","protected":false},"author":2,"featured_media":0,"parent":0,"menu_order":0,"comment_status":"closed","ping_status":"closed","template":"","meta":{"_et_pb_use_builder":"on","_et_pb_old_content":"","_et_gb_content_width":"","footnotes":""},"class_list":["post-88233","page","type-page","status-publish","hentry"],"yoast_head":"<!-- This site is optimized with the Yoast SEO Premium plugin v27.2 (Yoast SEO v27.2) - https:\/\/yoast.com\/product\/yoast-seo-premium-wordpress\/ -->\n<title>Sensolite - LIGHT THERAPY - Koml\u00f3 Hotel Gyula<\/title>\n<meta name=\"robots\" content=\"index, follow, max-snippet:-1, max-image-preview:large, max-video-preview:-1\" \/>\n<link rel=\"canonical\" href=\"https:\/\/komlohotelgyula.hu\/en\/sensolite-fenyterapia\/\" \/>\n<meta property=\"og:locale\" content=\"en_US\" \/>\n<meta property=\"og:type\" content=\"article\" \/>\n<meta property=\"og:title\" content=\"Sensolite Gy\u00f3gy\u00edt\u00f3 f\u00e9nyek a Koml\u00f3ban\u2026\" \/>\n<meta property=\"og:description\" content=\"A r\u00e9gi\u00f3ban egyed\u00fcl\u00e1ll\u00f3 orvostechnikai eszk\u00f6z \u00e9rkezett a Koml\u00f3 Hotel szolg\u00e1ltat\u00e1sai k\u00f6z\u00e9 - nem csak sz\u00e1ll\u00f3vend\u00e9geinknek! Allergia, f\u00e1rad\u00e9konys\u00e1g, stressz, b\u0151rprobl\u00e9m\u00e1k - \u00e9s m\u00e9g sz\u00e1mtalan dolog bizony\u00edtott kezel\u00e9s\u00e9re. Kattintson!\" \/>\n<meta property=\"og:url\" content=\"https:\/\/komlohotelgyula.hu\/en\/sensolite-fenyterapia\/\" \/>\n<meta property=\"og:site_name\" content=\"Koml\u00f3 Hotel Gyula\" \/>\n<meta property=\"article:publisher\" content=\"https:\/\/www.facebook.com\/KomloHotelGyula\/\" \/>\n<meta property=\"article:modified_time\" content=\"2023-08-09T07:20:20+00:00\" \/>\n<meta name=\"twitter:card\" content=\"summary_large_image\" \/>\n<meta name=\"twitter:title\" content=\"Sensolite - LIGHT THERAPY\" \/>\n<meta name=\"twitter:label1\" content=\"Est. reading time\" \/>\n\t<meta name=\"twitter:data1\" content=\"3 minutes\" \/>\n<script type=\"application\/ld+json\" class=\"yoast-schema-graph\">{\"@context\":\"https:\/\/schema.org\",\"@graph\":[{\"@type\":\"WebPage\",\"@id\":\"https:\/\/komlohotelgyula.hu\/en\/sensolite-fenyterapia\/\",\"url\":\"https:\/\/komlohotelgyula.hu\/en\/sensolite-fenyterapia\/\",\"name\":\"Sensolite - LIGHT THERAPY - Koml\u00f3 Hotel Gyula\",\"isPartOf\":{\"@id\":\"https:\/\/komlohotelgyula.hu\/#website\"},\"datePublished\":\"2017-05-19T12:25:07+00:00\",\"dateModified\":\"2023-08-09T07:20:20+00:00\",\"breadcrumb\":{\"@id\":\"https:\/\/komlohotelgyula.hu\/en\/sensolite-fenyterapia\/#breadcrumb\"},\"inLanguage\":\"en-US\",\"potentialAction\":[{\"@type\":\"ReadAction\",\"target\":[\"https:\/\/komlohotelgyula.hu\/en\/sensolite-fenyterapia\/\"]}]},{\"@type\":\"BreadcrumbList\",\"@id\":\"https:\/\/komlohotelgyula.hu\/en\/sensolite-fenyterapia\/#breadcrumb\",\"itemListElement\":[{\"@type\":\"ListItem\",\"position\":1,\"name\":\"Home\",\"item\":\"https:\/\/komlohotelgyula.hu\/en\/\"},{\"@type\":\"ListItem\",\"position\":2,\"name\":\"Sensolite &#8211; LIGHT THERAPY\"}]},{\"@type\":\"WebSite\",\"@id\":\"https:\/\/komlohotelgyula.hu\/#website\",\"url\":\"https:\/\/komlohotelgyula.hu\/\",\"name\":\"Koml\u00f3 Hotel Gyula\",\"description\":\"\",\"potentialAction\":[{\"@type\":\"SearchAction\",\"target\":{\"@type\":\"EntryPoint\",\"urlTemplate\":\"https:\/\/komlohotelgyula.hu\/?s={search_term_string}\"},\"query-input\":{\"@type\":\"PropertyValueSpecification\",\"valueRequired\":true,\"valueName\":\"search_term_string\"}}],\"inLanguage\":\"en-US\"}]}<\/script>\n<!-- \/ Yoast SEO Premium plugin. -->","yoast_head_json":{"title":"Sensolite - LIGHT THERAPY - Koml\u00f3 Hotel Gyula","robots":{"index":"index","follow":"follow","max-snippet":"max-snippet:-1","max-image-preview":"max-image-preview:large","max-video-preview":"max-video-preview:-1"},"canonical":"https:\/\/komlohotelgyula.hu\/en\/sensolite-fenyterapia\/","og_locale":"en_US","og_type":"article","og_title":"Sensolite Gy\u00f3gy\u00edt\u00f3 f\u00e9nyek a Koml\u00f3ban\u2026","og_description":"A r\u00e9gi\u00f3ban egyed\u00fcl\u00e1ll\u00f3 orvostechnikai eszk\u00f6z \u00e9rkezett a Koml\u00f3 Hotel szolg\u00e1ltat\u00e1sai k\u00f6z\u00e9 - nem csak sz\u00e1ll\u00f3vend\u00e9geinknek! Allergia, f\u00e1rad\u00e9konys\u00e1g, stressz, b\u0151rprobl\u00e9m\u00e1k - \u00e9s m\u00e9g sz\u00e1mtalan dolog bizony\u00edtott kezel\u00e9s\u00e9re. Kattintson!","og_url":"https:\/\/komlohotelgyula.hu\/en\/sensolite-fenyterapia\/","og_site_name":"Koml\u00f3 Hotel Gyula","article_publisher":"https:\/\/www.facebook.com\/KomloHotelGyula\/","article_modified_time":"2023-08-09T07:20:20+00:00","twitter_card":"summary_large_image","twitter_title":"Sensolite - LIGHT THERAPY","twitter_misc":{"Est. reading time":"3 minutes"},"schema":{"@context":"https:\/\/schema.org","@graph":[{"@type":"WebPage","@id":"https:\/\/komlohotelgyula.hu\/en\/sensolite-fenyterapia\/","url":"https:\/\/komlohotelgyula.hu\/en\/sensolite-fenyterapia\/","name":"Sensolite - LIGHT THERAPY - Koml\u00f3 Hotel Gyula","isPartOf":{"@id":"https:\/\/komlohotelgyula.hu\/#website"},"datePublished":"2017-05-19T12:25:07+00:00","dateModified":"2023-08-09T07:20:20+00:00","breadcrumb":{"@id":"https:\/\/komlohotelgyula.hu\/en\/sensolite-fenyterapia\/#breadcrumb"},"inLanguage":"en-US","potentialAction":[{"@type":"ReadAction","target":["https:\/\/komlohotelgyula.hu\/en\/sensolite-fenyterapia\/"]}]},{"@type":"BreadcrumbList","@id":"https:\/\/komlohotelgyula.hu\/en\/sensolite-fenyterapia\/#breadcrumb","itemListElement":[{"@type":"ListItem","position":1,"name":"Home","item":"https:\/\/komlohotelgyula.hu\/en\/"},{"@type":"ListItem","position":2,"name":"Sensolite &#8211; LIGHT THERAPY"}]},{"@type":"WebSite","@id":"https:\/\/komlohotelgyula.hu\/#website","url":"https:\/\/komlohotelgyula.hu\/","name":"Koml\u00f3 Hotel Gyula","description":"","potentialAction":[{"@type":"SearchAction","target":{"@type":"EntryPoint","urlTemplate":"https:\/\/komlohotelgyula.hu\/?s={search_term_string}"},"query-input":{"@type":"PropertyValueSpecification","valueRequired":true,"valueName":"search_term_string"}}],"inLanguage":"en-US"}]}},"_links":{"self":[{"href":"https:\/\/komlohotelgyula.hu\/en\/wp-json\/wp\/v2\/pages\/88233","targetHints":{"allow":["GET"]}}],"collection":[{"href":"https:\/\/komlohotelgyula.hu\/en\/wp-json\/wp\/v2\/pages"}],"about":[{"href":"https:\/\/komlohotelgyula.hu\/en\/wp-json\/wp\/v2\/types\/page"}],"author":[{"embeddable":true,"href":"https:\/\/komlohotelgyula.hu\/en\/wp-json\/wp\/v2\/users\/2"}],"replies":[{"embeddable":true,"href":"https:\/\/komlohotelgyula.hu\/en\/wp-json\/wp\/v2\/comments?post=88233"}],"version-history":[{"count":0,"href":"https:\/\/komlohotelgyula.hu\/en\/wp-json\/wp\/v2\/pages\/88233\/revisions"}],"wp:attachment":[{"href":"https:\/\/komlohotelgyula.hu\/en\/wp-json\/wp\/v2\/media?parent=88233"}],"curies":[{"name":"wp","href":"https:\/\/api.w.org\/{rel}","templated":true}]}}