{"id":7908,"date":"2017-04-06T18:42:27","date_gmt":"2017-04-06T16:42:27","guid":{"rendered":"https:\/\/www.komlohotelgyula.hu\/itallap\/"},"modified":"2017-07-06T11:12:25","modified_gmt":"2017-07-06T09:12:25","slug":"drinks","status":"publish","type":"page","link":"https:\/\/komlohotelgyula.hu\/en\/drinks\/","title":{"rendered":"Drinks"},"content":{"rendered":"<p>Taste the singularity of Gyula through our drinks and delicious melas.<\/p>\n<table width=\"623\">\n<tbody>\n<tr>\n<td rowspan=\"2\" width=\"373\"><strong>il Mio Caff\u00e9<\/strong><\/td>\n<td width=\"163\"><\/td>\n<td width=\"87\"><\/td>\n<\/tr>\n<tr>\n<td><\/td>\n<td><\/td>\n<\/tr>\n<tr>\n<td>Espresso<\/td>\n<td>350 Ft<\/td>\n<td><\/td>\n<\/tr>\n<tr>\n<td>Cappuccino<\/td>\n<td>390 Ft<\/td>\n<td><\/td>\n<\/tr>\n<tr>\n<td>Cappuccino (lakt\u00f3zmentes)<\/td>\n<td>490 Ft<\/td>\n<td><\/td>\n<\/tr>\n<tr>\n<td>Jegesk\u00e1v\u00e9<\/td>\n<td>650 Ft<\/td>\n<td><\/td>\n<\/tr>\n<tr>\n<td>Latte Macchiato<\/td>\n<td>490 Ft<\/td>\n<td><\/td>\n<\/tr>\n<tr>\n<td>Latte Macchiato (lakt\u00f3zmentes)<\/td>\n<td>590 Ft<\/td>\n<td><\/td>\n<\/tr>\n<tr>\n<td>Melange (m\u00e9zzel)<\/td>\n<td>490 Ft<\/td>\n<td><\/td>\n<\/tr>\n<tr>\n<td rowspan=\"2\"><strong>Dilmah Tea<\/strong><\/td>\n<td><\/td>\n<td><\/td>\n<\/tr>\n<tr>\n<td><\/td>\n<td><\/td>\n<\/tr>\n<tr>\n<td>Earl Grey<\/td>\n<td>350 Ft<\/td>\n<td><\/td>\n<\/tr>\n<tr>\n<td>English Breakfast<\/td>\n<td>350 Ft<\/td>\n<td><\/td>\n<\/tr>\n<tr>\n<td>Van\u00edlia<\/td>\n<td>350 Ft<\/td>\n<td><\/td>\n<\/tr>\n<tr>\n<td>Karamell<\/td>\n<td>350 Ft<\/td>\n<td><\/td>\n<\/tr>\n<tr>\n<td>Kamilla<\/td>\n<td>350 Ft<\/td>\n<td><\/td>\n<\/tr>\n<tr>\n<td>Marokk\u00f3i Menta<\/td>\n<td>350 Ft<\/td>\n<td><\/td>\n<\/tr>\n<tr>\n<td>Eper<\/td>\n<td>350 Ft<\/td>\n<td><\/td>\n<\/tr>\n<tr>\n<td>Eper-Mang\u00f3<\/td>\n<td>350 Ft<\/td>\n<td><\/td>\n<\/tr>\n<tr>\n<td>Barack<\/td>\n<td>350 Ft<\/td>\n<td><\/td>\n<\/tr>\n<tr>\n<td>Borsmenta<\/td>\n<td>350 Ft<\/td>\n<td><\/td>\n<\/tr>\n<tr>\n<td>Feketeribizli<\/td>\n<td>350 Ft<\/td>\n<td><\/td>\n<\/tr>\n<tr>\n<td rowspan=\"2\"><strong>Ice Tea<\/strong><\/td>\n<td><\/td>\n<td><\/td>\n<\/tr>\n<tr>\n<td><\/td>\n<td><\/td>\n<\/tr>\n<tr>\n<td>Nestea Barack<\/td>\n<td>370 Ft<\/td>\n<td><\/td>\n<\/tr>\n<tr>\n<td>Nestea Citrom<\/td>\n<td>370 Ft<\/td>\n<td><\/td>\n<\/tr>\n<tr>\n<td rowspan=\"2\"><strong>Fizzy drinks<\/strong><\/td>\n<td><\/td>\n<td><\/td>\n<\/tr>\n<tr>\n<td><\/td>\n<td><\/td>\n<\/tr>\n<tr>\n<td>Coca-Cola, Light, Zero<\/td>\n<td>370 Ft<\/td>\n<td><\/td>\n<\/tr>\n<tr>\n<td>Coca-Cola Light<\/td>\n<td>370 Ft<\/td>\n<td><\/td>\n<\/tr>\n<tr>\n<td>Coca-Cola Zero<\/td>\n<td>370 Ft<\/td>\n<td><\/td>\n<\/tr>\n<tr>\n<td>Sprite<\/td>\n<td>370 Ft<\/td>\n<td><\/td>\n<\/tr>\n<tr>\n<td>Fanta Narancs<\/td>\n<td>370 Ft<\/td>\n<td><\/td>\n<\/tr>\n<tr>\n<td>Fanta Bodza<\/td>\n<td>370 Ft<\/td>\n<td><\/td>\n<\/tr>\n<tr>\n<td>Kinley Gy\u00f6mb\u00e9r<\/td>\n<td>370 Ft<\/td>\n<td><\/td>\n<\/tr>\n<tr>\n<td>Kinley Tonik<\/td>\n<td>370 Ft<\/td>\n<td><\/td>\n<\/tr>\n<tr>\n<td rowspan=\"2\"><strong>Energy drinks<\/strong><\/td>\n<td><\/td>\n<td><\/td>\n<\/tr>\n<tr>\n<td><\/td>\n<td><\/td>\n<\/tr>\n<tr>\n<td>Burn<\/td>\n<td>590 Ft<\/td>\n<td><\/td>\n<\/tr>\n<tr>\n<td rowspan=\"2\"><strong>Mineral water<\/strong><\/td>\n<td><\/td>\n<td><\/td>\n<\/tr>\n<tr>\n<td><\/td>\n<td><\/td>\n<\/tr>\n<tr>\n<td>Naturaqua d\u00fas<\/td>\n<td>320 Ft<\/td>\n<td><\/td>\n<\/tr>\n<tr>\n<td>Naturaqua d\u00fas<\/td>\n<td>390 Ft<\/td>\n<td><\/td>\n<\/tr>\n<tr>\n<td>Naturaqua mentes<\/td>\n<td>320 Ft<\/td>\n<td><\/td>\n<\/tr>\n<tr>\n<td>Naturaqua mentes<\/td>\n<td>390 Ft<\/td>\n<td><\/td>\n<\/tr>\n<tr>\n<td>Theodora d\u00fas<\/td>\n<td>320 Ft<\/td>\n<td><\/td>\n<\/tr>\n<tr>\n<td>Theodora d\u00fas<\/td>\n<td>390 Ft<\/td>\n<td><\/td>\n<\/tr>\n<tr>\n<td>Theodora mentes<\/td>\n<td>320 Ft<\/td>\n<td><\/td>\n<\/tr>\n<tr>\n<td>Theodora mentes<\/td>\n<td>390 Ft<\/td>\n<td><\/td>\n<\/tr>\n<tr>\n<td rowspan=\"2\"><strong>Refreshments<\/strong><\/td>\n<td><\/td>\n<td><\/td>\n<\/tr>\n<tr>\n<td><\/td>\n<td><\/td>\n<\/tr>\n<tr>\n<td>Cappy Narancs<\/td>\n<td>390 Ft<\/td>\n<td><\/td>\n<\/tr>\n<tr>\n<td>Cappy \u0150szibarack<\/td>\n<td>390 Ft<\/td>\n<td><\/td>\n<\/tr>\n<tr>\n<td>Cappy Eper<\/td>\n<td>390 Ft<\/td>\n<td><\/td>\n<\/tr>\n<tr>\n<td>Cappy Multivitamin<\/td>\n<td>390 Ft<\/td>\n<td><\/td>\n<\/tr>\n<tr>\n<td>Cappy Paradicsom<\/td>\n<td>390 Ft<\/td>\n<td><\/td>\n<\/tr>\n<tr>\n<td>Cappy K\u00f6rte<\/td>\n<td>390 Ft<\/td>\n<td><\/td>\n<\/tr>\n<tr>\n<td>Cappy Alma<\/td>\n<td>390 Ft<\/td>\n<td><\/td>\n<\/tr>\n<tr>\n<td>Cappy S\u00e1rgabarack<\/td>\n<td>390 Ft<\/td>\n<td><\/td>\n<\/tr>\n<tr>\n<td>Cappy Anan\u00e1sz<\/td>\n<td>390 Ft<\/td>\n<td><\/td>\n<\/tr>\n<tr>\n<td>Cappy Feketeribizli<\/td>\n<td>390 Ft<\/td>\n<td><\/td>\n<\/tr>\n<tr>\n<td>Cappy Meggy<\/td>\n<td>390 Ft<\/td>\n<td><\/td>\n<\/tr>\n<tr>\n<td rowspan=\"2\"><strong>Lemonade<\/strong><\/td>\n<td rowspan=\"2\"><\/td>\n<td><\/td>\n<\/tr>\n<tr>\n<td><\/td>\n<\/tr>\n<tr>\n<td>S\u00e1rgadinnye<\/td>\n<td>980 Ft<\/td>\n<td><\/td>\n<\/tr>\n<tr>\n<td>Gr\u00e1n\u00e1talma<\/td>\n<td>980 Ft<\/td>\n<td><\/td>\n<\/tr>\n<tr>\n<td>Eper<\/td>\n<td>980 Ft<\/td>\n<td><\/td>\n<\/tr>\n<tr>\n<td>Z\u00f6ldcitrom<\/td>\n<td>980 Ft<\/td>\n<td><\/td>\n<\/tr>\n<tr>\n<td>G\u00f6r\u00f6gdinnye<\/td>\n<td>980 Ft<\/td>\n<td><\/td>\n<\/tr>\n<tr>\n<td>Mang\u00f3<\/td>\n<td>980 Ft<\/td>\n<td><\/td>\n<\/tr>\n<tr>\n<td>Bodza<\/td>\n<td>980 Ft<\/td>\n<td><\/td>\n<\/tr>\n<tr>\n<td>Kiwi<\/td>\n<td>980 Ft<\/td>\n<td><\/td>\n<\/tr>\n<tr>\n<td rowspan=\"2\"><strong>Draft beer<\/strong><\/td>\n<td><\/td>\n<td><\/td>\n<\/tr>\n<tr>\n<td><\/td>\n<td><\/td>\n<\/tr>\n<tr>\n<td>Soproni<\/td>\n<td>360 Ft<\/td>\n<td><\/td>\n<\/tr>\n<tr>\n<td>Soproni<\/td>\n<td>590 Ft<\/td>\n<td><\/td>\n<\/tr>\n<tr>\n<td>Heineken<\/td>\n<td>420 Ft<\/td>\n<td><\/td>\n<\/tr>\n<tr>\n<td>Heineken<\/td>\n<td>690 Ft<\/td>\n<td><\/td>\n<\/tr>\n<tr>\n<td rowspan=\"2\"><strong>Beer<\/strong><\/td>\n<td><\/td>\n<td><\/td>\n<\/tr>\n<tr>\n<td><\/td>\n<td><\/td>\n<\/tr>\n<tr>\n<td>Heineken<\/td>\n<td>590 Ft<\/td>\n<td><\/td>\n<\/tr>\n<tr>\n<td>G\u00f6sser<\/td>\n<td>490 Ft<\/td>\n<td><\/td>\n<\/tr>\n<tr>\n<td>Krusovice Svetl\u00e9<\/td>\n<td>490 Ft<\/td>\n<td><\/td>\n<\/tr>\n<tr>\n<td>Krusovice Svetl\u00e9<\/td>\n<td>490 Ft<\/td>\n<td><\/td>\n<\/tr>\n<tr>\n<td>Edelweiss Hefetr\u00fcb<\/td>\n<td>690 Ft<\/td>\n<td><\/td>\n<\/tr>\n<tr>\n<td rowspan=\"2\"><strong>Alcohol free beer<\/strong><\/td>\n<td><\/td>\n<td><\/td>\n<\/tr>\n<tr>\n<td><\/td>\n<td><\/td>\n<\/tr>\n<tr>\n<td>G\u00f6sser Natur Radler<\/td>\n<td>510 Ft<\/td>\n<td><\/td>\n<\/tr>\n<tr>\n<td>G\u00f6sser<\/td>\n<td>510 Ft<\/td>\n<td><\/td>\n<\/tr>\n<tr>\n<td>Pr\u00e9mium k\u00e9zm\u0171ves s\u00f6r\u00f6k<\/td>\n<td><\/td>\n<td><\/td>\n<\/tr>\n<tr>\n<td>Csapolt Szentandr\u00e1si Meggys\u00f6r<\/td>\n<td>390 Ft \/\u00a0650 Ft<\/td>\n<td><\/td>\n<\/tr>\n<tr>\n<td>Szentandr\u00e1si Szilv\u00e1s S\u00f6r<\/td>\n<td>650 Ft<\/td>\n<td><\/td>\n<\/tr>\n<tr>\n<td>Szentandr\u00e1si Napkincs<\/td>\n<td>690 Ft<\/td>\n<td><\/td>\n<\/tr>\n<tr>\n<td>Szentandr\u00e1si M\u00e1ln\u00e1s Gy\u00fcm\u00f6lcs\u00f6s B\u00fazas\u00f6r<\/td>\n<td>790 Ft<\/td>\n<td><\/td>\n<\/tr>\n<tr>\n<td>Szentandr\u00e1si Fekete<\/td>\n<td>790 Ft<\/td>\n<td><\/td>\n<\/tr>\n<tr>\n<td rowspan=\"2\"><strong>Ciderek<\/strong><\/td>\n<td><\/td>\n<td><\/td>\n<\/tr>\n<tr>\n<td><\/td>\n<td><\/td>\n<\/tr>\n<tr>\n<td>Strongbow Gold Apple<\/td>\n<td>650 Ft<\/td>\n<td><\/td>\n<\/tr>\n<tr>\n<td>Strongbow Honey<\/td>\n<td>650 Ft<\/td>\n<td><\/td>\n<\/tr>\n<tr>\n<td>Strongbow Red Berries<\/td>\n<td>650 Ft<\/td>\n<td><\/td>\n<\/tr>\n<tr>\n<td>Strongbow Dark Fruit<\/td>\n<td>650 Ft<\/td>\n<td><\/td>\n<\/tr>\n<tr>\n<td>Strongbow Bodza<\/td>\n<td>650 Ft<\/td>\n<td><\/td>\n<\/tr>\n<tr>\n<td><\/td>\n<td><\/td>\n<td><\/td>\n<\/tr>\n<tr>\n<td rowspan=\"2\"><strong>Tequila<\/strong><\/td>\n<td rowspan=\"2\">\u00a0<strong>2 cl\/4cl<\/strong><\/td>\n<td><\/td>\n<\/tr>\n<tr>\n<td><\/td>\n<\/tr>\n<tr>\n<td>Jose Cuervo Silver<\/td>\n<td>350 Ft\/700 Ft<\/td>\n<td><\/td>\n<\/tr>\n<tr>\n<td>Patron Reposado<\/td>\n<td>800 Ft \/1\u00a0600 Ft<\/td>\n<td><\/td>\n<\/tr>\n<tr>\n<td rowspan=\"2\"><strong>Vodka<\/strong><\/td>\n<td><\/td>\n<td><\/td>\n<\/tr>\n<tr>\n<td><\/td>\n<td><\/td>\n<\/tr>\n<tr>\n<td>Finlandia<\/td>\n<td>300 Ft \/ 600 Ft<\/td>\n<td><\/td>\n<\/tr>\n<tr>\n<td>Absolut<\/td>\n<td>350 Ft \/ 700 Ft<\/td>\n<td><\/td>\n<\/tr>\n<tr>\n<td>Grey Goose<\/td>\n<td>700 Ft \/ 1\u00a0400 Ft<\/td>\n<td><\/td>\n<\/tr>\n<tr>\n<td>Beluga<\/td>\n<td>800 Ft \/ 1\u00a0600 Ft<\/td>\n<td><\/td>\n<\/tr>\n<tr>\n<td rowspan=\"2\"><strong>Rum<\/strong><\/td>\n<td><\/td>\n<td><\/td>\n<\/tr>\n<tr>\n<td><\/td>\n<td><\/td>\n<\/tr>\n<tr>\n<td>Captain Morgan<\/td>\n<td>350 Ft \/ 700 Ft<\/td>\n<td><\/td>\n<\/tr>\n<tr>\n<td>Bacardi Superior<\/td>\n<td>350 Ft \/ 700 Ft<\/td>\n<td><\/td>\n<\/tr>\n<tr>\n<td>Bacardi Oakheart<\/td>\n<td>400 Ft \/ 800 Ft<\/td>\n<td><\/td>\n<\/tr>\n<tr>\n<td>Stroh 80%<\/td>\n<td>400 Ft \/ 800 Ft<\/td>\n<td><\/td>\n<\/tr>\n<tr>\n<td rowspan=\"2\"><strong>P\u00e1linka<\/strong><\/td>\n<td><\/td>\n<td><\/td>\n<\/tr>\n<tr>\n<td><\/td>\n<td><\/td>\n<\/tr>\n<tr>\n<td>Panyolai Szatm\u00e1ri Szilva<\/td>\n<td>550 Ft \/ 1\u00a0100 Ft<\/td>\n<td><\/td>\n<\/tr>\n<tr>\n<td>Panyolai Eliksz\u00edr Kajszibarack<\/td>\n<td>550 Ft \/ 1\u00a0100 Ft<\/td>\n<td><\/td>\n<\/tr>\n<tr>\n<td>Panyolai Rubinmeggy<\/td>\n<td>550 Ft \/ 1\u00a0100 Ft<\/td>\n<td><\/td>\n<\/tr>\n<tr>\n<td>Panyolai Aranyalma<\/td>\n<td>550 Ft \/ 1\u00a0100 Ft<\/td>\n<td><\/td>\n<\/tr>\n<tr>\n<td>Gyulai P\u00e1linka Manufakt\u00fara<\/td>\n<td><\/td>\n<td><\/td>\n<\/tr>\n<tr>\n<td>Gyulai Erkel Szilv\u00f3rium<\/td>\n<td>550 Ft \/ 1\u00a0100 Ft<\/td>\n<td><\/td>\n<\/tr>\n<tr>\n<td>Gyulai Irsai Oliv\u00e9r illatos sz\u0151l\u0151<\/td>\n<td>550 Ft \/ 1\u00a0100 Ft<\/td>\n<td><\/td>\n<\/tr>\n<tr>\n<td>Gyulai Birs p\u00e1linka<\/td>\n<td>700 Ft \/ 1\u00a0400 Ft<\/td>\n<td><\/td>\n<\/tr>\n<tr>\n<td>B\u00e1r\u00f3 Harruckern K\u00f6k\u00e9ny<\/td>\n<td>700 Ft \/ 1\u00a0400 Ft<\/td>\n<td><\/td>\n<\/tr>\n<tr>\n<td>B\u00e1r\u00f3 Harruckern Erdei Meggy<\/td>\n<td>700 Ft \/ 1\u00a0400 Ft<\/td>\n<td><\/td>\n<\/tr>\n<tr>\n<td>B\u00e1r\u00f3 Harruckern Feketeribiszke<\/td>\n<td>750 Ft \/ 1\u00a0500 Ft<\/td>\n<td><\/td>\n<\/tr>\n<tr>\n<td>B\u00e1r\u00f3 Harruckern M\u00e1lna<\/td>\n<td>750 Ft \/ 1\u00a0500 Ft<\/td>\n<td><\/td>\n<\/tr>\n<tr>\n<td>\u00c1gyas Cig\u00e1nymeggy<\/td>\n<td>700 Ft \/ 1\u00a0400 Ft<\/td>\n<td><\/td>\n<\/tr>\n<tr>\n<td>M\u00e9zes Z\u00f6ld Di\u00f3 lik\u0151r<\/td>\n<td>550 Ft \/ 1\u00a0100 Ft<\/td>\n<td><\/td>\n<\/tr>\n<tr>\n<td>Bodzavir\u00e1g Geist<\/td>\n<td>550 Ft \/ 1\u00a0100 Ft<\/td>\n<td><\/td>\n<\/tr>\n<tr>\n<td>M\u00e9lyv\u00edz Vilmosk\u00f6rte<\/td>\n<td>700 Ft \/ 1\u00a0400 Ft<\/td>\n<td><\/td>\n<\/tr>\n<tr>\n<td>M\u00e9lyv\u00edz Kajszibarack<\/td>\n<td>700 Ft \/ 1\u00a0400 Ft<\/td>\n<td><\/td>\n<\/tr>\n<tr>\n<td rowspan=\"2\"><strong>Whiskey<\/strong><\/td>\n<td><\/td>\n<td><\/td>\n<\/tr>\n<tr>\n<td><\/td>\n<td><\/td>\n<\/tr>\n<tr>\n<td>Jim Beam<\/td>\n<td>350 Ft \/ 700 Ft<\/td>\n<td><\/td>\n<\/tr>\n<tr>\n<td>Ballantines<\/td>\n<td>350 Ft \/ 700 Ft<\/td>\n<td><\/td>\n<\/tr>\n<tr>\n<td>Jameson<\/td>\n<td>400 Ft \/ 800 Ft<\/td>\n<td><\/td>\n<\/tr>\n<tr>\n<td>Johnnie Walker Red Label<\/td>\n<td>350 Ft \/ 700 Ft<\/td>\n<td><\/td>\n<\/tr>\n<tr>\n<td>Johnnie Walker Black Label<\/td>\n<td>600 Ft \/ 1\u00a0200 Ft<\/td>\n<td><\/td>\n<\/tr>\n<tr>\n<td>Johnnie Walker Gold Label<\/td>\n<td>700 Ft \/ 1400 Ft<\/td>\n<td><\/td>\n<\/tr>\n<tr>\n<td>Johnnie Walker Blue Label<\/td>\n<td>2\u00a0000 Ft \/ 4000 Ft<\/td>\n<td><\/td>\n<\/tr>\n<tr>\n<td>Jack Daniel\u2019s Tennessee<\/td>\n<td>450 Ft \/ 900 Ft<\/td>\n<td><\/td>\n<\/tr>\n<tr>\n<td>Jack Daniel\u2019s Gentleman Jack<\/td>\n<td>550 Ft \/ 1\u00a0100 Ft<\/td>\n<td><\/td>\n<\/tr>\n<tr>\n<td>Chivas Regal<\/td>\n<td>550 Ft \/ 1\u00a0100 Ft<\/td>\n<td><\/td>\n<\/tr>\n<tr>\n<td>Lagavulin Single Malt<\/td>\n<td>1\u00a0000 Ft \/ 2000 Ft<\/td>\n<td><\/td>\n<\/tr>\n<tr>\n<td>Oban Single Malt<\/td>\n<td>1\u00a0200 Ft \/ 2\u00a0400 Ft<\/td>\n<td><\/td>\n<\/tr>\n<tr>\n<td rowspan=\"2\"><strong>Gin<\/strong><\/td>\n<td><\/td>\n<td><\/td>\n<\/tr>\n<tr>\n<td><\/td>\n<td><\/td>\n<\/tr>\n<tr>\n<td>Beefeater<\/td>\n<td>400 Ft \/ 800 Ft<\/td>\n<td><\/td>\n<\/tr>\n<tr>\n<td>Gordon\u2019s<\/td>\n<td>400 Ft \/ 800 Ft<\/td>\n<td><\/td>\n<\/tr>\n<tr>\n<td>Tanqueray TEN<\/td>\n<td>750 Ft \/\u00a0 1\u00a0500 Ft<\/td>\n<td><\/td>\n<\/tr>\n<tr>\n<td rowspan=\"2\"><strong>Cognac<\/strong><\/td>\n<td><\/td>\n<td><\/td>\n<\/tr>\n<tr>\n<td><\/td>\n<td><\/td>\n<\/tr>\n<tr>\n<td>Metaxa 7<\/td>\n<td>400 Ft \/ 800 Ft<\/td>\n<td><\/td>\n<\/tr>\n<tr>\n<td>R\u00e9my Martin V.S.O.P.<\/td>\n<td>750 Ft \/\u00a0 1\u00a0500 Ft<\/td>\n<td><\/td>\n<\/tr>\n<tr>\n<td>Hennessy V.S.<\/td>\n<td>500 Ft \/ 1000 Ft<\/td>\n<td><\/td>\n<\/tr>\n<tr>\n<td>Hennessy X.O.<\/td>\n<td>2\u00a0500 Ft \/ 5000 Ft<\/td>\n<td><\/td>\n<\/tr>\n<tr>\n<td rowspan=\"2\"><strong>Liqueur<\/strong><\/td>\n<td><\/td>\n<td><\/td>\n<\/tr>\n<tr>\n<td><\/td>\n<td><\/td>\n<\/tr>\n<tr>\n<td>J\u00e4germeister<\/td>\n<td>300 Ft \/ 600 Ft<\/td>\n<td><\/td>\n<\/tr>\n<tr>\n<td>Unicum<\/td>\n<td>350 Ft \/ 700 Ft<\/td>\n<td><\/td>\n<\/tr>\n<tr>\n<td>Unicum Szilva<\/td>\n<td>350 Ft \/ 700 Ft<\/td>\n<td><\/td>\n<\/tr>\n<tr>\n<td>Calvados<\/td>\n<td>350 Ft \/ 700 Ft<\/td>\n<td><\/td>\n<\/tr>\n<tr>\n<td>Malibu<\/td>\n<td>350 Ft \/ 700 Ft<\/td>\n<td><\/td>\n<\/tr>\n<tr>\n<td>Amoretto<\/td>\n<td>400 Ft \/ 800 Ft<\/td>\n<td><\/td>\n<\/tr>\n<tr>\n<td>Cointreau<\/td>\n<td>400 Ft \/ 800 Ft<\/td>\n<td><\/td>\n<\/tr>\n<tr>\n<td>Bailey\u2019s<\/td>\n<td>400 Ft \/ 800 Ft<\/td>\n<td><\/td>\n<\/tr>\n<tr>\n<td rowspan=\"2\"><strong>Vermutok<\/strong><\/td>\n<td><\/td>\n<td><\/td>\n<\/tr>\n<tr>\n<td><\/td>\n<td><\/td>\n<\/tr>\n<tr>\n<td>Martini Dry<\/td>\n<td>700 Ft<\/td>\n<td><\/td>\n<\/tr>\n<tr>\n<td>Martini Bianco<\/td>\n<td>700 Ft<\/td>\n<td><\/td>\n<\/tr>\n<tr>\n<td>Martini Rosso<\/td>\n<td>700 Ft<\/td>\n<td><\/td>\n<\/tr>\n<tr>\n<td>Campari<\/td>\n<td>900 Ft<\/td>\n<td><\/td>\n<\/tr>\n<\/tbody>\n<\/table>\n<p>&nbsp;<\/p>\n<p>&nbsp;<\/p>\n","protected":false},"excerpt":{"rendered":"<p>Taste the singularity of Gyula through our drinks and delicious melas. il Mio Caff\u00e9 Espresso 350 Ft Cappuccino 390 Ft Cappuccino (lakt\u00f3zmentes) 490 Ft Jegesk\u00e1v\u00e9 650 Ft Latte Macchiato 490 Ft Latte Macchiato (lakt\u00f3zmentes) 590 Ft Melange (m\u00e9zzel) 490 Ft Dilmah Tea Earl Grey 350 Ft English Breakfast 350 Ft Van\u00edlia 350 Ft Karamell 350 [&hellip;]<\/p>\n","protected":false},"author":2,"featured_media":0,"parent":0,"menu_order":0,"comment_status":"closed","ping_status":"closed","template":"","meta":{"_et_pb_use_builder":"","_et_pb_old_content":"","_et_gb_content_width":"","footnotes":""},"class_list":["post-7908","page","type-page","status-publish","hentry"],"yoast_head":"<!-- This site is optimized with the Yoast SEO Premium plugin v27.2 (Yoast SEO v27.2) - https:\/\/yoast.com\/product\/yoast-seo-premium-wordpress\/ -->\n<title>Itallap - Koml\u00f3 Hotel Gyula, Gyulai P\u00e1linka, italk\u00fcl\u00f6nlegess\u00e9gek<\/title>\n<meta name=\"description\" content=\"\u00cdzlelje meg n\u00e1lunk Gyula p\u00e1ratlan hangulat\u00e1t italk\u00fcl\u00f6nlegess\u00e9geinket \u00e9s fens\u00e9ges fog\u00e1sainkat. A gyulai p\u00e1linka p\u00e1ratlan \u00e9s zamatos \u00edzvil\u00e1ga kimagasl\u00f3.\" \/>\n<meta name=\"robots\" content=\"index, follow, max-snippet:-1, max-image-preview:large, max-video-preview:-1\" \/>\n<link rel=\"canonical\" href=\"https:\/\/komlohotelgyula.hu\/en\/drinks\/\" \/>\n<meta property=\"og:locale\" content=\"en_US\" \/>\n<meta property=\"og:type\" content=\"article\" \/>\n<meta property=\"og:title\" content=\"Drinks\" \/>\n<meta property=\"og:description\" content=\"\u00cdzlelje meg n\u00e1lunk Gyula p\u00e1ratlan hangulat\u00e1t italk\u00fcl\u00f6nlegess\u00e9geinket \u00e9s fens\u00e9ges fog\u00e1sainkat. A gyulai p\u00e1linka p\u00e1ratlan \u00e9s zamatos \u00edzvil\u00e1ga kimagasl\u00f3.\" \/>\n<meta property=\"og:url\" content=\"https:\/\/komlohotelgyula.hu\/en\/drinks\/\" \/>\n<meta property=\"og:site_name\" content=\"Koml\u00f3 Hotel Gyula\" \/>\n<meta property=\"article:publisher\" content=\"https:\/\/www.facebook.com\/KomloHotelGyula\/\" \/>\n<meta property=\"article:modified_time\" content=\"2017-07-06T09:12:25+00:00\" \/>\n<meta name=\"twitter:card\" content=\"summary_large_image\" \/>\n<meta name=\"twitter:label1\" content=\"Est. reading time\" \/>\n\t<meta name=\"twitter:data1\" content=\"3 minutes\" \/>\n<script type=\"application\/ld+json\" class=\"yoast-schema-graph\">{\"@context\":\"https:\/\/schema.org\",\"@graph\":[{\"@type\":\"WebPage\",\"@id\":\"https:\/\/komlohotelgyula.hu\/en\/drinks\/\",\"url\":\"https:\/\/komlohotelgyula.hu\/en\/drinks\/\",\"name\":\"Itallap - Koml\u00f3 Hotel Gyula, Gyulai P\u00e1linka, italk\u00fcl\u00f6nlegess\u00e9gek\",\"isPartOf\":{\"@id\":\"https:\/\/komlohotelgyula.hu\/#website\"},\"datePublished\":\"2017-04-06T16:42:27+00:00\",\"dateModified\":\"2017-07-06T09:12:25+00:00\",\"description\":\"\u00cdzlelje meg n\u00e1lunk Gyula p\u00e1ratlan hangulat\u00e1t italk\u00fcl\u00f6nlegess\u00e9geinket \u00e9s fens\u00e9ges fog\u00e1sainkat. A gyulai p\u00e1linka p\u00e1ratlan \u00e9s zamatos \u00edzvil\u00e1ga kimagasl\u00f3.\",\"breadcrumb\":{\"@id\":\"https:\/\/komlohotelgyula.hu\/en\/drinks\/#breadcrumb\"},\"inLanguage\":\"en-US\",\"potentialAction\":[{\"@type\":\"ReadAction\",\"target\":[\"https:\/\/komlohotelgyula.hu\/en\/drinks\/\"]}]},{\"@type\":\"BreadcrumbList\",\"@id\":\"https:\/\/komlohotelgyula.hu\/en\/drinks\/#breadcrumb\",\"itemListElement\":[{\"@type\":\"ListItem\",\"position\":1,\"name\":\"Home\",\"item\":\"https:\/\/komlohotelgyula.hu\/en\/\"},{\"@type\":\"ListItem\",\"position\":2,\"name\":\"Drinks\"}]},{\"@type\":\"WebSite\",\"@id\":\"https:\/\/komlohotelgyula.hu\/#website\",\"url\":\"https:\/\/komlohotelgyula.hu\/\",\"name\":\"Koml\u00f3 Hotel Gyula\",\"description\":\"\",\"potentialAction\":[{\"@type\":\"SearchAction\",\"target\":{\"@type\":\"EntryPoint\",\"urlTemplate\":\"https:\/\/komlohotelgyula.hu\/?s={search_term_string}\"},\"query-input\":{\"@type\":\"PropertyValueSpecification\",\"valueRequired\":true,\"valueName\":\"search_term_string\"}}],\"inLanguage\":\"en-US\"}]}<\/script>\n<!-- \/ Yoast SEO Premium plugin. -->","yoast_head_json":{"title":"Itallap - Koml\u00f3 Hotel Gyula, Gyulai P\u00e1linka, italk\u00fcl\u00f6nlegess\u00e9gek","description":"\u00cdzlelje meg n\u00e1lunk Gyula p\u00e1ratlan hangulat\u00e1t italk\u00fcl\u00f6nlegess\u00e9geinket \u00e9s fens\u00e9ges fog\u00e1sainkat. A gyulai p\u00e1linka p\u00e1ratlan \u00e9s zamatos \u00edzvil\u00e1ga kimagasl\u00f3.","robots":{"index":"index","follow":"follow","max-snippet":"max-snippet:-1","max-image-preview":"max-image-preview:large","max-video-preview":"max-video-preview:-1"},"canonical":"https:\/\/komlohotelgyula.hu\/en\/drinks\/","og_locale":"en_US","og_type":"article","og_title":"Drinks","og_description":"\u00cdzlelje meg n\u00e1lunk Gyula p\u00e1ratlan hangulat\u00e1t italk\u00fcl\u00f6nlegess\u00e9geinket \u00e9s fens\u00e9ges fog\u00e1sainkat. A gyulai p\u00e1linka p\u00e1ratlan \u00e9s zamatos \u00edzvil\u00e1ga kimagasl\u00f3.","og_url":"https:\/\/komlohotelgyula.hu\/en\/drinks\/","og_site_name":"Koml\u00f3 Hotel Gyula","article_publisher":"https:\/\/www.facebook.com\/KomloHotelGyula\/","article_modified_time":"2017-07-06T09:12:25+00:00","twitter_card":"summary_large_image","twitter_misc":{"Est. reading time":"3 minutes"},"schema":{"@context":"https:\/\/schema.org","@graph":[{"@type":"WebPage","@id":"https:\/\/komlohotelgyula.hu\/en\/drinks\/","url":"https:\/\/komlohotelgyula.hu\/en\/drinks\/","name":"Itallap - Koml\u00f3 Hotel Gyula, Gyulai P\u00e1linka, italk\u00fcl\u00f6nlegess\u00e9gek","isPartOf":{"@id":"https:\/\/komlohotelgyula.hu\/#website"},"datePublished":"2017-04-06T16:42:27+00:00","dateModified":"2017-07-06T09:12:25+00:00","description":"\u00cdzlelje meg n\u00e1lunk Gyula p\u00e1ratlan hangulat\u00e1t italk\u00fcl\u00f6nlegess\u00e9geinket \u00e9s fens\u00e9ges fog\u00e1sainkat. A gyulai p\u00e1linka p\u00e1ratlan \u00e9s zamatos \u00edzvil\u00e1ga kimagasl\u00f3.","breadcrumb":{"@id":"https:\/\/komlohotelgyula.hu\/en\/drinks\/#breadcrumb"},"inLanguage":"en-US","potentialAction":[{"@type":"ReadAction","target":["https:\/\/komlohotelgyula.hu\/en\/drinks\/"]}]},{"@type":"BreadcrumbList","@id":"https:\/\/komlohotelgyula.hu\/en\/drinks\/#breadcrumb","itemListElement":[{"@type":"ListItem","position":1,"name":"Home","item":"https:\/\/komlohotelgyula.hu\/en\/"},{"@type":"ListItem","position":2,"name":"Drinks"}]},{"@type":"WebSite","@id":"https:\/\/komlohotelgyula.hu\/#website","url":"https:\/\/komlohotelgyula.hu\/","name":"Koml\u00f3 Hotel Gyula","description":"","potentialAction":[{"@type":"SearchAction","target":{"@type":"EntryPoint","urlTemplate":"https:\/\/komlohotelgyula.hu\/?s={search_term_string}"},"query-input":{"@type":"PropertyValueSpecification","valueRequired":true,"valueName":"search_term_string"}}],"inLanguage":"en-US"}]}},"_links":{"self":[{"href":"https:\/\/komlohotelgyula.hu\/en\/wp-json\/wp\/v2\/pages\/7908","targetHints":{"allow":["GET"]}}],"collection":[{"href":"https:\/\/komlohotelgyula.hu\/en\/wp-json\/wp\/v2\/pages"}],"about":[{"href":"https:\/\/komlohotelgyula.hu\/en\/wp-json\/wp\/v2\/types\/page"}],"author":[{"embeddable":true,"href":"https:\/\/komlohotelgyula.hu\/en\/wp-json\/wp\/v2\/users\/2"}],"replies":[{"embeddable":true,"href":"https:\/\/komlohotelgyula.hu\/en\/wp-json\/wp\/v2\/comments?post=7908"}],"version-history":[{"count":0,"href":"https:\/\/komlohotelgyula.hu\/en\/wp-json\/wp\/v2\/pages\/7908\/revisions"}],"wp:attachment":[{"href":"https:\/\/komlohotelgyula.hu\/en\/wp-json\/wp\/v2\/media?parent=7908"}],"curies":[{"name":"wp","href":"https:\/\/api.w.org\/{rel}","templated":true}]}}