{"id":7907,"date":"2013-12-11T07:21:51","date_gmt":"2013-12-11T06:21:51","guid":{"rendered":"https:\/\/www.komlohotelgyula.hu\/hotel\/"},"modified":"2023-08-09T13:03:51","modified_gmt":"2023-08-09T11:03:51","slug":"hotel","status":"publish","type":"page","link":"https:\/\/komlohotelgyula.hu\/en\/hotel\/","title":{"rendered":"Hotel"},"content":{"rendered":"<p>[et_pb_section fb_built=&#8221;1&#8243; _builder_version=&#8221;4.20.2&#8243; _module_preset=&#8221;default&#8221; use_background_color_gradient=&#8221;on&#8221; background_color_gradient_stops=&#8221;#b5a166 0%|rgba(45,45,45,0.51) 100%&#8221; background_image=&#8221;https:\/\/komlohotelgyula.hu\/wp-content\/uploads\/komlo-hotel-gyula-19-scaled.jpg&#8221; background_blend=&#8221;overlay&#8221; max_height=&#8221;70px&#8221; custom_padding=&#8221;20%||20%||false|false&#8221; bottom_divider_style=&#8221;wave2&#8243; bottom_divider_color=&#8221;#383838&#8243; global_colors_info=&#8221;{}&#8221;][\/et_pb_section][et_pb_section fb_built=&#8221;1&#8243; _builder_version=&#8221;4.20.2&#8243; _module_preset=&#8221;default&#8221; background_enable_color=&#8221;off&#8221; use_background_color_gradient=&#8221;on&#8221; background_color_gradient_direction=&#8221;193deg&#8221; background_color_gradient_stops=&#8221;#b5a166 0%|rgba(255,255,255,0.67) 28%|#b5a166 48%|rgba(226,219,196,0.64) 67%|#b5a268 100%&#8221; background_enable_image=&#8221;off&#8221; background_blend=&#8221;overlay&#8221; background_enable_pattern_style=&#8221;on&#8221; background_pattern_style=&#8221;3d-diamonds&#8221; background_pattern_color=&#8221;#727272&#8243; background_pattern_transform=&#8221;invert&#8221; background_pattern_blend_mode=&#8221;overlay&#8221; background_enable_mask_style=&#8221;on&#8221; background_mask_style=&#8221;square-stripes&#8221; background_mask_color=&#8221;#383838&#8243; background_mask_transform=&#8221;flip_vertical|flip_horizontal&#8221; background_mask_size=&#8221;cover&#8221; custom_margin=&#8221;-1px||||false|false&#8221; custom_padding=&#8221;0px|||||&#8221; global_colors_info=&#8221;{}&#8221;][et_pb_row module_class=&#8221;bg_blure&#8221; _builder_version=&#8221;4.20.2&#8243; _module_preset=&#8221;default&#8221; global_colors_info=&#8221;{}&#8221;][et_pb_column type=&#8221;4_4&#8243; _builder_version=&#8221;4.20.2&#8243; _module_preset=&#8221;default&#8221; global_colors_info=&#8221;{}&#8221;][et_pb_text module_class=&#8221;bg_blure&#8221; _builder_version=&#8221;4.21.0&#8243; _module_preset=&#8221;default&#8221; header_text_color=&#8221;#000000&#8243; background_color=&#8221;#383838&#8243; text_orientation=&#8221;justified&#8221; custom_padding=&#8221;10px|20px|10px|20px|false|false&#8221; border_radii=&#8221;on|24px|24px|24px|24px&#8221; border_width_all=&#8221;4px&#8221; border_color_all=&#8221;#4f4f4f&#8221; border_width_top=&#8221;1px&#8221; border_width_right=&#8221;14px&#8221; border_width_bottom=&#8221;14px&#8221; border_width_left=&#8221;1px&#8221; border_color_left=&#8221;#323334&#8243; box_shadow_style=&#8221;preset4&#8243; box_shadow_horizontal=&#8221;3px&#8221; box_shadow_vertical=&#8221;4px&#8221; box_shadow_color=&#8221;#B5A166&#8243; global_colors_info=&#8221;{}&#8221;]<\/p>\n<p>In July of 2016 the city of Gyula\u2019s very first and most attrocius Hotel opened it\u2019s gates again. After a break of nearly a quarter of a century Our guests can take the hotel again, which was named the 2nd most popular hotel of our county.\u00a0 During the restoration, the designers did their best to make it as special as they can, and because of that, luxury, elegancy and traditions are combined with the expectations and trends of the modern era.<\/p>\n<p>The hotel is right beside of the city\u2019s renovated main square, and about 10 minutes of walk away from the deservedly famous Castle of Gyula and Castle Spa. To our Guests we provide transfer to the Castle Spa for the most comfortable experience. Do not miss this opportunity, because You can be a part of time travelling thanks to our retro car.<\/p>\n<p>In the newly renovated Koml\u00f3 Hotel**** building there are 37 rooms, 13 of them are Standard rooms, with one airspace, 10 Superior, with one airspace and a balcony \u2013 1 of these rooms are barrier free \u2013 also there are 12 Deluxe, two air spaced rooms and 1 Family Suite room which is equipped with each and every possible comfort. These rooms waiting for every guest who wants to have a little relaxation. Every room has it\u2019s own air conditioning system, and the elevator eases your way to get to your room.<\/p>\n<p style=\"text-align: center;\">[\/et_pb_text][et_pb_text _builder_version=&#8221;4.21.0&#8243; _module_preset=&#8221;default&#8221; header_text_color=&#8221;#D1D1D1&#8243; header_font_size=&#8221;100%&#8221; header_2_text_color=&#8221;#D1D1D1&#8243; header_3_text_color=&#8221;#FFFFFF&#8221; background_color=&#8221;#383838&#8243; width=&#8221;100%&#8221; custom_padding=&#8221;44px|10px|10px|10px|false|false&#8221; border_radii=&#8221;on|4px|4px|4px|4px&#8221; border_color_all=&#8221;#D1D1D1&#8243; border_width_right=&#8221;0px&#8221; border_width_bottom=&#8221;0px&#8221; global_colors_info=&#8221;{}&#8221;]<\/p>\n<h2 style=\"text-align: center;\">BE PART OF THE RENEWED KOML\u00d3 EXPERIENCE!<\/h2>\n<p>[\/et_pb_text][\/et_pb_column][\/et_pb_row][et_pb_row _builder_version=&#8221;4.20.2&#8243; _module_preset=&#8221;default&#8221; custom_margin=&#8221;-18px|auto||auto||&#8221; custom_padding=&#8221;0px||1px|||&#8221; global_colors_info=&#8221;{}&#8221;][et_pb_column type=&#8221;4_4&#8243; _builder_version=&#8221;4.20.2&#8243; _module_preset=&#8221;default&#8221; global_colors_info=&#8221;{}&#8221;][et_pb_text module_class=&#8221;belso_artdeco_keret&#8221; _builder_version=&#8221;4.21.0&#8243; _module_preset=&#8221;default&#8221; global_colors_info=&#8221;{}&#8221;]<\/p>\n<h2 style=\"text-align: center;\">ABOUT US<\/h2>\n<p>[\/et_pb_text][\/et_pb_column][\/et_pb_row][et_pb_row _builder_version=&#8221;4.20.2&#8243; _module_preset=&#8221;default&#8221; global_colors_info=&#8221;{}&#8221;][et_pb_column type=&#8221;4_4&#8243; _builder_version=&#8221;4.20.2&#8243; _module_preset=&#8221;default&#8221; global_colors_info=&#8221;{}&#8221;][et_pb_image src=&#8221;https:\/\/komlohotelgyula.hu\/wp-content\/uploads\/csepregi_7197_r22-4.jpg&#8221; title_text=&#8221;csepregi_7197_r22&#8243; _builder_version=&#8221;4.20.2&#8243; _module_preset=&#8221;default&#8221; custom_css_main_element=&#8221;transition: transform .5s ease;&#8221; border_radii=&#8221;on|20px|20px|20px|20px&#8221; box_shadow_style=&#8221;preset6&#8243; global_colors_info=&#8221;{}&#8221;][\/et_pb_image][et_pb_text _builder_version=&#8221;4.21.0&#8243; _module_preset=&#8221;default&#8221; header_text_color=&#8221;#000000&#8243; background_color=&#8221;#383838&#8243; text_orientation=&#8221;justified&#8221; custom_padding=&#8221;10px|20px|10px|20px|false|false&#8221; border_radii=&#8221;on|24px|24px|24px|24px&#8221; border_width_all=&#8221;4px&#8221; border_width_top=&#8221;1px&#8221; border_width_right=&#8221;14px&#8221; border_width_bottom=&#8221;14px&#8221; border_width_left=&#8221;1px&#8221; border_color_left=&#8221;#323334&#8243; box_shadow_style=&#8221;preset4&#8243; box_shadow_horizontal=&#8221;3px&#8221; box_shadow_vertical=&#8221;4px&#8221; box_shadow_color=&#8221;#B5A166&#8243; global_colors_info=&#8221;{}&#8221;]<\/p>\n<p>In July 2016, the foremost and tarnished hotel in Gyula named Koml\u00f3 Sz\u00e1ll\u00f3, after experiencing an almost quarter century of intermission, opened again and is waiting its guests as KOML\u00d3 HOTEL GYULA.\u00a0<\/p>\n<p>In the heart of the city, the shining, nice building of the KOML\u00d3 HOTEL GYULA, built in Art Nouveau style, has been restored faithfully. It maximizes today\u2019s claims, however rooms are kept in function as well as in gracefullness as they were meant in the begginning.\u00a0<br \/>Our guests are offered with a nostalgic morale, inimitable comfort, quality services and exclusive gastronomic experiences.\u00a0<\/p>\n<p><strong>37 rooms<\/strong>\u00a0with\u00a0<strong>elegant and comfortable<\/strong>\u00a0furniture, of which 1<strong>2 are spacious apartments<\/strong>\u00a0are in Koml\u00f3 Hotel Gyula. Wellness experiences and culinary specialties are waiting for those who visit the hotel.<\/p>\n<p>[\/et_pb_text][et_pb_text _builder_version=&#8221;4.21.0&#8243; _module_preset=&#8221;default&#8221; header_text_color=&#8221;#D1D1D1&#8243; header_font_size=&#8221;100%&#8221; header_2_text_color=&#8221;#D1D1D1&#8243; header_3_text_color=&#8221;#FFFFFF&#8221; background_color=&#8221;#383838&#8243; width=&#8221;100%&#8221; max_width=&#8221;100%&#8221; custom_padding=&#8221;42px|10px|30px|10px|false|false&#8221; border_radii=&#8221;on|4px|4px|4px|4px&#8221; border_color_all=&#8221;#D1D1D1&#8243; border_width_right=&#8221;0px&#8221; border_width_bottom=&#8221;0px&#8221; global_colors_info=&#8221;{}&#8221;]<\/p>\n<h3 class=\"gdlr-item-title gdlr-skin-title gdlr-skin-border\" style=\"text-align: center;\">COMFORT, HEALTH AND SAFETY<\/h3>\n<p>[\/et_pb_text][\/et_pb_column][\/et_pb_row][et_pb_row _builder_version=&#8221;4.20.2&#8243; _module_preset=&#8221;default&#8221; global_colors_info=&#8221;{}&#8221;][et_pb_column type=&#8221;4_4&#8243; _builder_version=&#8221;4.20.2&#8243; _module_preset=&#8221;default&#8221; global_colors_info=&#8221;{}&#8221;][et_pb_text _builder_version=&#8221;4.21.2&#8243; _module_preset=&#8221;default&#8221; header_text_color=&#8221;#000000&#8243; background_color=&#8221;#383838&#8243; text_orientation=&#8221;justified&#8221; custom_padding=&#8221;10px|20px|10px|20px|false|false&#8221; hover_enabled=&#8221;0&#8243; border_radii=&#8221;on|24px|24px|24px|24px&#8221; border_width_all=&#8221;4px&#8221; border_width_top=&#8221;1px&#8221; border_width_right=&#8221;14px&#8221; border_width_bottom=&#8221;14px&#8221; border_width_left=&#8221;1px&#8221; border_color_left=&#8221;#323334&#8243; box_shadow_style=&#8221;preset4&#8243; box_shadow_horizontal=&#8221;3px&#8221; box_shadow_vertical=&#8221;4px&#8221; box_shadow_color=&#8221;#B5A166&#8243; global_colors_info=&#8221;{}&#8221; sticky_enabled=&#8221;0&#8243;]<\/p>\n<p>Comfort and healthy environment is natural nowadays, however can be boosted:<\/p>\n<p>The Koml\u00f3 Hotel\u2019s king sized beds have \u00a0extra sized\u00a0<strong>antiallergic and sunk free mattresses,<\/strong>\u00a0with\u00a0<strong>antiallergic bedclothes<\/strong>. UNIPROF floor cleaner and \u00d6KOLUX cleaning machine and POWERPROF high performance\u00a0<strong>cleaning sytem<\/strong>\u00a0is used whien cleaning the hotel, which passes the highest requirements and needs.<\/p>\n<p>&nbsp;<\/p>\n<p>For request, the Aeroguard 4S\u00a0<strong>air clening machine<\/strong>\u00a0can be placed in the room, which provides with clean, dust-free, animal fur-free air for those with allergy or respiratory illness or those who breath heavily. Eases the symptoms during the stay.<\/p>\n<p>In the northern part of the hotel, the\u00a0Superior rooms\u00a0are equipped with electric shutters, provided and produced by the\u00a0<a href=\"https:\/\/www.jola.hu\/\">JOLA Group<\/a>. The required setting can be reached with the\u00a0<strong>remote controller<\/strong>\u00a0which can be changed immediately any time with pressing only one button. The most important is the comfort of our guests therefore we do everything to provide that and not even the sunrise can disrupt them in resting.<\/p>\n<p>&nbsp;<\/p>\n<p>It is a must that you, your family and your belongings are in safe in the hotel. For this not only the 24\/7 personal service exists, we provide more:<\/p>\n<p><strong>Inclosed, free parking area<\/strong>\u00a0is provided only and exclusively for our guests. For the modern barriers the codes are given right after the reservation. To keep you belongings safe, there is a\u00a0<strong>safe<\/strong>\u00a0in every room where the guests can even place a laptop, giving your own code.<\/p>\n<p>[\/et_pb_text][et_pb_divider show_divider=&#8221;off&#8221; _builder_version=&#8221;4.20.2&#8243; _module_preset=&#8221;default&#8221; global_colors_info=&#8221;{}&#8221;][\/et_pb_divider][\/et_pb_column][\/et_pb_row][et_pb_row _builder_version=&#8221;4.20.2&#8243; _module_preset=&#8221;default&#8221; width=&#8221;16%&#8221; width_tablet=&#8221;34%&#8221; width_phone=&#8221;34%&#8221; width_last_edited=&#8221;on|phone&#8221; global_colors_info=&#8221;{}&#8221;][et_pb_column type=&#8221;4_4&#8243; _builder_version=&#8221;4.20.2&#8243; _module_preset=&#8221;default&#8221; global_colors_info=&#8221;{}&#8221;][et_pb_text module_class=&#8221;belso_artdeco_keret&#8221; _builder_version=&#8221;4.21.0&#8243; _module_preset=&#8221;default&#8221; hover_enabled=&#8221;0&#8243; header_2_font_size_tablet=&#8221;&#8221; header_2_font_size_phone=&#8221;1.5em&#8221; header_2_font_size_last_edited=&#8221;on|phone&#8221; global_colors_info=&#8221;{}&#8221; sticky_enabled=&#8221;0&#8243;]<\/p>\n<h2 style=\"text-align: center;\">GYULA MAP<\/h2>\n<p>[\/et_pb_text][\/et_pb_column][\/et_pb_row][et_pb_row _builder_version=&#8221;4.20.2&#8243; _module_preset=&#8221;default&#8221; global_colors_info=&#8221;{}&#8221;][et_pb_column type=&#8221;4_4&#8243; _builder_version=&#8221;4.20.2&#8243; _module_preset=&#8221;default&#8221; global_colors_info=&#8221;{}&#8221;][et_pb_image src=&#8221;https:\/\/komlohotelgyula.hu\/wp-content\/uploads\/gyula-terkep-1.jpg&#8221; title_text=&#8221;Gyula t\u00e9rk\u00e9p&#8221; _builder_version=&#8221;4.20.2&#8243; _module_preset=&#8221;default&#8221; global_colors_info=&#8221;{}&#8221;][\/et_pb_image][\/et_pb_column][\/et_pb_row][\/et_pb_section]<\/p>\n","protected":false},"excerpt":{"rendered":"<p>In July of 2016 the city of Gyula\u2019s very first and most attrocius Hotel opened it\u2019s gates again. After a break of nearly a quarter of a century Our guests can take the hotel again, which was named the 2nd most popular hotel of our county.\u00a0 During the restoration, the designers did their best to [&hellip;]<\/p>\n","protected":false},"author":2,"featured_media":0,"parent":0,"menu_order":0,"comment_status":"closed","ping_status":"closed","template":"","meta":{"_et_pb_use_builder":"on","_et_pb_old_content":"","_et_gb_content_width":"","footnotes":""},"class_list":["post-7907","page","type-page","status-publish","hentry"],"yoast_head":"<!-- This site is optimized with the Yoast SEO Premium plugin v27.2 (Yoast SEO v27.2) - https:\/\/yoast.com\/product\/yoast-seo-premium-wordpress\/ -->\n<title>Hotel Gyul\u00e1n. A Koml\u00f3 Hotel Gyula **** a leg\u00fajabb n\u00e9gcsillagos sz\u00e1lloda Gyul\u00e1n.<\/title>\n<meta name=\"description\" content=\"Hotel Gyul\u00e1n. Gyula leg\u00fajabb n\u00e9gycsillagos sz\u00e1llod\u00e1ja a Koml\u00f3 Hotel Gyula **** szeretettel v\u00e1rja vend\u00e9geit, igazi luxus \u00e9s elegancia!\" \/>\n<meta name=\"robots\" content=\"index, follow, max-snippet:-1, max-image-preview:large, max-video-preview:-1\" \/>\n<link rel=\"canonical\" href=\"https:\/\/komlohotelgyula.hu\/en\/hotel\/\" \/>\n<meta property=\"og:locale\" content=\"en_US\" \/>\n<meta property=\"og:type\" content=\"article\" \/>\n<meta property=\"og:title\" content=\"Hotel\" \/>\n<meta property=\"og:description\" content=\"Hotel Gyul\u00e1n. Gyula leg\u00fajabb n\u00e9gycsillagos sz\u00e1llod\u00e1ja a Koml\u00f3 Hotel Gyula **** szeretettel v\u00e1rja vend\u00e9geit, igazi luxus \u00e9s elegancia!\" \/>\n<meta property=\"og:url\" content=\"https:\/\/komlohotelgyula.hu\/en\/hotel\/\" \/>\n<meta property=\"og:site_name\" content=\"Koml\u00f3 Hotel Gyula\" \/>\n<meta property=\"article:publisher\" content=\"https:\/\/www.facebook.com\/KomloHotelGyula\/\" \/>\n<meta property=\"article:modified_time\" content=\"2023-08-09T11:03:51+00:00\" \/>\n<meta name=\"twitter:card\" content=\"summary_large_image\" \/>\n<meta name=\"twitter:label1\" content=\"Est. reading time\" \/>\n\t<meta name=\"twitter:data1\" content=\"5 minutes\" \/>\n<script type=\"application\/ld+json\" class=\"yoast-schema-graph\">{\"@context\":\"https:\/\/schema.org\",\"@graph\":[{\"@type\":\"WebPage\",\"@id\":\"https:\/\/komlohotelgyula.hu\/en\/hotel\/\",\"url\":\"https:\/\/komlohotelgyula.hu\/en\/hotel\/\",\"name\":\"Hotel Gyul\u00e1n. A Koml\u00f3 Hotel Gyula **** a leg\u00fajabb n\u00e9gcsillagos sz\u00e1lloda Gyul\u00e1n.\",\"isPartOf\":{\"@id\":\"https:\/\/komlohotelgyula.hu\/#website\"},\"datePublished\":\"2013-12-11T06:21:51+00:00\",\"dateModified\":\"2023-08-09T11:03:51+00:00\",\"description\":\"Hotel Gyul\u00e1n. Gyula leg\u00fajabb n\u00e9gycsillagos sz\u00e1llod\u00e1ja a Koml\u00f3 Hotel Gyula **** szeretettel v\u00e1rja vend\u00e9geit, igazi luxus \u00e9s elegancia!\",\"breadcrumb\":{\"@id\":\"https:\/\/komlohotelgyula.hu\/en\/hotel\/#breadcrumb\"},\"inLanguage\":\"en-US\",\"potentialAction\":[{\"@type\":\"ReadAction\",\"target\":[\"https:\/\/komlohotelgyula.hu\/en\/hotel\/\"]}]},{\"@type\":\"BreadcrumbList\",\"@id\":\"https:\/\/komlohotelgyula.hu\/en\/hotel\/#breadcrumb\",\"itemListElement\":[{\"@type\":\"ListItem\",\"position\":1,\"name\":\"Home\",\"item\":\"https:\/\/komlohotelgyula.hu\/en\/\"},{\"@type\":\"ListItem\",\"position\":2,\"name\":\"Hotel\"}]},{\"@type\":\"WebSite\",\"@id\":\"https:\/\/komlohotelgyula.hu\/#website\",\"url\":\"https:\/\/komlohotelgyula.hu\/\",\"name\":\"Koml\u00f3 Hotel Gyula\",\"description\":\"\",\"potentialAction\":[{\"@type\":\"SearchAction\",\"target\":{\"@type\":\"EntryPoint\",\"urlTemplate\":\"https:\/\/komlohotelgyula.hu\/?s={search_term_string}\"},\"query-input\":{\"@type\":\"PropertyValueSpecification\",\"valueRequired\":true,\"valueName\":\"search_term_string\"}}],\"inLanguage\":\"en-US\"}]}<\/script>\n<!-- \/ Yoast SEO Premium plugin. -->","yoast_head_json":{"title":"Hotel Gyul\u00e1n. A Koml\u00f3 Hotel Gyula **** a leg\u00fajabb n\u00e9gcsillagos sz\u00e1lloda Gyul\u00e1n.","description":"Hotel Gyul\u00e1n. Gyula leg\u00fajabb n\u00e9gycsillagos sz\u00e1llod\u00e1ja a Koml\u00f3 Hotel Gyula **** szeretettel v\u00e1rja vend\u00e9geit, igazi luxus \u00e9s elegancia!","robots":{"index":"index","follow":"follow","max-snippet":"max-snippet:-1","max-image-preview":"max-image-preview:large","max-video-preview":"max-video-preview:-1"},"canonical":"https:\/\/komlohotelgyula.hu\/en\/hotel\/","og_locale":"en_US","og_type":"article","og_title":"Hotel","og_description":"Hotel Gyul\u00e1n. Gyula leg\u00fajabb n\u00e9gycsillagos sz\u00e1llod\u00e1ja a Koml\u00f3 Hotel Gyula **** szeretettel v\u00e1rja vend\u00e9geit, igazi luxus \u00e9s elegancia!","og_url":"https:\/\/komlohotelgyula.hu\/en\/hotel\/","og_site_name":"Koml\u00f3 Hotel Gyula","article_publisher":"https:\/\/www.facebook.com\/KomloHotelGyula\/","article_modified_time":"2023-08-09T11:03:51+00:00","twitter_card":"summary_large_image","twitter_misc":{"Est. reading time":"5 minutes"},"schema":{"@context":"https:\/\/schema.org","@graph":[{"@type":"WebPage","@id":"https:\/\/komlohotelgyula.hu\/en\/hotel\/","url":"https:\/\/komlohotelgyula.hu\/en\/hotel\/","name":"Hotel Gyul\u00e1n. A Koml\u00f3 Hotel Gyula **** a leg\u00fajabb n\u00e9gcsillagos sz\u00e1lloda Gyul\u00e1n.","isPartOf":{"@id":"https:\/\/komlohotelgyula.hu\/#website"},"datePublished":"2013-12-11T06:21:51+00:00","dateModified":"2023-08-09T11:03:51+00:00","description":"Hotel Gyul\u00e1n. Gyula leg\u00fajabb n\u00e9gycsillagos sz\u00e1llod\u00e1ja a Koml\u00f3 Hotel Gyula **** szeretettel v\u00e1rja vend\u00e9geit, igazi luxus \u00e9s elegancia!","breadcrumb":{"@id":"https:\/\/komlohotelgyula.hu\/en\/hotel\/#breadcrumb"},"inLanguage":"en-US","potentialAction":[{"@type":"ReadAction","target":["https:\/\/komlohotelgyula.hu\/en\/hotel\/"]}]},{"@type":"BreadcrumbList","@id":"https:\/\/komlohotelgyula.hu\/en\/hotel\/#breadcrumb","itemListElement":[{"@type":"ListItem","position":1,"name":"Home","item":"https:\/\/komlohotelgyula.hu\/en\/"},{"@type":"ListItem","position":2,"name":"Hotel"}]},{"@type":"WebSite","@id":"https:\/\/komlohotelgyula.hu\/#website","url":"https:\/\/komlohotelgyula.hu\/","name":"Koml\u00f3 Hotel Gyula","description":"","potentialAction":[{"@type":"SearchAction","target":{"@type":"EntryPoint","urlTemplate":"https:\/\/komlohotelgyula.hu\/?s={search_term_string}"},"query-input":{"@type":"PropertyValueSpecification","valueRequired":true,"valueName":"search_term_string"}}],"inLanguage":"en-US"}]}},"_links":{"self":[{"href":"https:\/\/komlohotelgyula.hu\/en\/wp-json\/wp\/v2\/pages\/7907","targetHints":{"allow":["GET"]}}],"collection":[{"href":"https:\/\/komlohotelgyula.hu\/en\/wp-json\/wp\/v2\/pages"}],"about":[{"href":"https:\/\/komlohotelgyula.hu\/en\/wp-json\/wp\/v2\/types\/page"}],"author":[{"embeddable":true,"href":"https:\/\/komlohotelgyula.hu\/en\/wp-json\/wp\/v2\/users\/2"}],"replies":[{"embeddable":true,"href":"https:\/\/komlohotelgyula.hu\/en\/wp-json\/wp\/v2\/comments?post=7907"}],"version-history":[{"count":0,"href":"https:\/\/komlohotelgyula.hu\/en\/wp-json\/wp\/v2\/pages\/7907\/revisions"}],"wp:attachment":[{"href":"https:\/\/komlohotelgyula.hu\/en\/wp-json\/wp\/v2\/media?parent=7907"}],"curies":[{"name":"wp","href":"https:\/\/api.w.org\/{rel}","templated":true}]}}