{"id":7878,"date":"2017-03-30T06:18:18","date_gmt":"2017-03-30T04:18:18","guid":{"rendered":"https:\/\/www.komlohotelgyula.hu\/ajanlatkeres\/koszonjuk\/"},"modified":"2017-07-05T14:11:44","modified_gmt":"2017-07-05T12:11:44","slug":"thank-you","status":"publish","type":"page","link":"https:\/\/komlohotelgyula.hu\/en\/request-for-quotation\/thank-you\/","title":{"rendered":"Thank you"},"content":{"rendered":"<h3><\/h3>\n","protected":false},"excerpt":{"rendered":"","protected":false},"author":2,"featured_media":0,"parent":13955,"menu_order":0,"comment_status":"closed","ping_status":"closed","template":"","meta":{"_et_pb_use_builder":"","_et_pb_old_content":"","_et_gb_content_width":"","footnotes":""},"class_list":["post-7878","page","type-page","status-publish","hentry"],"yoast_head":"<!-- This site is optimized with the Yoast SEO Premium plugin v27.2 (Yoast SEO v27.2) - https:\/\/yoast.com\/product\/yoast-seo-premium-wordpress\/ -->\n<title>K\u00f6sz\u00f6nj\u00fck aj\u00e1nlatk\u00e9r\u00e9s\u00e9t - Koml\u00f3 Hotel Gyula<\/title>\n<meta name=\"description\" content=\"K\u00f6sz\u00f6nj\u00fck megkeres\u00e9s\u00e9t, munkat\u00e1rsunk hamarosan elk\u00e9sz\u00edti ig\u00e9nyeinek megfelel\u0151 szem\u00e9lyre szabott aj\u00e1nlat\u00e1t. V\u00e1rjuk sz\u00e1llod\u00e1nkban.\" \/>\n<meta name=\"robots\" content=\"noindex, nofollow\" \/>\n<meta property=\"og:locale\" content=\"en_US\" \/>\n<meta property=\"og:type\" content=\"article\" \/>\n<meta property=\"og:title\" content=\"Thank you\" \/>\n<meta property=\"og:description\" content=\"K\u00f6sz\u00f6nj\u00fck megkeres\u00e9s\u00e9t, munkat\u00e1rsunk hamarosan elk\u00e9sz\u00edti ig\u00e9nyeinek megfelel\u0151 szem\u00e9lyre szabott aj\u00e1nlat\u00e1t. V\u00e1rjuk sz\u00e1llod\u00e1nkban.\" \/>\n<meta property=\"og:url\" content=\"https:\/\/komlohotelgyula.hu\/en\/request-for-quotation\/thank-you\/\" \/>\n<meta property=\"og:site_name\" content=\"Koml\u00f3 Hotel Gyula\" \/>\n<meta property=\"article:publisher\" content=\"https:\/\/www.facebook.com\/KomloHotelGyula\/\" \/>\n<meta property=\"article:modified_time\" content=\"2017-07-05T12:11:44+00:00\" \/>\n<meta name=\"twitter:card\" content=\"summary_large_image\" \/>\n<script type=\"application\/ld+json\" class=\"yoast-schema-graph\">{\"@context\":\"https:\/\/schema.org\",\"@graph\":[{\"@type\":\"WebPage\",\"@id\":\"https:\/\/komlohotelgyula.hu\/en\/request-for-quotation\/thank-you\/\",\"url\":\"https:\/\/komlohotelgyula.hu\/en\/request-for-quotation\/thank-you\/\",\"name\":\"K\u00f6sz\u00f6nj\u00fck aj\u00e1nlatk\u00e9r\u00e9s\u00e9t - Koml\u00f3 Hotel Gyula\",\"isPartOf\":{\"@id\":\"https:\/\/komlohotelgyula.hu\/#website\"},\"datePublished\":\"2017-03-30T04:18:18+00:00\",\"dateModified\":\"2017-07-05T12:11:44+00:00\",\"description\":\"K\u00f6sz\u00f6nj\u00fck megkeres\u00e9s\u00e9t, munkat\u00e1rsunk hamarosan elk\u00e9sz\u00edti ig\u00e9nyeinek megfelel\u0151 szem\u00e9lyre szabott aj\u00e1nlat\u00e1t. V\u00e1rjuk sz\u00e1llod\u00e1nkban.\",\"breadcrumb\":{\"@id\":\"https:\/\/komlohotelgyula.hu\/en\/request-for-quotation\/thank-you\/#breadcrumb\"},\"inLanguage\":\"en-US\",\"potentialAction\":[{\"@type\":\"ReadAction\",\"target\":[\"https:\/\/komlohotelgyula.hu\/en\/request-for-quotation\/thank-you\/\"]}]},{\"@type\":\"BreadcrumbList\",\"@id\":\"https:\/\/komlohotelgyula.hu\/en\/request-for-quotation\/thank-you\/#breadcrumb\",\"itemListElement\":[{\"@type\":\"ListItem\",\"position\":1,\"name\":\"Home\",\"item\":\"https:\/\/komlohotelgyula.hu\/en\/\"},{\"@type\":\"ListItem\",\"position\":2,\"name\":\"Request for quotation\",\"item\":\"https:\/\/komlohotelgyula.hu\/en\/request-for-quotation\/\"},{\"@type\":\"ListItem\",\"position\":3,\"name\":\"Thank you\"}]},{\"@type\":\"WebSite\",\"@id\":\"https:\/\/komlohotelgyula.hu\/#website\",\"url\":\"https:\/\/komlohotelgyula.hu\/\",\"name\":\"Koml\u00f3 Hotel Gyula\",\"description\":\"\",\"potentialAction\":[{\"@type\":\"SearchAction\",\"target\":{\"@type\":\"EntryPoint\",\"urlTemplate\":\"https:\/\/komlohotelgyula.hu\/?s={search_term_string}\"},\"query-input\":{\"@type\":\"PropertyValueSpecification\",\"valueRequired\":true,\"valueName\":\"search_term_string\"}}],\"inLanguage\":\"en-US\"}]}<\/script>\n<!-- \/ Yoast SEO Premium plugin. -->","yoast_head_json":{"title":"K\u00f6sz\u00f6nj\u00fck aj\u00e1nlatk\u00e9r\u00e9s\u00e9t - Koml\u00f3 Hotel Gyula","description":"K\u00f6sz\u00f6nj\u00fck megkeres\u00e9s\u00e9t, munkat\u00e1rsunk hamarosan elk\u00e9sz\u00edti ig\u00e9nyeinek megfelel\u0151 szem\u00e9lyre szabott aj\u00e1nlat\u00e1t. V\u00e1rjuk sz\u00e1llod\u00e1nkban.","robots":{"index":"noindex","follow":"nofollow"},"og_locale":"en_US","og_type":"article","og_title":"Thank you","og_description":"K\u00f6sz\u00f6nj\u00fck megkeres\u00e9s\u00e9t, munkat\u00e1rsunk hamarosan elk\u00e9sz\u00edti ig\u00e9nyeinek megfelel\u0151 szem\u00e9lyre szabott aj\u00e1nlat\u00e1t. V\u00e1rjuk sz\u00e1llod\u00e1nkban.","og_url":"https:\/\/komlohotelgyula.hu\/en\/request-for-quotation\/thank-you\/","og_site_name":"Koml\u00f3 Hotel Gyula","article_publisher":"https:\/\/www.facebook.com\/KomloHotelGyula\/","article_modified_time":"2017-07-05T12:11:44+00:00","twitter_card":"summary_large_image","schema":{"@context":"https:\/\/schema.org","@graph":[{"@type":"WebPage","@id":"https:\/\/komlohotelgyula.hu\/en\/request-for-quotation\/thank-you\/","url":"https:\/\/komlohotelgyula.hu\/en\/request-for-quotation\/thank-you\/","name":"K\u00f6sz\u00f6nj\u00fck aj\u00e1nlatk\u00e9r\u00e9s\u00e9t - Koml\u00f3 Hotel Gyula","isPartOf":{"@id":"https:\/\/komlohotelgyula.hu\/#website"},"datePublished":"2017-03-30T04:18:18+00:00","dateModified":"2017-07-05T12:11:44+00:00","description":"K\u00f6sz\u00f6nj\u00fck megkeres\u00e9s\u00e9t, munkat\u00e1rsunk hamarosan elk\u00e9sz\u00edti ig\u00e9nyeinek megfelel\u0151 szem\u00e9lyre szabott aj\u00e1nlat\u00e1t. V\u00e1rjuk sz\u00e1llod\u00e1nkban.","breadcrumb":{"@id":"https:\/\/komlohotelgyula.hu\/en\/request-for-quotation\/thank-you\/#breadcrumb"},"inLanguage":"en-US","potentialAction":[{"@type":"ReadAction","target":["https:\/\/komlohotelgyula.hu\/en\/request-for-quotation\/thank-you\/"]}]},{"@type":"BreadcrumbList","@id":"https:\/\/komlohotelgyula.hu\/en\/request-for-quotation\/thank-you\/#breadcrumb","itemListElement":[{"@type":"ListItem","position":1,"name":"Home","item":"https:\/\/komlohotelgyula.hu\/en\/"},{"@type":"ListItem","position":2,"name":"Request for quotation","item":"https:\/\/komlohotelgyula.hu\/en\/request-for-quotation\/"},{"@type":"ListItem","position":3,"name":"Thank you"}]},{"@type":"WebSite","@id":"https:\/\/komlohotelgyula.hu\/#website","url":"https:\/\/komlohotelgyula.hu\/","name":"Koml\u00f3 Hotel Gyula","description":"","potentialAction":[{"@type":"SearchAction","target":{"@type":"EntryPoint","urlTemplate":"https:\/\/komlohotelgyula.hu\/?s={search_term_string}"},"query-input":{"@type":"PropertyValueSpecification","valueRequired":true,"valueName":"search_term_string"}}],"inLanguage":"en-US"}]}},"_links":{"self":[{"href":"https:\/\/komlohotelgyula.hu\/en\/wp-json\/wp\/v2\/pages\/7878","targetHints":{"allow":["GET"]}}],"collection":[{"href":"https:\/\/komlohotelgyula.hu\/en\/wp-json\/wp\/v2\/pages"}],"about":[{"href":"https:\/\/komlohotelgyula.hu\/en\/wp-json\/wp\/v2\/types\/page"}],"author":[{"embeddable":true,"href":"https:\/\/komlohotelgyula.hu\/en\/wp-json\/wp\/v2\/users\/2"}],"replies":[{"embeddable":true,"href":"https:\/\/komlohotelgyula.hu\/en\/wp-json\/wp\/v2\/comments?post=7878"}],"version-history":[{"count":0,"href":"https:\/\/komlohotelgyula.hu\/en\/wp-json\/wp\/v2\/pages\/7878\/revisions"}],"up":[{"embeddable":true,"href":"https:\/\/komlohotelgyula.hu\/en\/wp-json\/wp\/v2\/pages\/13955"}],"wp:attachment":[{"href":"https:\/\/komlohotelgyula.hu\/en\/wp-json\/wp\/v2\/media?parent=7878"}],"curies":[{"name":"wp","href":"https:\/\/api.w.org\/{rel}","templated":true}]}}