{"id":12943,"date":"2017-05-31T17:07:31","date_gmt":"2017-05-31T15:07:31","guid":{"rendered":"https:\/\/komlohotelgyula.hu\/focht-anita\/"},"modified":"2022-06-27T13:37:29","modified_gmt":"2022-06-27T11:37:29","slug":"focht-anita","status":"publish","type":"page","link":"https:\/\/komlohotelgyula.hu\/en\/focht-anita\/","title":{"rendered":"Focht Anita"},"content":{"rendered":"<p>Focht Anita gyulai sz\u00fclet\u00e9s\u0171 fest\u0151m\u0171v\u00e9sz, a Gyulai Alkot\u00f3k\u00f6r tagja. Hitvall\u00e1sa szerint nem \u00e9rteni, hanem \u00e9rezni kell a m\u0171v\u00e9szetet.<\/p>\n<p>\u00c9letrajz\u00e1r\u00f3l \u00e9s ki\u00e1ll\u00edt\u00e1sair\u00f3l a gal\u00e9ria alj\u00e1n\u00a0olvashatnak b\u0151vebben.<\/p>\n<p>&nbsp;<\/p>\n\n\t\t<style type=\"text\/css\">\n\t\t\t#gallery-1 {\n\t\t\t\tmargin: auto;\n\t\t\t}\n\t\t\t#gallery-1 .gallery-item {\n\t\t\t\tfloat: left;\n\t\t\t\tmargin-top: 10px;\n\t\t\t\ttext-align: center;\n\t\t\t\twidth: 50%;\n\t\t\t}\n\t\t\t#gallery-1 img {\n\t\t\t\tborder: 2px solid #cfcfcf;\n\t\t\t}\n\t\t\t#gallery-1 .gallery-caption {\n\t\t\t\tmargin-left: 0;\n\t\t\t}\n\t\t\t\/* see gallery_shortcode() in wp-includes\/media.php *\/\n\t\t<\/style>\n\t\t<div id='gallery-1' class='gallery galleryid-12943 gallery-columns-2 gallery-size-medium'><dl class='gallery-item'>\n\t\t\t<dt class='gallery-icon portrait'>\n\t\t\t\t<a href='https:\/\/komlohotelgyula.hu\/wp-content\/uploads\/FochtAnita-alarcban.jpg'><img loading=\"lazy\" decoding=\"async\" width=\"231\" height=\"300\" src=\"https:\/\/komlohotelgyula.hu\/wp-content\/uploads\/FochtAnita-alarcban-231x300.jpg\" class=\"attachment-medium size-medium\" alt=\"\" aria-describedby=\"gallery-1-12944\" \/><\/a>\n\t\t\t<\/dt>\n\t\t\t\t<dd class='wp-caption-text gallery-caption' id='gallery-1-12944'>\n\t\t\t\t\u00c1larcban (olaj) 50&#215;70 cm\t60.990.-Ft\n\t\t\t\t<\/dd><\/dl><dl class='gallery-item'>\n\t\t\t<dt class='gallery-icon landscape'>\n\t\t\t\t<a href='https:\/\/komlohotelgyula.hu\/wp-content\/uploads\/FochtAnita-rioi-karneval.jpg'><img loading=\"lazy\" decoding=\"async\" width=\"300\" height=\"216\" src=\"https:\/\/komlohotelgyula.hu\/wp-content\/uploads\/FochtAnita-rioi-karneval-300x216.jpg\" class=\"attachment-medium size-medium\" alt=\"\" aria-describedby=\"gallery-1-6977\" \/><\/a>\n\t\t\t<\/dt>\n\t\t\t\t<dd class='wp-caption-text gallery-caption' id='gallery-1-6977'>\n\t\t\t\tRi\u00f3i Karnev\u00e1l (olaj) 50&#215;70 cm\t60.990.-Ft\n\t\t\t\t<\/dd><\/dl><br style=\"clear: both\" \/><dl class='gallery-item'>\n\t\t\t<dt class='gallery-icon landscape'>\n\t\t\t\t<a href='https:\/\/komlohotelgyula.hu\/wp-content\/uploads\/FochtAnita-tancosno.jpg'><img loading=\"lazy\" decoding=\"async\" width=\"300\" height=\"221\" src=\"https:\/\/komlohotelgyula.hu\/wp-content\/uploads\/FochtAnita-tancosno-300x221.jpg\" class=\"attachment-medium size-medium\" alt=\"\" aria-describedby=\"gallery-1-6978\" \/><\/a>\n\t\t\t<\/dt>\n\t\t\t\t<dd class='wp-caption-text gallery-caption' id='gallery-1-6978'>\n\t\t\t\tT\u00e1ncosn\u0151 (olaj) 50&#215;70 cm\t60.990.-Ft\n\t\t\t\t<\/dd><\/dl><dl class='gallery-item'>\n\t\t\t<dt class='gallery-icon landscape'>\n\t\t\t\t<a href='https:\/\/komlohotelgyula.hu\/wp-content\/uploads\/FochtAnita-velencei-gondolas.jpg'><img loading=\"lazy\" decoding=\"async\" width=\"300\" height=\"195\" src=\"https:\/\/komlohotelgyula.hu\/wp-content\/uploads\/FochtAnita-velencei-gondolas-300x195.jpg\" class=\"attachment-medium size-medium\" alt=\"\" aria-describedby=\"gallery-1-6979\" \/><\/a>\n\t\t\t<\/dt>\n\t\t\t\t<dd class='wp-caption-text gallery-caption' id='gallery-1-6979'>\n\t\t\t\tVelencei gondol\u00e1s (olaj) 60&#215;100 cm\t83.490.-Ft\n\t\t\t\t<\/dd><\/dl><br style=\"clear: both\" \/>\n\t\t<\/div>\n\n<p>&nbsp;<\/p>\n<h3>\u00c9letrajz<\/h3>\n<p>Focht Anita vagyok, 1971-ben sz\u00fclettem Gyul\u00e1n. Rengeteg sz\u00e1llal k\u00f6t\u0151d\u00f6m Gyul\u00e1hoz, b\u00e1r m\u00e1r \u00f6t \u00e9ve nem itt \u00e9lek.\u00a0Igaz\u00e1n meghat\u00e1roz\u00f3 \u201eels\u0151 \u00e9lm\u00e9ny\u201d nincs az eml\u00e9kezetemben a k\u00e9pz\u0151m\u0171v\u00e9szettel vagy az alkot\u00e1ssal kapcsolatban. Gyerekkorom \u00f3ta szeretem rajzolgatni, \u00f6nmagam fejlesztettem technikai tud\u00e1som. K\u00e9s\u0151bb a sz\u00ednek megjelen\u00edt\u00e9se vonzott, \u00edgy r\u00e1tal\u00e1ltam az akvarellre \u00e9s az akril fest\u00e9szetre.<\/p>\n<p>Az alkot\u00e1sban c\u00e9ltudatos vagyok, a kit\u0171z\u00f6tt feladatban \u201em\u00e9lyre \u00e1sok\u201d. B\u00e1r c\u00e9ljaim viszonylag j\u00f3l\u00a0meghat\u00e1rozhat\u00f3ak egy k\u00e9p l\u00e9trehoz\u00e1sakor, m\u00e9gis ink\u00e1bb az oda vezet\u0151 \u00fat az, ami igaz\u00e1n fesz\u00fclts\u00e9gben tart, ami \u00e9lvezetes sz\u00e1momra. N\u00e9ha apr\u00f3l\u00e9kosan, n\u00e9ha nagyobb l\u00e9p\u00e9sekkel haladok, att\u00f3l f\u00fcgg\u0151en, mennyire izgat a t\u00e9ma (\u00e9s milyen t\u00fcrelmetlen\u00a0vagyok\u2026).<\/p>\n<p>Nem tartom magam fest\u0151nek vagy m\u0171v\u00e9sznek,- b\u00e1r egyik bar\u00e1tom a sportvil\u00e1g hasonlat\u00e1t hozta ellen\u00e9rvk\u00e9nt: \u201ea harmadoszt\u00e1lyban is focist\u00e1k vannak, nem lehet mindenki szt\u00e1r\u201d.\u00a0 J\u00f3magamhoz m\u00e9gis ink\u00e1bb Karinthy gondolata \u00e1ll k\u00f6zelebb: \u201eaz \u00edr\u00e1s nem ihlet, hanem \u00fclep k\u00e9rd\u00e9se\u201d. Hasonl\u00f3an gondolkodom a saj\u00e1t munk\u00e1imr\u00f3l is. Sz\u00e1momra kev\u00e9s az \u201eihletett \u00e1llapot\u201d, ink\u00e1bb tervek, bevillan\u00e1sok alapj\u00e1n, olykor kem\u00e9ny gondolati munk\u00e1val alak\u00edtom ki, majd fest\u00e9s k\u00f6zben finom\u00edtom a k\u00e9peim, hogy hasonl\u00edthasson arra, ami a fejemben megsz\u00fcletett.<\/p>\n<p>Az alkotott k\u00e9peimr\u0151l nem filozof\u00e1lgatok, hiszek abban, hogy nem \u00e9rteni, hanem \u00e9rezni kell \u0151ket. Hiszem, hogy a k\u00e9pz\u0151m\u0171v\u00e9szet olyan univerz\u00e1lis, ak\u00e1r a zene vagy a t\u00e1nc; amely metakommunikat\u00edv eszk\u00f6z\u00f6kkel \u00e9l \u00e9s nem kell k\u00f6zben k\u00e9rdezgetni, hogy ez vagy az a mozdulat vagy dallam mit jelent.<\/p>\n<p>\u00c1tengedem magamon \u00e9s eld\u0151l, hogy kellemes \u00e9rzetet kelt, vagy sem.<\/p>\n<p>Tagja vagyok egy amat\u0151r alkot\u00f3kb\u00f3l \u00e1ll\u00f3 csoportnak (Gyulai Alkot\u00f3k\u00f6r). 1997 \u00f3ta rendszeresen vannak ki\u00e1ll\u00edt\u00e1saim az orsz\u00e1g mindet ter\u00fclet\u00e9n. \u00d6r\u00f6m\u00f6mre, az ut\u00f3bbi 10 \u00e9vben Volent Kati grafikusm\u0171v\u00e9sz bar\u00e1tn\u0151mmel\u00a0 \u00a0gyakran k\u00f6z\u00f6s t\u00e1rlatokkal jelenhett\u00fcnk meg itt, Gyul\u00e1n is.<\/p>\n<p>&nbsp;<\/p>\n<h3>Ki\u00e1ll\u00edt\u00e1saim:<\/h3>\n<p style=\"padding-left: 30px;\">1997. Szeksz\u00e1rd, Eg\u00e9szs\u00e9g\u00fcgyben Dolgoz\u00f3 Amat\u0151r M\u0171v\u00e9szek Orsz\u00e1gos Tal\u00e1lkoz\u00f3ja<br \/>\n1998. Gyula, Eg\u00e9szs\u00e9g\u00fcgyben Dolgoz\u00f3 Amat\u0151r M\u0171v\u00e9szek Orsz\u00e1gos Tal\u00e1lkoz\u00f3ja<br \/>\n1999. Kecskem\u00e9t, Eg\u00e9szs\u00e9g\u00fcgyben Dolgoz\u00f3 Amat\u0151r M\u0171v\u00e9szek Orsz\u00e1gos Tal\u00e1lkoz\u00f3ja<br \/>\n2002. Gyula, P\u00e1ndy Gal\u00e9ria: \u201eEls\u0151\u201d grafikai ki\u00e1ll\u00edt\u00e1s<br \/>\n2002. Gyula, Galamb\u00fati Id\u0151sek Otthona: \u201eEgy\u00fctt\u201d, t\u00e1rski\u00e1ll\u00edt\u00e1s Heuschmidt Zita alkot\u00f3val<br \/>\n2003. Gyula, Am\u00e1lia Cukr\u00e1szda-Gal\u00e9ria: \u201eGal\u00e9riaversek\u201d, t\u00e1rski\u00e1ll\u00edt\u00e1s Utassyn\u00e9 Nagy Marg\u00f3 alkot\u00f3val<br \/>\n2003 Sarkad, V\u00e1rosi K\u00f6nyvt\u00e1r: \u201eGal\u00e9riaversek\u201d t\u00e1rlat \u00e9s k\u00f6nyvbemutat\u00f3,\u00a0t\u00e1rski\u00e1ll\u00edt\u00e1s\u00a0Utassyn\u00e9 Nagy<br \/>\nMarg\u00f3 alkot\u00f3val<br \/>\n2003. Gyula, 3. sz. V\u00e1ri ABC Kirakatgal\u00e9ria<br \/>\n2003. Gyula, Eminescu \u00fati Id\u0151sek Otthona, Kisgal\u00e9ria: \u201eGal\u00e9riaversek\u201d,\u00a0t\u00e1rski\u00e1ll\u00edt\u00e1s\u00a0Utassyn\u00e9 Nagy<br \/>\nMarg\u00f3 alkot\u00f3val<br \/>\n2003. V\u00e9szt\u0151, V\u00e1rosi K\u00f6nyvt\u00e1r: \u201eR\u00f6gt\u00f6nz\u00e9sek\u201d t\u00e1rlat, K\u00f6lt\u00e9szet-napi k\u00f6nyvbemutat\u00f3 Utassyn\u00e9 Nagy<br \/>\nMarg\u00f3 alkot\u00f3val<br \/>\n2003. Gyula, F\u0151v\u00e1rosi \u00d6nkorm\u00e1nyzat Id\u0151sek Otthona, \u0150szi M\u0171v\u00e9szeti Napok<br \/>\n2004. Sarkad, Bart\u00f3k B\u00e9la M\u0171vel\u0151d\u00e9si Otthon: \u201e\u00dcvegk\u00e9pek\u201d<br \/>\n2004. Gyula, Am\u00e1lia Cukr\u00e1szda-Gal\u00e9ria: \u201eHaj\u00f3k \u00e9s vil\u00e1g\u00edt\u00f3tornyok\u201d, t\u00e1rski\u00e1ll\u00edt\u00e1s\u00a0Heuschmidt Zita<br \/>\nalkot\u00f3val<br \/>\n2004. Nagyszalonta, Arany J\u00e1nos m\u00fazeum \u00e9s\u00a0Teodor Ne\u015f Munic\u00edpiumi K\u00f6nyvt\u00e1r: \u201eR\u00f6gt\u00f6nz\u00e9sek\u201d t\u00e1rlat<br \/>\n\u00e9s k\u00f6nyvbemutat\u00f3 Utassyn\u00e9 Marg\u00f3 alkot\u00f3val<br \/>\n2004. Gyula, Posta Gal\u00e9ria, Gyermeknapi m\u0171sor \u00e9s ki\u00e1ll\u00edt\u00e1s<br \/>\n2004. Gyula, P\u00e1ndy Gal\u00e9ria, \u201eTavaszv\u00e1r\u00f3\u201d, versbemutat\u00f3 \u00e9s ki\u00e1ll\u00edt\u00e1s Utassyn\u00e9 Nagy Marg\u00f3 alkot\u00f3val<br \/>\n2006, Gyula, M\u0171vel\u0151d\u00e9si h\u00e1z, &#8220;Kultur\u00e1lis laborat\u00f3rium&#8221; A GYAK\u00a0(Gyulai Alkot\u00f3k\u00f6r)\u00a010 \u00e9ves jubileumi<br \/>\nki\u00e1ll\u00edt\u00e1sa<br \/>\n2006. Gyula, Tessedik S\u00e1muel F\u0151iskola Eg\u00e9szs\u00e9g\u00fcgyi Kar\u00e1nak KirakA\u00aet Gal\u00e9ri\u00e1ja:<br \/>\n\u201eN\u00e9gykezes\u201d,t\u00e1rski\u00e1ll\u00edt\u00e1s\u00a0Volent Kati grafikusm\u0171v\u00e9sszel<br \/>\n2006. Gyula, P\u00e1ndy Gal\u00e9ria: 10 \u00e9ves Jubileumi GYAK\u00a0ki\u00e1ll\u00edt\u00e1s<br \/>\n2007. Budapest, Zugl\u00f3: GYAK \u00a0bemutatkoz\u00f3 t\u00e1rlat<br \/>\n2008. Gyula, F\u0151v\u00e1rosi \u00d6nkorm\u00e1nyzat Id\u0151sek Otthona, \u0150szi M\u0171v\u00e9szeti Napok<br \/>\n2008. Gyula, Posta Gal\u00e9ria: \u201eA vizek \u00e9ve\u201d t\u00e1rski\u00e1ll\u00edt\u00e1s Volent Kati grafikusm\u0171v\u00e9sszel<br \/>\n2008. Gyula, Posta Gal\u00e9ria: \u201eA benn\u00fcnk \u00e9l\u0151 N\u0151\u201d , t\u00e1rski\u00e1ll\u00edt\u00e1s Korponai Elza k\u00f6lt\u0151n\u0151vel<br \/>\n2008. Gyula, Civil Egyes\u00fclet H\u00e1za: GYAK t\u00e1rlat<br \/>\n2009. Gyula, Posta Gal\u00e9ria: \u201eKarnev\u00e1l\u201d t\u00e1rski\u00e1ll\u00edt\u00e1s Volent Kati\u00a0grafikusm\u0171v\u00e9sszel<br \/>\n2009. Gyula, Elizabeth Hotel<br \/>\n2009. Gyula, Evang\u00e9leikus Templom: \u201eOtthonom, Gyula \u201et\u00e1rski\u00e1ll\u00edt\u00e1s Volent Kati\u00a0grafikusm\u0171v\u00e9sszel<br \/>\n2010. Gyula, F\u0151v\u00e1rosi \u00d6nkorm\u00e1nyzat Id\u0151sek Otthona, Tavaszi m\u0171v\u00e9szetek hete<br \/>\n2010. Gyula, P\u00e1ndy Gal\u00e9ria, &#8220;Mediterr\u00e1n hangulatok&#8221; Volent\u00a0Kati\u00a0grafikusm\u0171v\u00e9sszel<br \/>\n2011. Gyula, M\u0171vel\u0151d\u00e9si H\u00e1z, &#8220;Arcok \u00e9s vallom\u00e1sok&#8221; Volent Kati\u00a0grafikusm\u0171v\u00e9sszel<br \/>\n2011. Gyula, M\u0171vel\u0151d\u00e9si H\u00e1z, &#8220;Si-Ma t\u00e1rlat&#8221;(Simonyi Imre \u00e9s M\u00e1rai S\u00e1ndor a k\u00f6lt\u00e9szet napj\u00e1n&#8230;)<br \/>\nk\u00f6z\u00f6s t\u00e1rlat a GYAK alkot\u00f3ival<br \/>\n2011. Egerszal\u00f3k, XXXIII. K\u00f3rh\u00e1zsz\u00f6vets\u00e9g Gy\u0171l\u00e9sen: &#8220;Eg\u00e9szs\u00e9g\u00fcgy g\u00f6ngyszemei&#8221; orsz\u00e1gos alkot\u00f3i<br \/>\nt\u00e1rlat<br \/>\n2012. Gyula, Posta Gal\u00e9ria: \u00a0&#8220;KitekintR\u00e9s&#8221; &#8211; k\u00f6z\u00f6s fot\u00f3ki\u00e1ll\u00edt\u00e1s Berecz Ildik\u00f3 fot\u00f3ssal<br \/>\n2012. Gyula, Posta Gal\u00e9ria: &#8220;Photographica Ludens&#8221; &#8211; K\u00f6z\u00f6s fot\u00f3grafikai ki\u00e1ll\u00edt\u00e1s Berecz Ildilk\u00f3<br \/>\nfot\u00f3ssal<br \/>\n2013. Tatab\u00e1nya, V\u00e9rtes Ag\u00f3r\u00e1ja Kort\u00e1rs Gal\u00e9ria, \u0150szi t\u00e1rlat \u00a0csoportos ki\u00e1ll\u00edt\u00e1s<br \/>\n2014. Gyula, Posta Gal\u00e9ria: &#8220;Utaz\u00e1saink&#8221; t\u00e1rski\u00e1ll\u00edt\u00e1s Volent Katalin fest\u0151 \u00e9s grafikusm\u0171v\u00e9sszel<br \/>\n(tril\u00f3gia I.)<br \/>\n2014. Gyula, M\u0171vel\u0151d\u00e9si H\u00e1z: &#8220;Bels\u0151 \u00fatjaink&#8221; t\u00e1rski\u00e1ll\u00edt\u00e1s Volent Kati fest\u0151 \u00e9s grafikusm\u0171v\u00e9sszel<br \/>\n(tril\u00f3gia II.)<br \/>\n2014.Gyula, Gyulai V\u00e1r :&#8221;Barangol\u00e1sok Gyul\u00e1n&#8221; t\u00e1rski\u00e1ll\u00edt\u00e1s Volent Kati fest\u0151 \u00e9s grafikusm\u0171v\u00e9sszel<br \/>\n(tril\u00f3gia III.)<br \/>\n2015. Gyula, Koh\u00e1n K\u00e9pt\u00e1r &#8220;Koh\u00e1n \u00e9s \u00e9n&#8221; \u00a0csoportos ki\u00e1ll\u00edt\u00e1s a GYAK tagjaival<br \/>\n2015.\u00a0Szeged, Forr\u00e1s Hotel &#8220;Gyula \u00e9s Szeged&#8221; mini t\u00e1rlat az MRE \u00e9s MRSZE III. Orsz\u00e1gos<br \/>\nKongresszus\u00e1n<br \/>\n2016. Gyula, M\u0171vel\u0151d\u00e9si H\u00e1z: &#8220;F\u00e9nyeink&#8221; t\u00e1rski\u00e1ll\u00edt\u00e1s Volent Kati fest\u0151 \u00e9s grafikusm\u0171v\u00e9sszel<br \/>\n2016. Gyula, Erkel Ferenc M\u0171vel\u0151d\u00e9si H\u00e1z: minit\u00e1rlat az MRE \u00e9s MRSZE IV. Orsz\u00e1gos<br \/>\nKongresszus\u00e1n<br \/>\n2017. Budapest, Lipt\u00e1k Villa: &#8220;Karnev\u00e1li hangulatok&#8221; t\u00e1rski\u00e1ll\u00edt\u00e1s Volent Kati fest\u0151 \u00e9s<br \/>\ngrafikusm\u0171v\u00e9sszel<br \/>\n2017. Gyula: Erkel Ferenc M\u0171vel\u0151d\u00e9si H\u00e1z: &#8220;\u00cdr\u00f3k, k\u00f6lt\u0151k, m\u0171v\u00e9szek&#8221; t\u00e1rski\u00e1ll\u00edt\u00e1s Volent Kati<br \/>\ngrafikusm\u0171v\u00e9sszel \u00e9s tan\u00edtv\u00e1ny\u00e1val Misink\u00f3 Kat\u00e1val<\/p>\n","protected":false},"excerpt":{"rendered":"<p>Focht Anita gyulai sz\u00fclet\u00e9s\u0171 fest\u0151m\u0171v\u00e9sz, a Gyulai Alkot\u00f3k\u00f6r tagja. Hitvall\u00e1sa szerint nem \u00e9rteni, hanem \u00e9rezni kell a m\u0171v\u00e9szetet. \u00c9letrajz\u00e1r\u00f3l \u00e9s ki\u00e1ll\u00edt\u00e1sair\u00f3l a gal\u00e9ria alj\u00e1n\u00a0olvashatnak b\u0151vebben. &nbsp; &nbsp; \u00c9letrajz Focht Anita vagyok, 1971-ben sz\u00fclettem Gyul\u00e1n. Rengeteg sz\u00e1llal k\u00f6t\u0151d\u00f6m Gyul\u00e1hoz, b\u00e1r m\u00e1r \u00f6t \u00e9ve nem itt \u00e9lek.\u00a0Igaz\u00e1n meghat\u00e1roz\u00f3 \u201eels\u0151 \u00e9lm\u00e9ny\u201d nincs az eml\u00e9kezetemben a k\u00e9pz\u0151m\u0171v\u00e9szettel vagy az [&hellip;]<\/p>\n","protected":false},"author":2,"featured_media":0,"parent":0,"menu_order":0,"comment_status":"closed","ping_status":"closed","template":"","meta":{"_et_pb_use_builder":"","_et_pb_old_content":"","_et_gb_content_width":"","footnotes":""},"class_list":["post-12943","page","type-page","status-publish","hentry"],"yoast_head":"<!-- This site is optimized with the Yoast SEO Premium plugin v27.2 (Yoast SEO v27.2) - https:\/\/yoast.com\/product\/yoast-seo-premium-wordpress\/ -->\n<title>Focht Anita - Koml\u00f3 Hotel Gyula<\/title>\n<meta name=\"robots\" content=\"index, follow, max-snippet:-1, max-image-preview:large, max-video-preview:-1\" \/>\n<link rel=\"canonical\" href=\"https:\/\/komlohotelgyula.hu\/en\/focht-anita\/\" \/>\n<meta property=\"og:locale\" content=\"en_US\" \/>\n<meta property=\"og:type\" content=\"article\" \/>\n<meta property=\"og:title\" content=\"Focht Anita\" \/>\n<meta property=\"og:description\" content=\"Focht Anita gyulai sz\u00fclet\u00e9s\u0171 fest\u0151m\u0171v\u00e9sz, a Gyulai Alkot\u00f3k\u00f6r tagja. Hitvall\u00e1sa szerint nem \u00e9rteni, hanem \u00e9rezni kell a m\u0171v\u00e9szetet. \u00c9letrajz\u00e1r\u00f3l \u00e9s ki\u00e1ll\u00edt\u00e1sair\u00f3l a gal\u00e9ria alj\u00e1n\u00a0olvashatnak b\u0151vebben. &nbsp; &nbsp; \u00c9letrajz Focht Anita vagyok, 1971-ben sz\u00fclettem Gyul\u00e1n. Rengeteg sz\u00e1llal k\u00f6t\u0151d\u00f6m Gyul\u00e1hoz, b\u00e1r m\u00e1r \u00f6t \u00e9ve nem itt \u00e9lek.\u00a0Igaz\u00e1n meghat\u00e1roz\u00f3 \u201eels\u0151 \u00e9lm\u00e9ny\u201d nincs az eml\u00e9kezetemben a k\u00e9pz\u0151m\u0171v\u00e9szettel vagy az [&hellip;]\" \/>\n<meta property=\"og:url\" content=\"https:\/\/komlohotelgyula.hu\/en\/focht-anita\/\" \/>\n<meta property=\"og:site_name\" content=\"Koml\u00f3 Hotel Gyula\" \/>\n<meta property=\"article:publisher\" content=\"https:\/\/www.facebook.com\/KomloHotelGyula\/\" \/>\n<meta property=\"article:modified_time\" content=\"2022-06-27T11:37:29+00:00\" \/>\n<meta property=\"og:image\" content=\"https:\/\/komlohotelgyula.hu\/images\/FochtAnita-alarcban-231x300.jpg\" \/>\n<meta name=\"twitter:card\" content=\"summary_large_image\" \/>\n<meta name=\"twitter:label1\" content=\"Est. reading time\" \/>\n\t<meta name=\"twitter:data1\" content=\"6 minutes\" \/>\n<script type=\"application\/ld+json\" class=\"yoast-schema-graph\">{\"@context\":\"https:\/\/schema.org\",\"@graph\":[{\"@type\":\"WebPage\",\"@id\":\"https:\/\/komlohotelgyula.hu\/en\/focht-anita\/\",\"url\":\"https:\/\/komlohotelgyula.hu\/en\/focht-anita\/\",\"name\":\"Focht Anita - Koml\u00f3 Hotel Gyula\",\"isPartOf\":{\"@id\":\"https:\/\/komlohotelgyula.hu\/#website\"},\"datePublished\":\"2017-05-31T15:07:31+00:00\",\"dateModified\":\"2022-06-27T11:37:29+00:00\",\"breadcrumb\":{\"@id\":\"https:\/\/komlohotelgyula.hu\/en\/focht-anita\/#breadcrumb\"},\"inLanguage\":\"en-US\",\"potentialAction\":[{\"@type\":\"ReadAction\",\"target\":[\"https:\/\/komlohotelgyula.hu\/en\/focht-anita\/\"]}]},{\"@type\":\"BreadcrumbList\",\"@id\":\"https:\/\/komlohotelgyula.hu\/en\/focht-anita\/#breadcrumb\",\"itemListElement\":[{\"@type\":\"ListItem\",\"position\":1,\"name\":\"Home\",\"item\":\"https:\/\/komlohotelgyula.hu\/en\/\"},{\"@type\":\"ListItem\",\"position\":2,\"name\":\"Focht Anita\"}]},{\"@type\":\"WebSite\",\"@id\":\"https:\/\/komlohotelgyula.hu\/#website\",\"url\":\"https:\/\/komlohotelgyula.hu\/\",\"name\":\"Koml\u00f3 Hotel Gyula\",\"description\":\"\",\"potentialAction\":[{\"@type\":\"SearchAction\",\"target\":{\"@type\":\"EntryPoint\",\"urlTemplate\":\"https:\/\/komlohotelgyula.hu\/?s={search_term_string}\"},\"query-input\":{\"@type\":\"PropertyValueSpecification\",\"valueRequired\":true,\"valueName\":\"search_term_string\"}}],\"inLanguage\":\"en-US\"}]}<\/script>\n<!-- \/ Yoast SEO Premium plugin. -->","yoast_head_json":{"title":"Focht Anita - Koml\u00f3 Hotel Gyula","robots":{"index":"index","follow":"follow","max-snippet":"max-snippet:-1","max-image-preview":"max-image-preview:large","max-video-preview":"max-video-preview:-1"},"canonical":"https:\/\/komlohotelgyula.hu\/en\/focht-anita\/","og_locale":"en_US","og_type":"article","og_title":"Focht Anita","og_description":"Focht Anita gyulai sz\u00fclet\u00e9s\u0171 fest\u0151m\u0171v\u00e9sz, a Gyulai Alkot\u00f3k\u00f6r tagja. Hitvall\u00e1sa szerint nem \u00e9rteni, hanem \u00e9rezni kell a m\u0171v\u00e9szetet. \u00c9letrajz\u00e1r\u00f3l \u00e9s ki\u00e1ll\u00edt\u00e1sair\u00f3l a gal\u00e9ria alj\u00e1n\u00a0olvashatnak b\u0151vebben. &nbsp; &nbsp; \u00c9letrajz Focht Anita vagyok, 1971-ben sz\u00fclettem Gyul\u00e1n. Rengeteg sz\u00e1llal k\u00f6t\u0151d\u00f6m Gyul\u00e1hoz, b\u00e1r m\u00e1r \u00f6t \u00e9ve nem itt \u00e9lek.\u00a0Igaz\u00e1n meghat\u00e1roz\u00f3 \u201eels\u0151 \u00e9lm\u00e9ny\u201d nincs az eml\u00e9kezetemben a k\u00e9pz\u0151m\u0171v\u00e9szettel vagy az [&hellip;]","og_url":"https:\/\/komlohotelgyula.hu\/en\/focht-anita\/","og_site_name":"Koml\u00f3 Hotel Gyula","article_publisher":"https:\/\/www.facebook.com\/KomloHotelGyula\/","article_modified_time":"2022-06-27T11:37:29+00:00","og_image":[{"url":"https:\/\/komlohotelgyula.hu\/images\/FochtAnita-alarcban-231x300.jpg","type":"","width":"","height":""}],"twitter_card":"summary_large_image","twitter_misc":{"Est. reading time":"6 minutes"},"schema":{"@context":"https:\/\/schema.org","@graph":[{"@type":"WebPage","@id":"https:\/\/komlohotelgyula.hu\/en\/focht-anita\/","url":"https:\/\/komlohotelgyula.hu\/en\/focht-anita\/","name":"Focht Anita - Koml\u00f3 Hotel Gyula","isPartOf":{"@id":"https:\/\/komlohotelgyula.hu\/#website"},"datePublished":"2017-05-31T15:07:31+00:00","dateModified":"2022-06-27T11:37:29+00:00","breadcrumb":{"@id":"https:\/\/komlohotelgyula.hu\/en\/focht-anita\/#breadcrumb"},"inLanguage":"en-US","potentialAction":[{"@type":"ReadAction","target":["https:\/\/komlohotelgyula.hu\/en\/focht-anita\/"]}]},{"@type":"BreadcrumbList","@id":"https:\/\/komlohotelgyula.hu\/en\/focht-anita\/#breadcrumb","itemListElement":[{"@type":"ListItem","position":1,"name":"Home","item":"https:\/\/komlohotelgyula.hu\/en\/"},{"@type":"ListItem","position":2,"name":"Focht Anita"}]},{"@type":"WebSite","@id":"https:\/\/komlohotelgyula.hu\/#website","url":"https:\/\/komlohotelgyula.hu\/","name":"Koml\u00f3 Hotel Gyula","description":"","potentialAction":[{"@type":"SearchAction","target":{"@type":"EntryPoint","urlTemplate":"https:\/\/komlohotelgyula.hu\/?s={search_term_string}"},"query-input":{"@type":"PropertyValueSpecification","valueRequired":true,"valueName":"search_term_string"}}],"inLanguage":"en-US"}]}},"_links":{"self":[{"href":"https:\/\/komlohotelgyula.hu\/en\/wp-json\/wp\/v2\/pages\/12943","targetHints":{"allow":["GET"]}}],"collection":[{"href":"https:\/\/komlohotelgyula.hu\/en\/wp-json\/wp\/v2\/pages"}],"about":[{"href":"https:\/\/komlohotelgyula.hu\/en\/wp-json\/wp\/v2\/types\/page"}],"author":[{"embeddable":true,"href":"https:\/\/komlohotelgyula.hu\/en\/wp-json\/wp\/v2\/users\/2"}],"replies":[{"embeddable":true,"href":"https:\/\/komlohotelgyula.hu\/en\/wp-json\/wp\/v2\/comments?post=12943"}],"version-history":[{"count":0,"href":"https:\/\/komlohotelgyula.hu\/en\/wp-json\/wp\/v2\/pages\/12943\/revisions"}],"wp:attachment":[{"href":"https:\/\/komlohotelgyula.hu\/en\/wp-json\/wp\/v2\/media?parent=12943"}],"curies":[{"name":"wp","href":"https:\/\/api.w.org\/{rel}","templated":true}]}}